{"id":9003,"date":"2022-01-18T19:37:30","date_gmt":"2022-01-18T19:37:30","guid":{"rendered":"https:\/\/sipm.es\/polityka-prywatnosci-2\/"},"modified":"2022-01-18T19:37:31","modified_gmt":"2022-01-18T19:37:31","slug":"polityka-prywatnosci-2","status":"publish","type":"page","link":"https:\/\/sipm.es\/pl\/polityka-prywatnosci-2\/","title":{"rendered":"Polityka prywatno\u015bci"},"content":{"rendered":"<section class=\"l-section wpb_row height_medium\"><div class=\"l-section-h i-cf\"><div class=\"g-cols vc_row type_default valign_top\"><div class=\"vc_col-sm-12 wpb_column vc_column_container\"><div class=\"vc_column-inner\"><div class=\"wpb_wrapper\">\r\n\t<div class=\"wpb_text_column \">\r\n\t\t<div class=\"wpb_wrapper\">\r\n\t\t\t<p>POLITYKA PRYWATNO\u015aCI<\/p>\n<p>    INFORMACJE O U\u017bYTKOWNIKU<\/p>\n<p>Kto odpowiada za przetwarzanie Twoich danych osobowych?<\/p>\n<p>FARSHAD SHIRI PAHLEVANI jest ODPOWIEDZIALNY za przetwarzanie danych osobowych U\u017bYTKOWNIKA i informuje, \u017ce dane te b\u0119d\u0105 przetwarzane zgodnie z przepisami Rozporz\u0105dzenia (UE) 2016\/679 z dnia 27 kwietnia (RODO) oraz Ustawy Organicznej 3\/2018 , z dnia 5 grudnia (LOPDGDD).<\/p>\n<p>Dlaczego traktujemy Twoje dane osobowe?<\/p>\n<p>Aby utrzyma\u0107 relacje biznesowe z u\u017cytkownikiem. Operacje planowane do przeprowadzenia zabiegu to:<\/p>\n<p>Odpuszczanie komercyjnych komunikat\u00f3w reklamowych za po\u015brednictwem poczty elektronicznej, faksu, SMS-\u00f3w, MMS-\u00f3w, sieci spo\u0142eczno\u015bciowych lub wszelkich innych \u015brodk\u00f3w elektronicznych lub fizycznych, obecnych lub przysz\u0142ych, kt\u00f3re umo\u017cliwiaj\u0105 prowadzenie komunikat\u00f3w handlowych. Informacje te b\u0119d\u0105 przekazywane przez ODPOWIEDZIALNEGO i b\u0119d\u0105 dotyczy\u0107 produkt\u00f3w i us\u0142ug firmy lub jej wsp\u00f3\u0142pracownik\u00f3w lub dostawc\u00f3w, z kt\u00f3rymi zawar\u0142 umow\u0119 promocyjn\u0105. W takim przypadku osoby trzecie nigdy nie b\u0119d\u0105 mia\u0142y dost\u0119pu do danych osobowych.<\/p>\n<p>Przeprowadzaj badania rynku i analizy statystyczne.<\/p>\n<p>Przetwarza\u0107 zam\u00f3wienia, pro\u015bby, odpowiada\u0107 na zapytania lub wszelkiego rodzaju \u017c\u0105dania zg\u0142aszane przez U\u017bYTKOWNIKA za po\u015brednictwem dowolnego z formularzy kontaktowych, kt\u00f3re s\u0105 dost\u0119pne na stronie ODPOWIEDZIALNEGO.<\/p>\n<p>Wysy\u0142aj newsletter online, o nowo\u015bciach, ofertach i promocjach w naszej dzia\u0142alno\u015bci.<\/p>\n<p>Z jakiego powodu mo\u017cemy przetwarza\u0107 Twoje dane osobowe?<\/p>\n<p>Poniewa\u017c leczenie jest usankcjonowane przez art. 6 RODO w nast\u0119puj\u0105cy spos\u00f3b:<\/p>\n<p>Za zgod\u0105 U\u017bYTKOWNIKA: przesy\u0142anie informacji handlowych i newslettera.<\/p>\n<p>Ze wzgl\u0119du na prawnie uzasadniony interes ADMINISTRATORA: przeprowadzanie bada\u0144 rynkowych, analiz statystycznych itp. i przetwarza\u0107 zam\u00f3wienia, pro\u015bby itp. na \u017c\u0105danie U\u017bYTKOWNIKA.<\/p>\n<p>Jak d\u0142ugo b\u0119dziemy przechowywa\u0107 Twoje dane osobowe?<\/p>\n<p>B\u0119d\u0105 one przechowywane nie d\u0142u\u017cej ni\u017c jest to konieczne do zako\u0144czenia leczenia lub istniej\u0105 wymogi prawne, kt\u00f3re nakazuj\u0105 ich piecz\u0119, a gdy nie jest to ju\u017c konieczne, zostan\u0105 usuni\u0119te przy zastosowaniu odpowiednich \u015brodk\u00f3w bezpiecze\u0144stwa, aby zagwarantowa\u0107 anonimizacj\u0119 danych lub ca\u0142kowite zniszczenie tego samego.<\/p>\n<p>Komu przekazujemy Twoje dane osobowe?<\/p>\n<p>Nie planuje si\u0119 przekazywania danych osobowych stronom trzecim, z wyj\u0105tkiem, je\u015bli jest to konieczne do opracowania i realizacji cel\u00f3w leczenia, naszym us\u0142ugodawcom zwi\u0105zanym z komunikacj\u0105, z kt\u00f3rymi ODPOWIEDZIALNY podpisa\u0142 umowy o zachowaniu poufno\u015bci i zarz\u0105dzaniu danymi. aktualne przepisy dotycz\u0105ce prywatno\u015bci.<\/p>\n<p>FARSHAD SHIRI PAHLEVANI<\/p>\n<p>    dwa<\/p>\n<p>FARSHAD SHIRI PAHLEVANI<\/p>\n<p>C\/ PERPETUA SOCORRO, 33 \u2013 1\u00ba G 03160 ALMORADI (Alacant)<\/p>\n<p>Jakie masz prawa?<\/p>\n<p>Prawa, kt\u00f3re pomagaj\u0105 U\u017bYTKOWNIKOWI to:<\/p>\n<p>Prawo do wycofania zgody w dowolnym momencie.<\/p>\n<p>Prawo dost\u0119pu, poprawiania, przenoszenia i usuwania Twoich danych oraz ograniczenia lub sprzeciwu wobec ich przetwarzania.<\/p>\n<p>Prawo do wniesienia skargi do organu kontrolnego (www.aepd.es), je\u015bli uwa\u017casz, \u017ce leczenie nie jest zgodne z obowi\u0105zuj\u0105cymi przepisami.<\/p>\n<p>Dane kontaktowe w celu skorzystania z przys\u0142uguj\u0105cych Ci praw:<\/p>\n<p>FARSHAD SHIRI PAHLEVANI. C\/ PERPETUA SOCORRO, 33 1\u00ba G \u2013 03160 ALMORADI (Alacant). E-mail:<\/p>\n<p>FRAN@SIPM.ES<\/p>\n<p>Dane kontaktowe pe\u0142nomocnika ds. ochrony danych: CALLE JOS\u00c9 ARTES DE ARCOS N\u00ba34 OFFICE T, 04004 ALMERIA \u2013 info@consultoriaeuropa.com<\/p>\n<p>    OBOWI\u0104ZKOWY LUB OPCJONALNY CHARAKTER INFORMACJI PODANYCH PRZEZ U\u017bYTKOWNIKA<\/p>\n<p>U\u017bYTKOWNICY zaznaczaj\u0105c odpowiednie pola i wprowadzaj\u0105c dane w polach oznaczonych gwiazdk\u0105 (*) w formularzu kontaktowym lub przedstawionych w formularzach pobierania, wyra\u017anie i swobodnie i jednoznacznie akceptuj\u0105, \u017ce ich dane s\u0105 niezb\u0119dne do realizacji Pa\u0144stwa zapytania, przez dostawcy, podanie danych w pozosta\u0142ych polach jest dobrowolne. U\u017bYTKOWNIK gwarantuje, \u017ce podane ODPOWIEDZIALNE dane osobowe s\u0105 prawdziwe i odpowiada za informowanie o wszelkich zmianach.<\/p>\n<p>ODPOWIEDZIALNY informuje, \u017ce wszystkie dane wymagane za po\u015brednictwem strony internetowej s\u0105 obowi\u0105zkowe, poniewa\u017c s\u0105 niezb\u0119dne do optymalnej obs\u0142ugi U\u017bYTKOWNIKA. W przypadku niepodania wszystkich danych nie ma gwarancji, \u017ce \u015bwiadczone informacje i us\u0142ugi b\u0119d\u0105 w pe\u0142ni dostosowane do Twoich potrzeb.<\/p>\n<p>    \u015aRODKI BEZPIECZE\u0143STWA<\/p>\n<p>\u017ce zgodnie z przepisami obowi\u0105zuj\u0105cych przepis\u00f3w o ochronie danych osobowych ODPOWIEDZIALNY przestrzega wszystkich przepis\u00f3w RODO oraz przepis\u00f3w LOPDGDD dotycz\u0105cych przetwarzania danych osobowych, jest odpowiedzialny za przetwarzanie danych osobowych, a tak\u017ce oczywi\u015bcie z zasadami opisanymi w art. RODO, zgodnie z kt\u00f3rym s\u0105 traktowani w spos\u00f3b zgodny z prawem, lojalny i przejrzysty w stosunku do zainteresowanej strony oraz adekwatny, adekwatny i ograniczony do tego, co niezb\u0119dne w stosunku do cel\u00f3w, dla kt\u00f3rych s\u0105 traktowane.<br \/>\nwzdycha.<\/p>\n<p>ADMINISTRATOR gwarantuje, \u017ce wdro\u017cy\u0142 odpowiedni\u0105 polityk\u0119 techniczn\u0105 i organizacyjn\u0105 w zakresie stosowania \u015brodk\u00f3w bezpiecze\u0144stwa ustanowionych przez RODO i LOPDGDD w celu ochrony praw i wolno\u015bci U\u017bYTKOWNIK\u00d3W oraz przekaza\u0142 odpowiednie informacje, aby mogli z nich korzysta\u0107.<\/p>\n<p>Aby uzyska\u0107 wi\u0119cej informacji na temat gwarancji prywatno\u015bci, mo\u017cesz skontaktowa\u0107 si\u0119 z ODPOWIEDZIALNYM za po\u015brednictwem FARSHAD SHIRI PAHLEVANI. C\/ PERPETUA SOCORRO, 33 1\u00ba G \u2013 03160 ALMORADI (Alacant). E-mail: FRAN@SIPM.ES<\/p>\n<p>Dane kontaktowe pe\u0142nomocnika ds. ochrony danych: CALLE JOS\u00c9 ARTES DE ARCOS N\u00ba34 OFFICE T, 04004 ALMERIA \u2013 info@consultoriaeuropa.com<\/p>\n\r\n\t\t<\/div>\r\n\t<\/div>\r\n<\/div><\/div><\/div><\/div><\/div><\/section>\n","protected":false},"excerpt":{"rendered":"POLITYKA PRYWATNO\u015aCI INFORMACJE O U\u017bYTKOWNIKU Kto odpowiada za przetwarzanie Twoich danych osobowych? FARSHAD SHIRI PAHLEVANI jest ODPOWIEDZIALNY za przetwarzanie danych osobowych U\u017bYTKOWNIKA i informuje, \u017ce dane te b\u0119d\u0105 przetwarzane zgodnie z przepisami Rozporz\u0105dzenia (UE) 2016\/679 z dnia 27 kwietnia (RODO) oraz Ustawy Organicznej 3\/2018 , z dnia 5 grudnia (LOPDGDD). Dlaczego traktujemy Twoje dane osobowe?...","protected":false},"author":3,"featured_media":0,"parent":0,"menu_order":0,"comment_status":"closed","ping_status":"closed","template":"","meta":[],"yoast_head":"<!-- This site is optimized with the Yoast SEO plugin v17.0 - https:\/\/yoast.com\/wordpress\/plugins\/seo\/ -->\n<title>Polityka prywatno\u015bci - Empresa de Servicios Sipm<\/title>\n<meta name=\"robots\" content=\"index, follow, max-snippet:-1, max-image-preview:large, max-video-preview:-1\" \/>\n<link rel=\"canonical\" href=\"https:\/\/sipm.es\/pl\/politica-de-privacidad\/\" \/>\n<meta property=\"og:locale\" content=\"pl_PL\" \/>\n<meta property=\"og:type\" content=\"article\" \/>\n<meta property=\"og:title\" content=\"Polityka prywatno\u015bci - Empresa de Servicios Sipm\" \/>\n<meta property=\"og:url\" content=\"https:\/\/sipm.es\/politica-de-privacidad\/\" \/>\n<meta property=\"og:site_name\" content=\"Empresa de Servicios Sipm\" \/>\n<meta property=\"article:modified_time\" content=\"2022-01-18T19:37:31+00:00\" \/>\n<meta name=\"twitter:card\" content=\"summary_large_image\" \/>\n<meta name=\"twitter:label1\" content=\"Szacowany czas czytania\" \/>\n\t<meta name=\"twitter:data1\" content=\"4 minuty\" \/>\n<script type=\"application\/ld+json\" class=\"yoast-schema-graph\">{\"@context\":\"https:\/\/schema.org\",\"@graph\":[{\"@type\":\"Organization\",\"@id\":\"https:\/\/sipm.es\/de\/#organization\",\"name\":\"Sipm Toldos y Reformas\",\"url\":\"https:\/\/sipm.es\/de\/\",\"sameAs\":[],\"logo\":{\"@type\":\"ImageObject\",\"@id\":\"https:\/\/sipm.es\/de\/#logo\",\"inLanguage\":\"pl-PL\",\"url\":\"https:\/\/sipm.es\/wp-content\/uploads\/2017\/07\/logo-pagina-web.png\",\"contentUrl\":\"https:\/\/sipm.es\/wp-content\/uploads\/2017\/07\/logo-pagina-web.png\",\"width\":500,\"height\":323,\"caption\":\"Sipm Toldos y Reformas\"},\"image\":{\"@id\":\"https:\/\/sipm.es\/de\/#logo\"}},{\"@type\":\"WebSite\",\"@id\":\"https:\/\/sipm.es\/de\/#website\",\"url\":\"https:\/\/sipm.es\/de\/\",\"name\":\"Mantenimiento y Montaje de Toldos\",\"description\":\"Construcci\\u00f3n, Reformas, Venta y Alquiler de Viviendas\",\"publisher\":{\"@id\":\"https:\/\/sipm.es\/de\/#organization\"},\"potentialAction\":[{\"@type\":\"SearchAction\",\"target\":{\"@type\":\"EntryPoint\",\"urlTemplate\":\"https:\/\/sipm.es\/de\/?s={search_term_string}\"},\"query-input\":\"required name=search_term_string\"}],\"inLanguage\":\"pl-PL\"},{\"@type\":\"WebPage\",\"@id\":\"https:\/\/sipm.es\/politica-de-privacidad\/#webpage\",\"url\":\"https:\/\/sipm.es\/politica-de-privacidad\/\",\"name\":\"Polityka prywatno\\u015bci - Empresa de Servicios Sipm\",\"isPartOf\":{\"@id\":\"https:\/\/sipm.es\/de\/#website\"},\"datePublished\":\"2022-01-18T19:37:30+00:00\",\"dateModified\":\"2022-01-18T19:37:31+00:00\",\"breadcrumb\":{\"@id\":\"https:\/\/sipm.es\/politica-de-privacidad\/#breadcrumb\"},\"inLanguage\":\"pl-PL\",\"potentialAction\":[{\"@type\":\"ReadAction\",\"target\":[\"https:\/\/sipm.es\/politica-de-privacidad\/\"]}]},{\"@type\":\"BreadcrumbList\",\"@id\":\"https:\/\/sipm.es\/politica-de-privacidad\/#breadcrumb\",\"itemListElement\":[{\"@type\":\"ListItem\",\"position\":1,\"name\":\"Portada\",\"item\":\"https:\/\/sipm.es\/pl\/\"},{\"@type\":\"ListItem\",\"position\":2,\"name\":\"Polityka prywatno\\u015bci\"}]}]}<\/script>\n<!-- \/ Yoast SEO plugin. -->","yoast_head_json":{"title":"Polityka prywatno\u015bci - Empresa de Servicios Sipm","robots":{"index":"index","follow":"follow","max-snippet":"max-snippet:-1","max-image-preview":"max-image-preview:large","max-video-preview":"max-video-preview:-1"},"canonical":"https:\/\/sipm.es\/pl\/politica-de-privacidad\/","og_locale":"pl_PL","og_type":"article","og_title":"Polityka prywatno\u015bci - Empresa de Servicios Sipm","og_url":"https:\/\/sipm.es\/politica-de-privacidad\/","og_site_name":"Empresa de Servicios Sipm","article_modified_time":"2022-01-18T19:37:31+00:00","twitter_card":"summary_large_image","twitter_misc":{"Szacowany czas czytania":"4 minuty"},"schema":{"@context":"https:\/\/schema.org","@graph":[{"@type":"Organization","@id":"https:\/\/sipm.es\/de\/#organization","name":"Sipm Toldos y Reformas","url":"https:\/\/sipm.es\/de\/","sameAs":[],"logo":{"@type":"ImageObject","@id":"https:\/\/sipm.es\/de\/#logo","inLanguage":"pl-PL","url":"https:\/\/sipm.es\/wp-content\/uploads\/2017\/07\/logo-pagina-web.png","contentUrl":"https:\/\/sipm.es\/wp-content\/uploads\/2017\/07\/logo-pagina-web.png","width":500,"height":323,"caption":"Sipm Toldos y Reformas"},"image":{"@id":"https:\/\/sipm.es\/de\/#logo"}},{"@type":"WebSite","@id":"https:\/\/sipm.es\/de\/#website","url":"https:\/\/sipm.es\/de\/","name":"Mantenimiento y Montaje de Toldos","description":"Construcci\u00f3n, Reformas, Venta y Alquiler de Viviendas","publisher":{"@id":"https:\/\/sipm.es\/de\/#organization"},"potentialAction":[{"@type":"SearchAction","target":{"@type":"EntryPoint","urlTemplate":"https:\/\/sipm.es\/de\/?s={search_term_string}"},"query-input":"required name=search_term_string"}],"inLanguage":"pl-PL"},{"@type":"WebPage","@id":"https:\/\/sipm.es\/politica-de-privacidad\/#webpage","url":"https:\/\/sipm.es\/politica-de-privacidad\/","name":"Polityka prywatno\u015bci - Empresa de Servicios Sipm","isPartOf":{"@id":"https:\/\/sipm.es\/de\/#website"},"datePublished":"2022-01-18T19:37:30+00:00","dateModified":"2022-01-18T19:37:31+00:00","breadcrumb":{"@id":"https:\/\/sipm.es\/politica-de-privacidad\/#breadcrumb"},"inLanguage":"pl-PL","potentialAction":[{"@type":"ReadAction","target":["https:\/\/sipm.es\/politica-de-privacidad\/"]}]},{"@type":"BreadcrumbList","@id":"https:\/\/sipm.es\/politica-de-privacidad\/#breadcrumb","itemListElement":[{"@type":"ListItem","position":1,"name":"Portada","item":"https:\/\/sipm.es\/pl\/"},{"@type":"ListItem","position":2,"name":"Polityka prywatno\u015bci"}]}]}},"_links":{"self":[{"href":"https:\/\/sipm.es\/pl\/wp-json\/wp\/v2\/pages\/9003"}],"collection":[{"href":"https:\/\/sipm.es\/pl\/wp-json\/wp\/v2\/pages"}],"about":[{"href":"https:\/\/sipm.es\/pl\/wp-json\/wp\/v2\/types\/page"}],"author":[{"embeddable":true,"href":"https:\/\/sipm.es\/pl\/wp-json\/wp\/v2\/users\/3"}],"replies":[{"embeddable":true,"href":"https:\/\/sipm.es\/pl\/wp-json\/wp\/v2\/comments?post=9003"}],"version-history":[{"count":2,"href":"https:\/\/sipm.es\/pl\/wp-json\/wp\/v2\/pages\/9003\/revisions"}],"predecessor-version":[{"id":9005,"href":"https:\/\/sipm.es\/pl\/wp-json\/wp\/v2\/pages\/9003\/revisions\/9005"}],"wp:attachment":[{"href":"https:\/\/sipm.es\/pl\/wp-json\/wp\/v2\/media?parent=9003"}],"curies":[{"name":"wp","href":"https:\/\/api.w.org\/{rel}","templated":true}]}}