{"id":8995,"date":"2022-01-18T19:32:18","date_gmt":"2022-01-18T19:32:18","guid":{"rendered":"https:\/\/sipm.es\/ostrzezenie-prawne-2\/"},"modified":"2022-01-18T19:32:18","modified_gmt":"2022-01-18T19:32:18","slug":"ostrzezenie-prawne-2","status":"publish","type":"page","link":"https:\/\/sipm.es\/pl\/ostrzezenie-prawne-2\/","title":{"rendered":"Ostrze\u017cenie prawne"},"content":{"rendered":"<section class=\"l-section wpb_row height_medium\"><div class=\"l-section-h i-cf\"><div class=\"g-cols vc_row type_default valign_top\"><div class=\"vc_col-sm-12 wpb_column vc_column_container\"><div class=\"vc_column-inner\"><div class=\"wpb_wrapper\">\r\n\t<div class=\"wpb_text_column \">\r\n\t\t<div class=\"wpb_wrapper\">\r\n\t\t\t<p>PRAWO O US\u0141UGACH SPO\u0141ECZE\u0143STWA INFORMACYJNEGO (LSSI)<br \/>\nFARSHAD SHIRI PAHLEVANI, odpowiedzialny za witryn\u0119 internetow\u0105, zwany dalej ODPOWIEDZIALNYM, udost\u0119pnia ten dokument u\u017cytkownikom, z kt\u00f3rymi zamierza przestrzega\u0107 obowi\u0105zk\u00f3w okre\u015blonych w ustawie 34\/2002 z dnia 11 lipca o us\u0142ugach informacyjnych i handlu elektronicznym przez firm\u0119 (LSSICE ), BOE nr 166, a tak\u017ce informowanie wszystkich u\u017cytkownik\u00f3w serwisu o warunkach korzystania.<br \/>\nKa\u017cda osoba, kt\u00f3ra uzyskuje dost\u0119p do tej witryny, przyjmuje rol\u0119 u\u017cytkownika, zobowi\u0105zuj\u0105c si\u0119 do przestrzegania i \u015bcis\u0142ego przestrzegania postanowie\u0144 zawartych w niniejszym dokumencie, a tak\u017ce wszelkich innych przepis\u00f3w prawnych, kt\u00f3re mog\u0105 mie\u0107 zastosowanie.<br \/>\nFARSHAD SHIRI PAHLEVANI zastrzega sobie prawo do modyfikowania wszelkiego rodzaju informacji, kt\u00f3re mog\u0105 pojawi\u0107 si\u0119 na stronie internetowej, bez obowi\u0105zku wcze\u015bniejszego powiadomienia lub poinformowania u\u017cytkownik\u00f3w o tych obowi\u0105zkach, przy czym publikacja na stronie internetowej FARSHAD SHIRI PAHLEVANI jest rozumiana jako wystarczaj\u0105ca.<br \/>\n1. DANE IDENTYFIKACYJNE<br \/>\nNazwa domeny: sipm.es\/<br \/>\nNazwa handlowa: SIPM<br \/>\nNazwa firmy: FARSHAD SHIRI PAHLEVANI<br \/>\nNIF: 48829975D<br \/>\nSiedziba: C\/ PERPETUA SOCORRO N\u00ba33 1\u00aa G<br \/>\nTelefon: 722362181<br \/>\nE-mail: FRAN@SIPM.ES<br \/>\n2. PRAWA W\u0141ASNO\u015aCI INTELEKTUALNEJ I PRZEMYS\u0141OWEJ<br \/>\nStrona internetowa, w tym mi\u0119dzy innymi jej programowanie, edycja, kompilacja i inne elementy niezb\u0119dne do jej dzia\u0142ania, projekty, logo, tekst i\/lub grafika, s\u0105 w\u0142asno\u015bci\u0105 ODPOWIEDZIALNEGO lub, je\u015bli ma to zastosowanie, posiadaj\u0105 licencj\u0119 lub wyra\u017ane upowa\u017cnienie przez autor\u00f3w. Ca\u0142a zawarto\u015b\u0107 strony internetowej jest nale\u017cycie chroniona przez przepisy dotycz\u0105ce w\u0142asno\u015bci intelektualnej i przemys\u0142owej, a tak\u017ce jest zarejestrowana w odpowiednich rejestrach publicznych.<br \/>\nBez wzgl\u0119du na cel, w jakim by\u0142y przeznaczone, ca\u0142kowite lub cz\u0119\u015bciowe powielanie, wykorzystywanie, eksploatacja, dystrybucja i wprowadzanie do obrotu wymaga w ka\u017cdym przypadku uprzedniej pisemnej zgody<br \/>\ncz\u0119\u015b\u0107 ODPOWIEDZIALNEGO. Ka\u017cde u\u017cycie, kt\u00f3re nie zosta\u0142o wcze\u015bniej autoryzowane, jest uwa\u017cane za powa\u017cne naruszenie praw w\u0142asno\u015bci intelektualnej lub przemys\u0142owej autora.<br \/>\nProjekty, loga, teksty i\/lub grafiki spoza ODPOWIEDZIALNEGO, kt\u00f3re mog\u0105 pojawi\u0107 si\u0119 na stronie internetowej, nale\u017c\u0105 do ich odpowiednich w\u0142a\u015bcicieli, kt\u00f3rzy sami odpowiadaj\u0105 za wszelkie mo\u017cliwe<br \/>\nkontrowersje, kt\u00f3re mog\u0105 si\u0119 w ich przypadku pojawi\u0107. ODPOWIEDZIALNY wyra\u017anie upowa\u017cnia osoby trzecie do przekierowywania bezpo\u015brednio do okre\u015blonej zawarto\u015bci strony internetowej, a w ka\u017cdym przypadku<br \/>\nprzekierowanie na stron\u0119 g\u0142\u00f3wn\u0105 sipm.es\/.<br \/>\nFARSHAD SHIRI PAHLEVANI<br \/>\nP.2<br \/>\nFARSHAD SHIRI PAHLEVANI<br \/>\nC\/ PERPETUA SOCORRO, 33 &#8211; 1\u00ba G 03160 ALMORADI (Alacant)<br \/>\nODPOWIEDZIALNY uznaje na rzecz swoich w\u0142a\u015bcicieli odpowiednie prawa w\u0142asno\u015bci intelektualnej i przemys\u0142owej, a sama ich wzmianka lub pojawienie si\u0119 na stronie internetowej nie oznacza istnienia jakichkolwiek praw lub odpowiedzialno\u015bci w stosunku do nich, ani nie oznacza poparcia, sponsorowania lub rekomendacji przez tego samego &#8230;<br \/>\nAby dokona\u0107 wszelkiego rodzaju obserwacji dotycz\u0105cych mo\u017cliwych narusze\u0144 praw w\u0142asno\u015bci intelektualnej lub przemys\u0142owej, a tak\u017ce jakiejkolwiek zawarto\u015bci strony internetowej, mo\u017cesz to zrobi\u0107 za po\u015brednictwem poczty elektronicznej FRAN@SIPM.ES.<br \/>\n3. ZWOLNIENIE OD ODPOWIEDZIALNO\u015aCI<br \/>\nODPOWIEDZIALNY jest zwolniony z jakiejkolwiek odpowiedzialno\u015bci wynikaj\u0105cej z informacji opublikowanych na jego stronie internetowej, pod warunkiem, \u017ce nie ma faktycznej wiedzy, \u017ce informacje te zosta\u0142y zmanipulowane lub wprowadzone przez osob\u0119 trzeci\u0105 niezwi\u0105zan\u0105 z ni\u0105 lub, je\u015bli dzia\u0142a\u0142a z nale\u017cyt\u0105 staranno\u015bci\u0105, wycofania danych lub uniemo\u017cliwienia dost\u0119pu do nich.<br \/>\nKorzystanie z plik\u00f3w cookie<br \/>\nTa strona mo\u017ce wykorzystywa\u0107 techniczne pliki cookie (ma\u0142e pliki informacyjne wysy\u0142ane przez serwer)<br \/>\ndo komputera osoby wchodz\u0105cej na stron\u0119) w celu realizacji niekt\u00f3rych funkcji, kt\u00f3re s\u0105 uwa\u017cane za niezb\u0119dne do prawid\u0142owego funkcjonowania i wizualizacji strony. Wykorzystywane pliki cookie maj\u0105 w ka\u017cdym przypadku charakter tymczasowy i maj\u0105 wy\u0142\u0105cznie na celu:<br \/>\nprzegl\u0105dania i znikaj\u0105 po zako\u0144czeniu sesji u\u017cytkownika. W \u017cadnym wypadku te pliki cookie nie dostarczaj\u0105 samodzielnie danych osobowych i nie b\u0119d\u0105 wykorzystywane do ich gromadzenia.<br \/>\nPoprzez wykorzystanie plik\u00f3w cookies mo\u017cliwe jest r\u00f3wnie\u017c, \u017ce serwer, na kt\u00f3rym znajduje si\u0119 strona internetowa rozpoznaje przegl\u0105dark\u0119 u\u017cywan\u0105 przez u\u017cytkownika w celu u\u0142atwienia nawigacji, umo\u017cliwiaj\u0105c np. dost\u0119p u\u017cytkownikom, kt\u00f3rzy wcze\u015bniej zarejestrowali si\u0119 w obszarach, us\u0142ugach, promocjach lub konkursy zarezerwowane wy\u0142\u0105cznie dla nich bez konieczno\u015bci rejestracji na ka\u017cd\u0105 wizyt\u0119.<br \/>\nMog\u0105 r\u00f3wnie\u017c s\u0142u\u017cy\u0107 do pomiaru ogl\u0105dalno\u015bci, parametr\u00f3w ruchu, kontroli post\u0119pu i liczby wej\u015b\u0107 itp., b\u0119d\u0105c w tych przypadkach technicznie zb\u0119dnymi plikami cookie, ale korzystnymi dla u\u017cytkownika. Ta strona nie zainstaluje zb\u0119dnych plik\u00f3w cookie bez Twojej zgody.<br \/>\ndo<br \/>\nu\u017cytkownika przed.<br \/>\nU\u017cytkownik ma mo\u017cliwo\u015b\u0107 skonfigurowania swojej przegl\u0105darki, aby by\u0142a ostrzegana o otrzymywaniu plik\u00f3w cookies i uniemo\u017cliwia\u0142a ich instalacj\u0119 na swoim komputerze. Aby uzyska\u0107 wi\u0119cej informacji, zapoznaj si\u0119 z instrukcjami przegl\u0105darki.<br \/>\npolityka link\u00f3w<br \/>\nZe strony internetowej mo\u017cesz zosta\u0107 przekierowany do tre\u015bci ze stron internetowych os\u00f3b trzecich. Bior\u0105c pod uwag\u0119, \u017ce ODPOWIEDZIALNY nie zawsze mo\u017ce kontrolowa\u0107 tre\u015bci wprowadzane przez osoby trzecie na swoich stronach internetowych, nie ponosi \u017cadnej odpowiedzialno\u015bci w odniesieniu do tych tre\u015bci. W ka\u017cdym przypadku przyst\u0105pi do natychmiastowego wycofania wszelkich tre\u015bci, kt\u00f3re mog\u0142yby narusza\u0107 prawodawstwo krajowe lub mi\u0119dzynarodowe, moralno\u015b\u0107 lub porz\u0105dek publiczny, przyst\u0119puj\u0105c do natychmiastowego wycofania przekierowania na wspomnian\u0105 stron\u0119 internetow\u0105, informuj\u0105c w\u0142a\u015bciwe organy o kwestionowanych tre\u015bciach.<br \/>\nODPOWIEDZIALNY nie ponosi odpowiedzialno\u015bci za informacje i tre\u015bci przechowywane na przyk\u0142ad, ale nie wy\u0142\u0105cznie, na forach, czatach, generatorach blog\u00f3w, komentarzach, sieciach spo\u0142eczno\u015bciowych lub w jakikolwiek inny spos\u00f3b, kt\u00f3ry umo\u017cliwia osobom trzecim samodzielne publikowanie tre\u015bci na stronie internetowej. ODPOWIEDZIALNY. Jednak\u017ce, zgodnie z postanowieniami artyku\u0142\u00f3w 11 i 16 LSSICE, jest on udost\u0119pniany wszystkim u\u017cytkownikom, w\u0142adzom i si\u0142om bezpiecze\u0144stwa, aktywnie wsp\u00f3\u0142pracuj\u0105cym w wycofywaniu lub, w stosownych przypadkach, blokowaniu wszystkich tre\u015bci, kt\u00f3re FARSHAD SHIRI PAHLEVANI<br \/>\nS.3<br \/>\nFARSHAD SHIRI PAHLEVANI<br \/>\nC\/ PERPETUA SOCORRO, 33 &#8211; 1\u00ba G 03160 ALMORADI (Alacant)<br \/>\nmog\u0105 wp\u0142ywa\u0107 lub narusza\u0107 ustawodawstwo krajowe lub mi\u0119dzynarodowe, prawa os\u00f3b trzecich lub moralno\u015b\u0107 i porz\u0105dek publiczny. W przypadku, gdy u\u017cytkownik uzna, \u017ce \u200b\u200bw serwisie znajduj\u0105 si\u0119 tre\u015bci, kt\u00f3re mog\u0105 podlega\u0107 tej klasyfikacji, nale\u017cy niezw\u0142ocznie powiadomi\u0107 administratora serwisu.<br \/>\nTa witryna zosta\u0142a sprawdzona i przetestowana pod k\u0105tem prawid\u0142owego dzia\u0142ania. Zasadniczo mo\u017cna zagwarantowa\u0107 prawid\u0142owe dzia\u0142anie przez 365 dni w roku, 24 godziny na dob\u0119. ODPOWIEDZIALNY nie wyklucza jednak, \u017ce istniej\u0105 pewne b\u0142\u0119dy programistyczne lub \u017ce<br \/>\nwyst\u0105pi\u0105 przyczyny si\u0142y wy\u017cszej, kl\u0119ski \u017cywio\u0142owe, strajki lub podobne okoliczno\u015bci, kt\u00f3re uniemo\u017cliwiaj\u0105 dost\u0119p do serwisu.<br \/>\nAdresy IP<br \/>\nSerwery serwisu b\u0119d\u0105 mog\u0142y automatycznie wykry\u0107 adres IP i nazw\u0119 domeny, z kt\u00f3rej korzysta u\u017cytkownik. Adres IP to numer automatycznie przypisywany do komputera, gdy \u0142\u0105czy si\u0119 on z Internetem. Wszystkie te informacje s\u0105 zapisywane w pliku aktywno\u015bci serwera, kt\u00f3ry umo\u017cliwia p\u00f3\u017aniejsze przetwarzanie danych w celu uzyskania jedynie pomiar\u00f3w statystycznych pozwalaj\u0105cych pozna\u0107 liczb\u0119 ods\u0142on strony, liczb\u0119 odwiedzin dokonanych na serwerach WWW, kolejno\u015b\u0107 odwiedzin, punkt dost\u0119pu itp.<br \/>\n4. PRAWO W\u0141A\u015aCIWE I JURYSDYKCJA<br \/>\nW celu rozstrzygni\u0119cia wszelkich spor\u00f3w lub problem\u00f3w zwi\u0105zanych z niniejsz\u0105 stron\u0105 internetow\u0105 lub dzia\u0142aniami na niej rozwini\u0119tymi zastosowanie b\u0119dzie mia\u0142o ustawodawstwo hiszpa\u0144skie, kt\u00f3remu strony wyra\u017anie si\u0119 poddaj\u0105, jako w\u0142a\u015bciwe do rozstrzygania wszelkich spor\u00f3w powsta\u0142ych lub zwi\u0105zanych z korzystaniem z niej, s\u0105dy i trybuna\u0142y miejsca zamieszkania U\u017bYTKOWNIKA lub miejsce wykonania zobowi\u0105zania.<\/p>\n\r\n\t\t<\/div>\r\n\t<\/div>\r\n<\/div><\/div><\/div><\/div><\/div><\/section>\n","protected":false},"excerpt":{"rendered":"PRAWO O US\u0141UGACH SPO\u0141ECZE\u0143STWA INFORMACYJNEGO (LSSI) FARSHAD SHIRI PAHLEVANI, odpowiedzialny za witryn\u0119 internetow\u0105, zwany dalej ODPOWIEDZIALNYM, udost\u0119pnia ten dokument u\u017cytkownikom, z kt\u00f3rymi zamierza przestrzega\u0107 obowi\u0105zk\u00f3w okre\u015blonych w ustawie 34\/2002 z dnia 11 lipca o us\u0142ugach informacyjnych i handlu elektronicznym przez firm\u0119 (LSSICE ), BOE nr 166, a tak\u017ce informowanie wszystkich u\u017cytkownik\u00f3w serwisu o warunkach korzystania....","protected":false},"author":3,"featured_media":0,"parent":0,"menu_order":0,"comment_status":"closed","ping_status":"closed","template":"","meta":[],"yoast_head":"<!-- This site is optimized with the Yoast SEO plugin v17.0 - https:\/\/yoast.com\/wordpress\/plugins\/seo\/ -->\n<title>Ostrze\u017cenie prawne - Empresa de Servicios Sipm<\/title>\n<meta name=\"robots\" content=\"index, follow, max-snippet:-1, max-image-preview:large, max-video-preview:-1\" \/>\n<link rel=\"canonical\" href=\"https:\/\/sipm.es\/pl\/aviso-legal\/\" \/>\n<meta property=\"og:locale\" content=\"pl_PL\" \/>\n<meta property=\"og:type\" content=\"article\" \/>\n<meta property=\"og:title\" content=\"Ostrze\u017cenie prawne - Empresa de Servicios Sipm\" \/>\n<meta property=\"og:url\" content=\"https:\/\/sipm.es\/aviso-legal\/\" \/>\n<meta property=\"og:site_name\" content=\"Empresa de Servicios Sipm\" \/>\n<meta name=\"twitter:card\" content=\"summary_large_image\" \/>\n<meta name=\"twitter:label1\" content=\"Szacowany czas czytania\" \/>\n\t<meta name=\"twitter:data1\" content=\"6 minut\" \/>\n<script type=\"application\/ld+json\" class=\"yoast-schema-graph\">{\"@context\":\"https:\/\/schema.org\",\"@graph\":[{\"@type\":\"Organization\",\"@id\":\"https:\/\/sipm.es\/de\/#organization\",\"name\":\"Sipm Toldos y Reformas\",\"url\":\"https:\/\/sipm.es\/de\/\",\"sameAs\":[],\"logo\":{\"@type\":\"ImageObject\",\"@id\":\"https:\/\/sipm.es\/de\/#logo\",\"inLanguage\":\"pl-PL\",\"url\":\"https:\/\/sipm.es\/wp-content\/uploads\/2017\/07\/logo-pagina-web.png\",\"contentUrl\":\"https:\/\/sipm.es\/wp-content\/uploads\/2017\/07\/logo-pagina-web.png\",\"width\":500,\"height\":323,\"caption\":\"Sipm Toldos y Reformas\"},\"image\":{\"@id\":\"https:\/\/sipm.es\/de\/#logo\"}},{\"@type\":\"WebSite\",\"@id\":\"https:\/\/sipm.es\/de\/#website\",\"url\":\"https:\/\/sipm.es\/de\/\",\"name\":\"Mantenimiento y Montaje de Toldos\",\"description\":\"Construcci\\u00f3n, Reformas, Venta y Alquiler de Viviendas\",\"publisher\":{\"@id\":\"https:\/\/sipm.es\/de\/#organization\"},\"potentialAction\":[{\"@type\":\"SearchAction\",\"target\":{\"@type\":\"EntryPoint\",\"urlTemplate\":\"https:\/\/sipm.es\/de\/?s={search_term_string}\"},\"query-input\":\"required name=search_term_string\"}],\"inLanguage\":\"pl-PL\"},{\"@type\":\"WebPage\",\"@id\":\"https:\/\/sipm.es\/aviso-legal\/#webpage\",\"url\":\"https:\/\/sipm.es\/aviso-legal\/\",\"name\":\"Ostrze\\u017cenie prawne - Empresa de Servicios Sipm\",\"isPartOf\":{\"@id\":\"https:\/\/sipm.es\/de\/#website\"},\"datePublished\":\"2022-01-18T19:32:18+00:00\",\"dateModified\":\"2022-01-18T19:32:18+00:00\",\"breadcrumb\":{\"@id\":\"https:\/\/sipm.es\/aviso-legal\/#breadcrumb\"},\"inLanguage\":\"pl-PL\",\"potentialAction\":[{\"@type\":\"ReadAction\",\"target\":[\"https:\/\/sipm.es\/aviso-legal\/\"]}]},{\"@type\":\"BreadcrumbList\",\"@id\":\"https:\/\/sipm.es\/aviso-legal\/#breadcrumb\",\"itemListElement\":[{\"@type\":\"ListItem\",\"position\":1,\"name\":\"Portada\",\"item\":\"https:\/\/sipm.es\/pl\/\"},{\"@type\":\"ListItem\",\"position\":2,\"name\":\"Ostrze\\u017cenie prawne\"}]}]}<\/script>\n<!-- \/ Yoast SEO plugin. -->","yoast_head_json":{"title":"Ostrze\u017cenie prawne - Empresa de Servicios Sipm","robots":{"index":"index","follow":"follow","max-snippet":"max-snippet:-1","max-image-preview":"max-image-preview:large","max-video-preview":"max-video-preview:-1"},"canonical":"https:\/\/sipm.es\/pl\/aviso-legal\/","og_locale":"pl_PL","og_type":"article","og_title":"Ostrze\u017cenie prawne - Empresa de Servicios Sipm","og_url":"https:\/\/sipm.es\/aviso-legal\/","og_site_name":"Empresa de Servicios Sipm","twitter_card":"summary_large_image","twitter_misc":{"Szacowany czas czytania":"6 minut"},"schema":{"@context":"https:\/\/schema.org","@graph":[{"@type":"Organization","@id":"https:\/\/sipm.es\/de\/#organization","name":"Sipm Toldos y Reformas","url":"https:\/\/sipm.es\/de\/","sameAs":[],"logo":{"@type":"ImageObject","@id":"https:\/\/sipm.es\/de\/#logo","inLanguage":"pl-PL","url":"https:\/\/sipm.es\/wp-content\/uploads\/2017\/07\/logo-pagina-web.png","contentUrl":"https:\/\/sipm.es\/wp-content\/uploads\/2017\/07\/logo-pagina-web.png","width":500,"height":323,"caption":"Sipm Toldos y Reformas"},"image":{"@id":"https:\/\/sipm.es\/de\/#logo"}},{"@type":"WebSite","@id":"https:\/\/sipm.es\/de\/#website","url":"https:\/\/sipm.es\/de\/","name":"Mantenimiento y Montaje de Toldos","description":"Construcci\u00f3n, Reformas, Venta y Alquiler de Viviendas","publisher":{"@id":"https:\/\/sipm.es\/de\/#organization"},"potentialAction":[{"@type":"SearchAction","target":{"@type":"EntryPoint","urlTemplate":"https:\/\/sipm.es\/de\/?s={search_term_string}"},"query-input":"required name=search_term_string"}],"inLanguage":"pl-PL"},{"@type":"WebPage","@id":"https:\/\/sipm.es\/aviso-legal\/#webpage","url":"https:\/\/sipm.es\/aviso-legal\/","name":"Ostrze\u017cenie prawne - Empresa de Servicios Sipm","isPartOf":{"@id":"https:\/\/sipm.es\/de\/#website"},"datePublished":"2022-01-18T19:32:18+00:00","dateModified":"2022-01-18T19:32:18+00:00","breadcrumb":{"@id":"https:\/\/sipm.es\/aviso-legal\/#breadcrumb"},"inLanguage":"pl-PL","potentialAction":[{"@type":"ReadAction","target":["https:\/\/sipm.es\/aviso-legal\/"]}]},{"@type":"BreadcrumbList","@id":"https:\/\/sipm.es\/aviso-legal\/#breadcrumb","itemListElement":[{"@type":"ListItem","position":1,"name":"Portada","item":"https:\/\/sipm.es\/pl\/"},{"@type":"ListItem","position":2,"name":"Ostrze\u017cenie prawne"}]}]}},"_links":{"self":[{"href":"https:\/\/sipm.es\/pl\/wp-json\/wp\/v2\/pages\/8995"}],"collection":[{"href":"https:\/\/sipm.es\/pl\/wp-json\/wp\/v2\/pages"}],"about":[{"href":"https:\/\/sipm.es\/pl\/wp-json\/wp\/v2\/types\/page"}],"author":[{"embeddable":true,"href":"https:\/\/sipm.es\/pl\/wp-json\/wp\/v2\/users\/3"}],"replies":[{"embeddable":true,"href":"https:\/\/sipm.es\/pl\/wp-json\/wp\/v2\/comments?post=8995"}],"version-history":[{"count":2,"href":"https:\/\/sipm.es\/pl\/wp-json\/wp\/v2\/pages\/8995\/revisions"}],"predecessor-version":[{"id":8997,"href":"https:\/\/sipm.es\/pl\/wp-json\/wp\/v2\/pages\/8995\/revisions\/8997"}],"wp:attachment":[{"href":"https:\/\/sipm.es\/pl\/wp-json\/wp\/v2\/media?parent=8995"}],"curies":[{"name":"wp","href":"https:\/\/api.w.org\/{rel}","templated":true}]}}