{"id":8982,"date":"2022-01-18T19:25:55","date_gmt":"2022-01-18T19:25:55","guid":{"rendered":"https:\/\/sipm.es\/polityka-plikow-cookie-2\/"},"modified":"2022-01-18T19:25:55","modified_gmt":"2022-01-18T19:25:55","slug":"polityka-plikow-cookie-2","status":"publish","type":"page","link":"https:\/\/sipm.es\/pl\/polityka-plikow-cookie-2\/","title":{"rendered":"Polityka plik\u00f3w cookie"},"content":{"rendered":"<section class=\"l-section wpb_row height_medium\"><div class=\"l-section-h i-cf\"><div class=\"g-cols vc_row type_default valign_top\"><div class=\"vc_col-sm-12 wpb_column vc_column_container\"><div class=\"vc_column-inner\"><div class=\"wpb_wrapper\">\r\n\t<div class=\"wpb_text_column \">\r\n\t\t<div class=\"wpb_wrapper\">\r\n\t\t\t<p>INFORMACJE O COOKIES<br \/>\nZgodnie z Ustaw\u0105 34\/2002 z dnia 11 lipca o us\u0142ugach spo\u0142ecze\u0144stwa informacyjnego i handlu elektronicznego (LSSI), w zwi\u0105zku z Rozporz\u0105dzeniem Parlamentu Europejskiego i Rady (UE) 2016\/679 z dnia 27 kwietnia 2016 r., Og\u00f3lne o ochronie danych (RODO) i ustawie organicznej 3\/2018 z dnia 5 grudnia, o ochronie danych i gwarancji praw cyfrowych (LOPDGDD), obowi\u0105zkowe jest uzyskanie wyra\u017anej zgody u\u017cytkownika wszystkich stron internetowych, kt\u00f3re u\u017cywaj\u0105 zb\u0119dnych plik\u00f3w cookie, przed tob\u0105 porusza\u0107 si\u0119 po nich.<br \/>\nCO TO S\u0104 COOKIES?<br \/>\nPliki cookie i inne podobne technologie, takie jak lokalne obiekty udost\u0119pnione, pliki cookie flash lub piksele, s\u0105 narz\u0119dziami u\u017cywanymi przez serwery sieci Web do przechowywania i pobierania informacji o odwiedzaj\u0105cych, a tak\u017ce do oferowania prawid\u0142owego funkcjonowania witryny.<br \/>\nZa pomoc\u0105 tych urz\u0105dze\u0144 serwer WWW mo\u017ce zapami\u0119ta\u0107 niekt\u00f3re dane dotycz\u0105ce u\u017cytkownika, takie jak preferencje przegl\u0105dania stron tego serwera, nazwa i has\u0142o, produkty, kt\u00f3re najbardziej go interesuj\u0105 itp.<br \/>\nCOOKIES OBJ\u0118TE ROZPORZ\u0104DZENIEM ORAZ COOKIES WY\u0141\u0104CZONE<br \/>\nZgodnie z dyrektyw\u0105 UE, ciasteczkami, kt\u00f3re wymagaj\u0105 \u015bwiadomej zgody u\u017cytkownika s\u0105 ciasteczka analityczne oraz ciasteczka reklamowe i afiliacyjne, z wyj\u0105tkiem tych o charakterze technicznym i niezb\u0119dnych do dzia\u0142ania strony internetowej lub \u015bwiadczenia us\u0142ug. u\u017cytkownik.<br \/>\nRODZAJE PLIK\u00d3W COOKIE<br \/>\nZGODNIE Z CELU<br \/>\nTechniczne i funkcjonalne pliki cookie: to te, kt\u00f3re umo\u017cliwiaj\u0105 u\u017cytkownikowi poruszanie si\u0119 po stronie internetowej, platformie lub aplikacji oraz korzystanie z r\u00f3\u017cnych opcji lub us\u0142ug, kt\u00f3re w nich istniej\u0105.<br \/>\nCookies analityczne: to te, kt\u00f3re pozwalaj\u0105 odpowiedzialnej za nie osobie monitorowa\u0107 i analizowa\u0107 zachowanie u\u017cytkownik\u00f3w stron internetowych, z kt\u00f3rymi s\u0105 po\u0142\u0105czone. Informacje gromadzone za pomoc\u0105 tego rodzaju plik\u00f3w cookie s\u0142u\u017c\u0105 do pomiaru aktywno\u015bci witryn internetowych, aplikacji lub platform oraz do tworzenia profili przegl\u0105dania u\u017cytkownik\u00f3w tych witryn, aplikacji i platform w celu wprowadzenia ulepsze\u0144 w zakresie analizy korzystania dane wprowadzane przez u\u017cytkownik\u00f3w serwisu.<br \/>\nReklamowe pliki cookie: to te, kt\u00f3re umo\u017cliwiaj\u0105 zarz\u0105dzanie w najbardziej efektywny spos\u00f3b przestrzeniami reklamowymi, kt\u00f3re, w stosownych przypadkach, redaktor umie\u015bci\u0142 na stronie internetowej, aplikacji lub platformie, z kt\u00f3rej \u015bwiadczona jest \u017c\u0105dana us\u0142uga, w oparciu o kryteria takie jak: edytowane tre\u015bci lub cz\u0119stotliwo\u015b\u0107 wy\u015bwietlania reklam.<br \/>\nPliki cookie zwi\u0105zane z reklam\u0105 behawioraln\u0105: gromadz\u0105 informacje o preferencjach i osobistych wyborach u\u017cytkownika (retargeting), aby umo\u017cliwi\u0107 jak najefektywniejsze zarz\u0105dzanie przestrzeniami reklamowymi, kt\u00f3re w stosownych przypadkach wydawca umie\u015bci\u0142 na stronie internetowej, w aplikacji lub platforma, z kt\u00f3rej \u015bwiadczona jest \u017c\u0105dana us\u0142uga.<br \/>\nPliki cookie spo\u0142eczno\u015bciowe: s\u0105 one ustawiane przez platformy medi\u00f3w spo\u0142eczno\u015bciowych w Us\u0142ugach, aby umo\u017cliwi\u0107 u\u017cytkownikowi udost\u0119pnianie tre\u015bci znajomym i sieciom. Platformy medi\u00f3w spo\u0142eczno\u015bciowych maj\u0105 mo\u017cliwo\u015b\u0107 \u015bledzenia Twojej aktywno\u015bci FARSHAD SHIRI PAHLEVANI<br \/>\nP.2<br \/>\nFARSHAD SHIRI PAHLEVANI<br \/>\nC\/ PERPETUA SOCORRO, 33 \u2013 1\u00ba G 03160 ALMORADI (Alacant) online poza Us\u0142ugami. Mo\u017ce to mie\u0107 wp\u0142yw na tre\u015bci i wiadomo\u015bci wy\u015bwietlane w innych odwiedzanych us\u0142ugach.<br \/>\nPliki cookie afiliacyjne: umo\u017cliwiaj\u0105 \u015bledzenie odwiedzin z innych stron internetowych, z kt\u00f3rymi strona zawiera umow\u0119 o przynale\u017cno\u015b\u0107 (firmy afiliacyjne).<br \/>\nPliki cookie bezpiecze\u0144stwa: przechowuj\u0105 zaszyfrowane informacje, aby dane w nich przechowywane nie by\u0142y nara\u017cone na z\u0142o\u015bliwe ataki os\u00f3b trzecich.<br \/>\nWED\u0141UG NIERUCHOMO\u015aCI<br \/>\nCookies w\u0142asne: to te, kt\u00f3re s\u0105 wysy\u0142ane do urz\u0105dzenia ko\u0144cowego u\u017cytkownika z komputera lub domeny zarz\u0105dzanej przez samego wydawc\u0119 i z kt\u00f3rego \u015bwiadczona jest \u017c\u0105dana przez u\u017cytkownika us\u0142uga.<br \/>\nCookies podmiot\u00f3w zewn\u0119trznych: to te, kt\u00f3re s\u0105 wysy\u0142ane do urz\u0105dzenia ko\u0144cowego u\u017cytkownika z komputera lub domeny, kt\u00f3ra nie jest zarz\u0105dzana przez wydawc\u0119, ale przez inny podmiot przetwarzaj\u0105cy dane uzyskane za pomoc\u0105 plik\u00f3w cookies.<br \/>\nWED\u0141UG OKRESU KONSERWACJI<br \/>\nPliki cookie sesji: s\u0105 to pliki cookie przeznaczone do gromadzenia i przechowywania danych podczas uzyskiwania przez u\u017cytkownika dost\u0119pu do strony internetowej.<br \/>\nCookies trwa\u0142e: s\u0105 to pliki cookie, w kt\u00f3rych dane s\u0105 nadal przechowywane w urz\u0105dzeniu ko\u0144cowym i mo\u017cna uzyska\u0107 do nich dost\u0119p i je przetwarza\u0107 przez okres okre\u015blony przez osob\u0119 odpowiedzialn\u0105 za plik cookie, kt\u00f3ry mo\u017ce wynosi\u0107 od kilku minut do kilku lat.<br \/>\nPRZETWARZANIE DANYCH OSOBOWYCH<br \/>\nFARSHAD SHIRI PAHLEVANI jest osob\u0105 odpowiedzialn\u0105 za przetwarzanie danych osobowych Zainteresowanej Strony i informuje, \u017ce dane te b\u0119d\u0105 przetwarzane zgodnie z przepisami Rozporz\u0105dzenia (UE) 2016\/679 z dnia 27 kwietnia 2016 r. (RODO), w zwi\u0105zku z tym \u017ce podane s\u0105 nast\u0119puj\u0105ce informacje dotycz\u0105ce leczenia: Cele leczenia: jak okre\u015blono w sekcj ado plik\u00f3w cookie u\u017cywanych na tej stronie.<br \/>\nZasadno\u015b\u0107 leczenia: za zgod\u0105 zainteresowanej strony (art. 6 ust. 1 RODO).<br \/>\nKryteria przechowywania danych: jak okre\u015blono w sekcji dotycz\u0105cej plik\u00f3w cookie u\u017cywanych w Internecie.<br \/>\nPrzekazywanie danych: dane nie b\u0119d\u0105 przekazywane stronom trzecim, z wyj\u0105tkiem plik\u00f3w cookie b\u0119d\u0105cych w\u0142asno\u015bci\u0105 stron trzecich lub wynikaj\u0105cych z obowi\u0105zku prawnego.<br \/>\nPrawa Zainteresowanej Strony:<br \/>\n\u2013 Prawo do wycofania zgody w dowolnym momencie.<br \/>\n\u2013 Prawo dost\u0119pu, poprawiania, przenoszenia i usuwania Twoich danych oraz ograniczenia lub sprzeciwu wobec ich przetwarzania.<br \/>\n\u2013 Prawo do z\u0142o\u017cenia skargi do Urz\u0119du Kontroli (www.aepd.es), je\u015bli uwa\u017casz, \u017ce leczenie nie jest zgodne z obowi\u0105zuj\u0105cymi przepisami.<br \/>\nDane kontaktowe w celu skorzystania z przys\u0142uguj\u0105cych Ci praw:<br \/>\nFARSHAD SHIRI PAHLEVANI. C\/ PERPETUA SOCORRO, 33 1\u00ba G \u2013 03160 ALMORADI (Alacant). E-mail:<br \/>\nFRAN@SIPM.ES<br \/>\nDane kontaktowe inspektora ochrony danych: CALLE JOS\u00c9 ARTES DE ARCOS N\u00ba34 BIURO T, 04004<br \/>\nALMERIA \u2013 info@consultoriaeuropa.com<br \/>\nFARSHAD SHIRI PAHLEVANI<br \/>\nS.3<br \/>\nFARSHAD SHIRI PAHLEVANI<br \/>\nC\/ PERPETUA SOCORRO, 33 \u2013 1\u00ba G 03160 ALMORADI (Alacant)<br \/>\nCOOKIES U\u017bYWANE NA TEJ STRONIE<br \/>\nCOOKIES KONTROLOWANE PRZEZ REDAKTORA<br \/>\nTechniczne i funkcjonalne<br \/>\nOkres obowi\u0105zywania pliku cookie<br \/>\ngoogle.com __Secure-1PAPISI<br \/>\nD<br \/>\nPlik cookie niezb\u0119dny do korzystania z opcji i us\u0142ug serwisu za 2 lata google.com __Secure-1PSID Plik cookie niezb\u0119dny do korzystania z opcji i us\u0142ug serwisu za 2 lata google.com __Secure-1PSIDC<br \/>\nC<br \/>\nPlik cookie niezb\u0119dny do korzystania z opcji i us\u0142ug serwisu przez 11 miesi\u0119cy google.com __Secure-3PSIDC<br \/>\nC<br \/>\nPlik cookie niezb\u0119dny do korzystania z opcji i us\u0142ug witryny za rok google.com ZGODA Narz\u0119dzie do \u015bledzenia zgody na pliki cookie Google za 2 lata google.com SEARCH_SAMESI<br \/>\nHERBATA<br \/>\nSameSite uniemo\u017cliwia przegl\u0105darce wysy\u0142anie tego pliku cookie wraz z \u017c\u0105daniami mi\u0119dzy witrynami. G\u0142\u00f3wnym celem jest z\u0142agodzenie<br \/>\nryzyko wycieku informacji mi\u0119dzy \u017ar\u00f3d\u0142ami. Zbyt<br \/>\nzapewnia pewn\u0105 ochron\u0119 przed atakami typu cross-site request forger.<br \/>\nza 6 miesi\u0119cy<br \/>\nAnalityka<br \/>\nOkres obowi\u0105zywania pliku cookie<br \/>\ngoogle.com __Bezpieczne-3PAPISI<br \/>\nD<br \/>\nTe pliki cookie s\u0142u\u017c\u0105 do dostarczania reklam bardziej odpowiednich dla Ciebie i Twoich zainteresowa\u0144. za 2 lata google.com __Secure-3PSID Te pliki cookie s\u0142u\u017c\u0105 do wy\u015bwietlania reklam bardziej odpowiednich dla Ciebie i Twoich zainteresowa\u0144. za 2 lata<br \/>\nReklama<br \/>\nTermin dotycz\u0105cy pliku cookie w\u0142a\u015bciwo\u015bci google.com 1P_JAR<br \/>\nTe pliki cookie s\u0105 ustawiane za pomoc\u0105 osadzonych film\u00f3w z YouTube. Rejestruj\u0105 anonimowe dane statystyczne, na przyk\u0142ad o tym, ile razy film jest odtwarzany i jakie ustawienia s\u0105 u\u017cywane do odtwarzania. za miesi\u0105c APISID google.com<br \/>\nPobierz okre\u015blone narz\u0119dzia Google i zapisz okre\u015blone preferencje, na przyk\u0142ad liczb\u0119 wynik\u00f3w wyszukiwania na stronie lub aktywacj\u0119 filtra SafeSearch. Dostosuj reklamy wy\u015bwietlane w wyszukiwarce Google. za 2 lata HSID Google.com<br \/>\nPobierz okre\u015blone narz\u0119dzia Google i zapisz okre\u015blone preferencje, na przyk\u0142ad liczb\u0119 wynik\u00f3w wyszukiwania na stronie lub aktywacj\u0119 filtra SafeSearch. dostosowa\u0107<br \/>\nreklamy, kt\u00f3re pojawiaj\u0105 si\u0119 w wyszukiwarce Google. za 2 lata FARSHAD SHIRI PAHLEVANI<br \/>\nS.4<br \/>\nFARSHAD SHIRI PAHLEVANI<br \/>\nC\/ PERPETUA SOCORRO, 33 \u2013 1\u00ba G 03160 ALMORADI (Alacant) google.com NID<br \/>\nTe pliki cookie s\u0142u\u017c\u0105 do zbierania statystyk witryny i \u015bledzenia wsp\u00f3\u0142czynnik\u00f3w konwersji oraz personalizacji reklam Google w ci\u0105gu 7 miesi\u0119cy google.com OTZ Zagregowana analiza odwiedzaj\u0105cych witryn\u0119 w ci\u0105gu 11 dni google.com SAPISID<br \/>\nPobierz okre\u015blone narz\u0119dzia Google i zapisz okre\u015blone preferencje, na przyk\u0142ad liczb\u0119 wynik\u00f3w wyszukiwania na stronie lub aktywacj\u0119 filtra SafeSearch. dostosowa\u0107<br \/>\nreklamy, kt\u00f3re pojawiaj\u0105 si\u0119 w wyszukiwarce Google. za 2 lata google.com SID Pobierz okre\u015blone narz\u0119dzia Google i zapisz okre\u015blone preferencje, na przyk\u0142ad liczb\u0119 wynik\u00f3w wyszukiwania na stronie lub aktywacj\u0119 filtra SafeSearch. Dostosuj reklamy wy\u015bwietlane w wyszukiwarce Google. za 2 lata google.com SIDCC Pobierz okre\u015blone narz\u0119dzia Google i zapisz okre\u015blone preferencje, na przyk\u0142ad liczb\u0119 wynik\u00f3w wyszukiwania na stronie lub aktywacj\u0119 filtra SafeSearch. Dostosuj reklamy wy\u015bwietlane w wyszukiwarce Google. za rok SSID google.com Pobierz okre\u015blone narz\u0119dzia Google i zapisz okre\u015blone preferencje, na przyk\u0142ad liczb\u0119 wynik\u00f3w wyszukiwania na stronie lub aktywacj\u0119 filtra SafeSearch.<br \/>\nDostosuj reklamy wy\u015bwietlane w wyszukiwarce Google. za 2 lata<br \/>\nCOOKIES STRON TRZECICH<br \/>\nUs\u0142ugi stron trzecich s\u0105 poza kontrol\u0105 wydawcy. Dostawcy mog\u0105 w ka\u017cdej chwili zmieni\u0107 warunki \u015bwiadczenia us\u0142ug, cel i wykorzystanie plik\u00f3w cookies itp.<br \/>\nZewn\u0119trzni dostawcy tej strony internetowej:<br \/>\nPolityka prywatno\u015bci wydawcy<br \/>\nGoogle https:\/\/privacy.google.com\/take-control.html<br \/>\nGoogle https:\/\/safety.google\/privacy\/p kontrola-prywatnosci\/<br \/>\nPANEL KONFIGURACJI PLIK\u00d3W COOKIE<br \/>\nZ tego panelu mo\u017cna skonfigurowa\u0107 pliki cookie, kt\u00f3re witryna mo\u017ce zainstalowa\u0107 w przegl\u0105darce, z wyj\u0105tkiem technicznych lub funkcjonalnych plik\u00f3w cookie, kt\u00f3re s\u0105 niezb\u0119dne do przegl\u0105dania i korzystania z r\u00f3\u017cnych oferowanych opcji lub us\u0142ug.<br \/>\nokienko ciasteczek<br \/>\nJAK ZARZ\u0104DZA\u0106 COOKIES W PRZEGL\u0104DARCE?<br \/>\nUsu\u0144 pliki cookie z urz\u0105dzenia<br \/>\nPliki cookie, kt\u00f3re ju\u017c znajduj\u0105 si\u0119 na urz\u0105dzeniu, mo\u017cna usun\u0105\u0107 poprzez wyczyszczenie historii urz\u0105dzenia.<br \/>\nprzegl\u0105darki, tym samym usuwaj\u0105c pliki cookie ze wszystkich odwiedzanych stron internetowych.<br \/>\nJednak niekt\u00f3re zapisane informacje (na przyk\u0142ad dane logowania lub preferencje witryny) mog\u0105 r\u00f3wnie\u017c zosta\u0107 utracone. FARSHAD SHIRI PAHLEVANI<br \/>\nP.5<br \/>\nFARSHAD SHIRI PAHLEVANI<br \/>\nC\/ PERPETUA SOCORRO, 33 \u2013 1\u00ba G 03160 ALMORADI (Alacant)<br \/>\nZarz\u0105dzanie plikami cookie specyficznymi dla witryny Aby uzyska\u0107 bardziej precyzyjn\u0105 kontrol\u0119 nad plikami cookie specyficznymi dla witryny, u\u017cytkownicy mog\u0105 dostosowa\u0107 ustawienia prywatno\u015bci i plik\u00f3w cookie w swojej przegl\u0105darce.<br \/>\nblokowa\u0107 pliki cookie<br \/>\nChocia\u017c wi\u0119kszo\u015b\u0107 nowoczesnych przegl\u0105darek mo\u017cna skonfigurowa\u0107 tak, aby zapobiega\u0107<br \/>\npliki cookie s\u0105 instalowane na urz\u0105dzeniach, mo\u017ce to wymaga\u0107 r\u0119cznego dostosowania niekt\u00f3rych preferencji za ka\u017cdym razem, gdy odwiedzana jest witryna lub strona. Ponadto niekt\u00f3re us\u0142ugi i funkcje mog\u0105 nie dzia\u0142a\u0107 poprawnie (na przyk\u0142ad logowanie do profilu).<br \/>\nJAK USUN\u0104\u0106 COOKIES Z NAJCZ\u0118STSZEJ PRZEGL\u0104DARKI?<br \/>\nChrome http:\/\/support.google.com\/chrome\/answer\/95647?hl=es<br \/>\nKraw\u0119d\u017a https:\/\/support.microsoft.com\/es-es\/microsoft-edge\/eliminar-las-cookies-en-microsoft-edge-63947406-40ac-c3b8-57b9-2a946a29ae09<br \/>\nEksplorator https:\/\/support.microsoft.com\/es-es\/help\/278835\/how-to-delete-cookie-files-in-internet-explorer<br \/>\nFirefox https:\/\/www.mozilla.org\/es-ES\/privacy\/websites\/#cookies<br \/>\nSafari https:\/\/support.apple.com\/es-es\/guide\/safari\/sfri11471\/mac<br \/>\nOpera https:\/\/help.opera.com\/en\/latest\/security-and-privacy\/#clearBrowsingData<\/p>\n\r\n\t\t<\/div>\r\n\t<\/div>\r\n<\/div><\/div><\/div><\/div><\/div><\/section>\n","protected":false},"excerpt":{"rendered":"INFORMACJE O COOKIES Zgodnie z Ustaw\u0105 34\/2002 z dnia 11 lipca o us\u0142ugach spo\u0142ecze\u0144stwa informacyjnego i handlu elektronicznego (LSSI), w zwi\u0105zku z Rozporz\u0105dzeniem Parlamentu Europejskiego i Rady (UE) 2016\/679 z dnia 27 kwietnia 2016 r., Og\u00f3lne o ochronie danych (RODO) i ustawie organicznej 3\/2018 z dnia 5 grudnia, o ochronie danych i gwarancji praw cyfrowych...","protected":false},"author":3,"featured_media":0,"parent":0,"menu_order":0,"comment_status":"closed","ping_status":"closed","template":"","meta":[],"yoast_head":"<!-- This site is optimized with the Yoast SEO plugin v17.0 - https:\/\/yoast.com\/wordpress\/plugins\/seo\/ -->\n<title>Polityka plik\u00f3w cookie - Empresa de Servicios Sipm<\/title>\n<meta name=\"robots\" content=\"index, follow, max-snippet:-1, max-image-preview:large, max-video-preview:-1\" \/>\n<link rel=\"canonical\" href=\"https:\/\/sipm.es\/pl\/politica-de-cookies\/\" \/>\n<meta property=\"og:locale\" content=\"pl_PL\" \/>\n<meta property=\"og:type\" content=\"article\" \/>\n<meta property=\"og:title\" content=\"Polityka plik\u00f3w cookie - Empresa de Servicios Sipm\" \/>\n<meta property=\"og:url\" content=\"https:\/\/sipm.es\/politica-de-cookies\/\" \/>\n<meta property=\"og:site_name\" content=\"Empresa de Servicios Sipm\" \/>\n<meta name=\"twitter:card\" content=\"summary_large_image\" \/>\n<meta name=\"twitter:label1\" content=\"Szacowany czas czytania\" \/>\n\t<meta name=\"twitter:data1\" content=\"9 minut\" \/>\n<script type=\"application\/ld+json\" class=\"yoast-schema-graph\">{\"@context\":\"https:\/\/schema.org\",\"@graph\":[{\"@type\":\"Organization\",\"@id\":\"https:\/\/sipm.es\/de\/#organization\",\"name\":\"Sipm Toldos y Reformas\",\"url\":\"https:\/\/sipm.es\/de\/\",\"sameAs\":[],\"logo\":{\"@type\":\"ImageObject\",\"@id\":\"https:\/\/sipm.es\/de\/#logo\",\"inLanguage\":\"pl-PL\",\"url\":\"https:\/\/sipm.es\/wp-content\/uploads\/2017\/07\/logo-pagina-web.png\",\"contentUrl\":\"https:\/\/sipm.es\/wp-content\/uploads\/2017\/07\/logo-pagina-web.png\",\"width\":500,\"height\":323,\"caption\":\"Sipm Toldos y Reformas\"},\"image\":{\"@id\":\"https:\/\/sipm.es\/de\/#logo\"}},{\"@type\":\"WebSite\",\"@id\":\"https:\/\/sipm.es\/de\/#website\",\"url\":\"https:\/\/sipm.es\/de\/\",\"name\":\"Mantenimiento y Montaje de Toldos\",\"description\":\"Construcci\\u00f3n, Reformas, Venta y Alquiler de Viviendas\",\"publisher\":{\"@id\":\"https:\/\/sipm.es\/de\/#organization\"},\"potentialAction\":[{\"@type\":\"SearchAction\",\"target\":{\"@type\":\"EntryPoint\",\"urlTemplate\":\"https:\/\/sipm.es\/de\/?s={search_term_string}\"},\"query-input\":\"required name=search_term_string\"}],\"inLanguage\":\"pl-PL\"},{\"@type\":\"WebPage\",\"@id\":\"https:\/\/sipm.es\/politica-de-cookies\/#webpage\",\"url\":\"https:\/\/sipm.es\/politica-de-cookies\/\",\"name\":\"Polityka plik\\u00f3w cookie - Empresa de Servicios Sipm\",\"isPartOf\":{\"@id\":\"https:\/\/sipm.es\/de\/#website\"},\"datePublished\":\"2022-01-18T19:25:55+00:00\",\"dateModified\":\"2022-01-18T19:25:55+00:00\",\"breadcrumb\":{\"@id\":\"https:\/\/sipm.es\/politica-de-cookies\/#breadcrumb\"},\"inLanguage\":\"pl-PL\",\"potentialAction\":[{\"@type\":\"ReadAction\",\"target\":[\"https:\/\/sipm.es\/politica-de-cookies\/\"]}]},{\"@type\":\"BreadcrumbList\",\"@id\":\"https:\/\/sipm.es\/politica-de-cookies\/#breadcrumb\",\"itemListElement\":[{\"@type\":\"ListItem\",\"position\":1,\"name\":\"Portada\",\"item\":\"https:\/\/sipm.es\/pl\/\"},{\"@type\":\"ListItem\",\"position\":2,\"name\":\"Polityka plik\\u00f3w cookie\"}]}]}<\/script>\n<!-- \/ Yoast SEO plugin. -->","yoast_head_json":{"title":"Polityka plik\u00f3w cookie - Empresa de Servicios Sipm","robots":{"index":"index","follow":"follow","max-snippet":"max-snippet:-1","max-image-preview":"max-image-preview:large","max-video-preview":"max-video-preview:-1"},"canonical":"https:\/\/sipm.es\/pl\/politica-de-cookies\/","og_locale":"pl_PL","og_type":"article","og_title":"Polityka plik\u00f3w cookie - Empresa de Servicios Sipm","og_url":"https:\/\/sipm.es\/politica-de-cookies\/","og_site_name":"Empresa de Servicios Sipm","twitter_card":"summary_large_image","twitter_misc":{"Szacowany czas czytania":"9 minut"},"schema":{"@context":"https:\/\/schema.org","@graph":[{"@type":"Organization","@id":"https:\/\/sipm.es\/de\/#organization","name":"Sipm Toldos y Reformas","url":"https:\/\/sipm.es\/de\/","sameAs":[],"logo":{"@type":"ImageObject","@id":"https:\/\/sipm.es\/de\/#logo","inLanguage":"pl-PL","url":"https:\/\/sipm.es\/wp-content\/uploads\/2017\/07\/logo-pagina-web.png","contentUrl":"https:\/\/sipm.es\/wp-content\/uploads\/2017\/07\/logo-pagina-web.png","width":500,"height":323,"caption":"Sipm Toldos y Reformas"},"image":{"@id":"https:\/\/sipm.es\/de\/#logo"}},{"@type":"WebSite","@id":"https:\/\/sipm.es\/de\/#website","url":"https:\/\/sipm.es\/de\/","name":"Mantenimiento y Montaje de Toldos","description":"Construcci\u00f3n, Reformas, Venta y Alquiler de Viviendas","publisher":{"@id":"https:\/\/sipm.es\/de\/#organization"},"potentialAction":[{"@type":"SearchAction","target":{"@type":"EntryPoint","urlTemplate":"https:\/\/sipm.es\/de\/?s={search_term_string}"},"query-input":"required name=search_term_string"}],"inLanguage":"pl-PL"},{"@type":"WebPage","@id":"https:\/\/sipm.es\/politica-de-cookies\/#webpage","url":"https:\/\/sipm.es\/politica-de-cookies\/","name":"Polityka plik\u00f3w cookie - Empresa de Servicios Sipm","isPartOf":{"@id":"https:\/\/sipm.es\/de\/#website"},"datePublished":"2022-01-18T19:25:55+00:00","dateModified":"2022-01-18T19:25:55+00:00","breadcrumb":{"@id":"https:\/\/sipm.es\/politica-de-cookies\/#breadcrumb"},"inLanguage":"pl-PL","potentialAction":[{"@type":"ReadAction","target":["https:\/\/sipm.es\/politica-de-cookies\/"]}]},{"@type":"BreadcrumbList","@id":"https:\/\/sipm.es\/politica-de-cookies\/#breadcrumb","itemListElement":[{"@type":"ListItem","position":1,"name":"Portada","item":"https:\/\/sipm.es\/pl\/"},{"@type":"ListItem","position":2,"name":"Polityka plik\u00f3w cookie"}]}]}},"_links":{"self":[{"href":"https:\/\/sipm.es\/pl\/wp-json\/wp\/v2\/pages\/8982"}],"collection":[{"href":"https:\/\/sipm.es\/pl\/wp-json\/wp\/v2\/pages"}],"about":[{"href":"https:\/\/sipm.es\/pl\/wp-json\/wp\/v2\/types\/page"}],"author":[{"embeddable":true,"href":"https:\/\/sipm.es\/pl\/wp-json\/wp\/v2\/users\/3"}],"replies":[{"embeddable":true,"href":"https:\/\/sipm.es\/pl\/wp-json\/wp\/v2\/comments?post=8982"}],"version-history":[{"count":2,"href":"https:\/\/sipm.es\/pl\/wp-json\/wp\/v2\/pages\/8982\/revisions"}],"predecessor-version":[{"id":8984,"href":"https:\/\/sipm.es\/pl\/wp-json\/wp\/v2\/pages\/8982\/revisions\/8984"}],"wp:attachment":[{"href":"https:\/\/sipm.es\/pl\/wp-json\/wp\/v2\/media?parent=8982"}],"curies":[{"name":"wp","href":"https:\/\/api.w.org\/{rel}","templated":true}]}}