{"id":8900,"date":"2021-07-07T13:49:49","date_gmt":"2021-07-07T13:49:49","guid":{"rendered":"https:\/\/sipm.es\/blad-404\/"},"modified":"2021-07-07T13:49:50","modified_gmt":"2021-07-07T13:49:50","slug":"blad-404","status":"publish","type":"page","link":"https:\/\/sipm.es\/pl\/blad-404\/","title":{"rendered":"B\u0142\u0105d 404"},"content":{"rendered":"<section class=\"l-section wpb_row height_full valign_center\"><div class=\"l-section-h i-cf\"><div class=\"g-cols vc_row type_default valign_middle\"><div class=\"vc_col-sm-12 wpb_column vc_column_container\"><div class=\"vc_column-inner\"><div class=\"wpb_wrapper\"><div class=\"w-iconbox iconpos_top style_circle color_primary align_center\"><div class=\"w-iconbox-icon\" style=\"font-size:6rem;\"><i class=\"far fa-map-marked-alt\"><\/i><\/div><div class=\"w-iconbox-meta\"><h2 class=\"w-iconbox-title\">To jest strona \u201eb\u0142\u0119du 404\u201d<\/h2><div class=\"w-iconbox-text\"><p>Mo\u017cesz dostosowa\u0107 t\u0119 stron\u0119 jak ka\u017cd\u0105 inn\u0105 stron\u0119 poprzez Kreator Stron. Mo\u017cna r\u00f3wnie\u017c zmieni\u0107 opcje nag\u0142\u00f3wka, paska tytu\u0142u, paska bocznego, stopki.<\/p>\n<\/div><\/div><\/div><div class=\"w-separator size_small\"><\/div>\r\n\t<div class=\"wpb_text_column \">\r\n\t\t<div class=\"wpb_wrapper\">\r\n\t\t\t<p style=\"text-align: center;\"><a href=\"https:\/\/www.aledasoft.com\/\">Sprawd\u017a domy\u015blny wygl\u0105d strony b\u0142\u0119du 404.<\/a><\/p>\n\r\n\t\t<\/div>\r\n\t<\/div>\r\n<\/div><\/div><\/div><\/div><\/div><\/section>\n","protected":false},"excerpt":{"rendered":"To jest strona \u201eb\u0142\u0119du 404\u201dMo\u017cesz dostosowa\u0107 t\u0119 stron\u0119 jak ka\u017cd\u0105 inn\u0105 stron\u0119 poprzez Kreator Stron. Mo\u017cna r\u00f3wnie\u017c zmieni\u0107 opcje nag\u0142\u00f3wka, paska tytu\u0142u, paska bocznego, stopki. Sprawd\u017a domy\u015blny wygl\u0105d strony b\u0142\u0119du 404.","protected":false},"author":3,"featured_media":0,"parent":0,"menu_order":0,"comment_status":"closed","ping_status":"closed","template":"","meta":[],"yoast_head":"<!-- This site is optimized with the Yoast SEO plugin v17.0 - https:\/\/yoast.com\/wordpress\/plugins\/seo\/ -->\n<title>B\u0142\u0105d 404 - Empresa de Servicios Sipm<\/title>\n<meta name=\"robots\" content=\"index, follow, max-snippet:-1, max-image-preview:large, max-video-preview:-1\" \/>\n<link rel=\"canonical\" href=\"https:\/\/sipm.es\/pl\/blad-404\/\" \/>\n<meta property=\"og:locale\" content=\"pl_PL\" \/>\n<meta property=\"og:type\" content=\"article\" \/>\n<meta property=\"og:title\" content=\"B\u0142\u0105d 404 - Empresa de Servicios Sipm\" \/>\n<meta property=\"og:url\" content=\"https:\/\/sipm.es\/pl\/blad-404\/\" \/>\n<meta property=\"og:site_name\" content=\"Empresa de Servicios Sipm\" \/>\n<meta property=\"article:modified_time\" content=\"2021-07-07T13:49:50+00:00\" \/>\n<meta name=\"twitter:card\" content=\"summary_large_image\" \/>\n<script type=\"application\/ld+json\" class=\"yoast-schema-graph\">{\"@context\":\"https:\/\/schema.org\",\"@graph\":[{\"@type\":\"Organization\",\"@id\":\"https:\/\/sipm.es\/de\/#organization\",\"name\":\"Sipm Toldos y Reformas\",\"url\":\"https:\/\/sipm.es\/de\/\",\"sameAs\":[],\"logo\":{\"@type\":\"ImageObject\",\"@id\":\"https:\/\/sipm.es\/de\/#logo\",\"inLanguage\":\"pl-PL\",\"url\":\"https:\/\/sipm.es\/wp-content\/uploads\/2017\/07\/logo-pagina-web.png\",\"contentUrl\":\"https:\/\/sipm.es\/wp-content\/uploads\/2017\/07\/logo-pagina-web.png\",\"width\":500,\"height\":323,\"caption\":\"Sipm Toldos y Reformas\"},\"image\":{\"@id\":\"https:\/\/sipm.es\/de\/#logo\"}},{\"@type\":\"WebSite\",\"@id\":\"https:\/\/sipm.es\/de\/#website\",\"url\":\"https:\/\/sipm.es\/de\/\",\"name\":\"Mantenimiento y Montaje de Toldos\",\"description\":\"Construcci\\u00f3n, Reformas, Venta y Alquiler de Viviendas\",\"publisher\":{\"@id\":\"https:\/\/sipm.es\/de\/#organization\"},\"potentialAction\":[{\"@type\":\"SearchAction\",\"target\":{\"@type\":\"EntryPoint\",\"urlTemplate\":\"https:\/\/sipm.es\/de\/?s={search_term_string}\"},\"query-input\":\"required name=search_term_string\"}],\"inLanguage\":\"pl-PL\"},{\"@type\":\"WebPage\",\"@id\":\"https:\/\/sipm.es\/pl\/blad-404\/#webpage\",\"url\":\"https:\/\/sipm.es\/pl\/blad-404\/\",\"name\":\"B\\u0142\\u0105d 404 - Empresa de Servicios Sipm\",\"isPartOf\":{\"@id\":\"https:\/\/sipm.es\/de\/#website\"},\"datePublished\":\"2021-07-07T13:49:49+00:00\",\"dateModified\":\"2021-07-07T13:49:50+00:00\",\"breadcrumb\":{\"@id\":\"https:\/\/sipm.es\/pl\/blad-404\/#breadcrumb\"},\"inLanguage\":\"pl-PL\",\"potentialAction\":[{\"@type\":\"ReadAction\",\"target\":[\"https:\/\/sipm.es\/pl\/blad-404\/\"]}]},{\"@type\":\"BreadcrumbList\",\"@id\":\"https:\/\/sipm.es\/pl\/blad-404\/#breadcrumb\",\"itemListElement\":[{\"@type\":\"ListItem\",\"position\":1,\"name\":\"Portada\",\"item\":\"https:\/\/sipm.es\/pl\/\"},{\"@type\":\"ListItem\",\"position\":2,\"name\":\"B\\u0142\\u0105d 404\"}]}]}<\/script>\n<!-- \/ Yoast SEO plugin. -->","yoast_head_json":{"title":"B\u0142\u0105d 404 - Empresa de Servicios Sipm","robots":{"index":"index","follow":"follow","max-snippet":"max-snippet:-1","max-image-preview":"max-image-preview:large","max-video-preview":"max-video-preview:-1"},"canonical":"https:\/\/sipm.es\/pl\/blad-404\/","og_locale":"pl_PL","og_type":"article","og_title":"B\u0142\u0105d 404 - Empresa de Servicios Sipm","og_url":"https:\/\/sipm.es\/pl\/blad-404\/","og_site_name":"Empresa de Servicios Sipm","article_modified_time":"2021-07-07T13:49:50+00:00","twitter_card":"summary_large_image","schema":{"@context":"https:\/\/schema.org","@graph":[{"@type":"Organization","@id":"https:\/\/sipm.es\/de\/#organization","name":"Sipm Toldos y Reformas","url":"https:\/\/sipm.es\/de\/","sameAs":[],"logo":{"@type":"ImageObject","@id":"https:\/\/sipm.es\/de\/#logo","inLanguage":"pl-PL","url":"https:\/\/sipm.es\/wp-content\/uploads\/2017\/07\/logo-pagina-web.png","contentUrl":"https:\/\/sipm.es\/wp-content\/uploads\/2017\/07\/logo-pagina-web.png","width":500,"height":323,"caption":"Sipm Toldos y Reformas"},"image":{"@id":"https:\/\/sipm.es\/de\/#logo"}},{"@type":"WebSite","@id":"https:\/\/sipm.es\/de\/#website","url":"https:\/\/sipm.es\/de\/","name":"Mantenimiento y Montaje de Toldos","description":"Construcci\u00f3n, Reformas, Venta y Alquiler de Viviendas","publisher":{"@id":"https:\/\/sipm.es\/de\/#organization"},"potentialAction":[{"@type":"SearchAction","target":{"@type":"EntryPoint","urlTemplate":"https:\/\/sipm.es\/de\/?s={search_term_string}"},"query-input":"required name=search_term_string"}],"inLanguage":"pl-PL"},{"@type":"WebPage","@id":"https:\/\/sipm.es\/pl\/blad-404\/#webpage","url":"https:\/\/sipm.es\/pl\/blad-404\/","name":"B\u0142\u0105d 404 - Empresa de Servicios Sipm","isPartOf":{"@id":"https:\/\/sipm.es\/de\/#website"},"datePublished":"2021-07-07T13:49:49+00:00","dateModified":"2021-07-07T13:49:50+00:00","breadcrumb":{"@id":"https:\/\/sipm.es\/pl\/blad-404\/#breadcrumb"},"inLanguage":"pl-PL","potentialAction":[{"@type":"ReadAction","target":["https:\/\/sipm.es\/pl\/blad-404\/"]}]},{"@type":"BreadcrumbList","@id":"https:\/\/sipm.es\/pl\/blad-404\/#breadcrumb","itemListElement":[{"@type":"ListItem","position":1,"name":"Portada","item":"https:\/\/sipm.es\/pl\/"},{"@type":"ListItem","position":2,"name":"B\u0142\u0105d 404"}]}]}},"_links":{"self":[{"href":"https:\/\/sipm.es\/pl\/wp-json\/wp\/v2\/pages\/8900"}],"collection":[{"href":"https:\/\/sipm.es\/pl\/wp-json\/wp\/v2\/pages"}],"about":[{"href":"https:\/\/sipm.es\/pl\/wp-json\/wp\/v2\/types\/page"}],"author":[{"embeddable":true,"href":"https:\/\/sipm.es\/pl\/wp-json\/wp\/v2\/users\/3"}],"replies":[{"embeddable":true,"href":"https:\/\/sipm.es\/pl\/wp-json\/wp\/v2\/comments?post=8900"}],"version-history":[{"count":1,"href":"https:\/\/sipm.es\/pl\/wp-json\/wp\/v2\/pages\/8900\/revisions"}],"predecessor-version":[{"id":8901,"href":"https:\/\/sipm.es\/pl\/wp-json\/wp\/v2\/pages\/8900\/revisions\/8901"}],"wp:attachment":[{"href":"https:\/\/sipm.es\/pl\/wp-json\/wp\/v2\/media?parent=8900"}],"curies":[{"name":"wp","href":"https:\/\/api.w.org\/{rel}","templated":true}]}}