{"id":8892,"date":"2021-07-07T13:41:52","date_gmt":"2021-07-07T13:41:52","guid":{"rendered":"https:\/\/sipm.es\/reformy\/"},"modified":"2021-07-07T14:02:51","modified_gmt":"2021-07-07T14:02:51","slug":"reformy","status":"publish","type":"page","link":"https:\/\/sipm.es\/pl\/reformy\/","title":{"rendered":"Reformy"},"content":{"rendered":"<section class=\"l-section wpb_row height_auto with_img with_overlay\"><div class=\"l-section-img\" style=\"background-image: url(https:\/\/sipm.es\/wp-content\/uploads\/2016\/12\/background-outer-wrapper.png);\" data-img-width=\"1770\" data-img-height=\"235\"><\/div><div class=\"l-section-overlay\" style=\"background-color: rgba(2,2,2,0.32)\"><\/div><div class=\"l-section-h i-cf\"><div class=\"g-cols vc_row type_default valign_top\"><div class=\"vc_col-sm-12 wpb_column vc_column_container\"><div class=\"vc_column-inner\"><div class=\"wpb_wrapper\">[vc_custom_heading text=&#8221;<strong>Reformy<\/strong>&#8221; font_container=&#8221;tag:h1|font_size:60|text_align:center|color:%23ffffff&#8221; use_theme_fonts=&#8221;yes&#8221;]<div class=\"w-iconbox iconpos_top style_default color_custom align_center no_title no_text\"><a class=\"w-iconbox-link\" href=\"#quehacemos\" aria-hidden=\"true\"><div class=\"w-iconbox-icon\" style=\"color:#ffffff;\"><i class=\"fas fa-chevron-down\"><\/i><\/div><\/a><div class=\"w-iconbox-meta\"><\/div><\/div><div class=\"w-separator size_custom\" style=\"height:30px;\"><\/div><\/div><\/div><\/div><\/div><\/div><\/section><section class=\"l-section wpb_row height_medium width_full\"><div class=\"l-section-h i-cf\"><div class=\"g-cols vc_row type_default valign_top\"><div class=\"vc_col-sm-12 wpb_column vc_column_container\"><div class=\"vc_column-inner\"><div class=\"wpb_wrapper\"><div class=\"g-cols wpb_row type_default valign_top vc_inner  vc_custom_1624292623860\"><div class=\"vc_col-sm-12 wpb_column vc_column_container\"><div class=\"vc_column-inner\"><div class=\"wpb_wrapper\">\r\n\t<div class=\"wpb_text_column \">\r\n\t\t<div class=\"wpb_wrapper\">\r\n\t\t\t<p>Sipm to firma, kt\u00f3ra posiada wysoko wyszkolony zesp\u00f3\u0142 ludzki, kt\u00f3ry jest w stanie prze\u0142o\u017cy\u0107 na prac\u0119 ka\u017cdy pomys\u0142 lub projekt, kt\u00f3rego za\u017c\u0105da klient.<\/p>\n<p>BHP we wszystkich naszych pracach jest jednym z naszych g\u0142\u00f3wnych priorytet\u00f3w. Dlatego we wszystkich wykonywanych przez nas pracach k\u0142adziemy szczeg\u00f3lny nacisk na wk\u0142adanie wszelkich niezb\u0119dnych \u015brodk\u00f3w do ich wykonania. W ten spos\u00f3b przyczyniamy si\u0119 do poprawy wska\u017anika wypadkowo\u015bci w miejscu pracy, kt\u00f3ry do dzi\u015b jest w naszym kraju bardzo wysoki.<\/p>\n<p>Przenosz\u0105c powiedzenie \u201epod klucz\u201d do naszej polityki biznesowej, wszystkim naszym klientom oferujemy mo\u017cliwo\u015b\u0107 wybudowania ich domu ca\u0142kowicie wyko\u0144czonego, poniewa\u017c posiadamy wysoko wykwalifikowane firmy wsp\u00f3\u0142pracuj\u0105ce we wszystkich dziedzinach niezb\u0119dnych do realizacji ich domu.<\/p>\n\r\n\t\t<\/div>\r\n\t<\/div>\r\n<\/div><\/div><\/div><\/div><\/div><\/div><\/div><\/div><\/div><\/section><section class=\"l-section wpb_row height_medium width_full\"><div class=\"l-section-h i-cf\" style=\"padding-top: 0px !important;\"><div class=\"g-cols vc_row type_default valign_top\"><div class=\"vc_col-sm-12 wpb_column vc_column_container\"><div class=\"vc_column-inner\"><div class=\"wpb_wrapper\">[vc_custom_heading text=&#8221;ZINTEGROWANA REFORMA&#8221; font_container=&#8221;tag:h2|text_align:center&#8221; use_theme_fonts=&#8221;yes&#8221;]<div class=\"w-separator size_small\"><\/div><div class=\"g-cols wpb_row type_default valign_middle vc_inner  vc_custom_1624291843632\"><div class=\"vc_col-sm-6 wpb_column vc_column_container\"><div class=\"vc_column-inner\"><div class=\"wpb_wrapper\">\r\n\t<div class=\"wpb_text_column \">\r\n\t\t<div class=\"wpb_wrapper\">\r\n\t\t\t<p>Je\u015bli chcesz ca\u0142kowicie zreformowa\u0107 swoje mieszkanie lub dom, jeste\u015bmy otwarci na wys\u0142uchanie Twoich pomys\u0142\u00f3w i zaoferowanie odpowiedniego bud\u017cetu dostosowanego do Twoich potrzeb.<\/p>\n<p>Z biegiem lat domy potrzebuj\u0105 zmiany, albo dlatego, \u017ce uleg\u0142y znacznemu pogorszeniu, albo dlatego, \u017ce mamy nowy pomys\u0142 i chcemy go aktualizowa\u0107 zgodnie z now\u0105 mod\u0105 i potrzebami.<\/p>\n<p>Posiadamy wystarczaj\u0105ce do\u015bwiadczenie i ludzki zesp\u00f3\u0142 przygotowany do stawienia czo\u0142a najtrudniejszym wyzwaniom zgodnie z Twoim bud\u017cetem.<\/p>\n<p>Integralna reforma musi obejmowa\u0107: rozbi\u00f3rk\u0119 \u015bcianek dzia\u0142owych w razie potrzeby, murowanie, now\u0105 instalacj\u0119 elektryczn\u0105 z niezb\u0119dnymi gniazdkami, monta\u017c ogrzewania i\/lub klimatyzacji, uk\u0142adanie nowej pod\u0142ogi, reform\u0119 kuchni, \u0142azienek, monta\u017c nowej stolarki, aluminium i\/lub lub drewniane drzwi, malowanie \u015bcian itp.<\/p>\n<p>Je\u015bli klient ma w\u0142asny pomys\u0142, ca\u0142\u0105 reform\u0119 przeprowadzimy zgodnie z instrukcjami klienta.<\/p>\n<p>Dopasowujemy si\u0119 do wszelkiego rodzaju projekt\u00f3w, zar\u00f3wno du\u017cych, jak i ma\u0142ych, zawsze z takim samym profesjonalizmem, aby reforma zako\u0144czy\u0142a si\u0119 sukcesem. Ty stawiasz projekt, a my przedstawimy Ci nasze pomys\u0142y na przeprowadzenie reformy z pe\u0142n\u0105 gwarancj\u0105.<\/p>\n\r\n\t\t<\/div>\r\n\t<\/div>\r\n<\/div><\/div><\/div><div class=\"vc_col-sm-6 wpb_column vc_column_container\"><div class=\"vc_column-inner\"><div class=\"wpb_wrapper\"><div class=\"w-image align_center animate_afr\" style=\"animation-delay:1s;\"><div class=\"w-image-h\"><img width=\"1240\" height=\"744\" src=\"https:\/\/sipm.es\/wp-content\/uploads\/2021\/06\/reformas-sipm.png\" class=\"attachment-full size-full\" alt=\"\" loading=\"lazy\" srcset=\"https:\/\/sipm.es\/wp-content\/uploads\/2021\/06\/reformas-sipm.png 1240w, https:\/\/sipm.es\/wp-content\/uploads\/2021\/06\/reformas-sipm-300x180.png 300w, https:\/\/sipm.es\/wp-content\/uploads\/2021\/06\/reformas-sipm-1024x614.png 1024w\" sizes=\"(max-width: 1240px) 100vw, 1240px\" \/><\/div><\/div><\/div><\/div><\/div><\/div><\/div><\/div><\/div><\/div><\/div><\/section><section class=\"l-section wpb_row height_medium width_full\"><div class=\"l-section-h i-cf\" style=\"padding-top: 0px !important;\"><div class=\"g-cols vc_row type_default valign_top\"><div class=\"vc_col-sm-12 wpb_column vc_column_container\"><div class=\"vc_column-inner\"><div class=\"wpb_wrapper\">[vc_custom_heading text=&#8221;RENOWACJA KUCHNI&#8221; font_container=&#8221;tag:h2|text_align:center&#8221; use_theme_fonts=&#8221;yes&#8221;]<div class=\"w-separator size_small\"><\/div><div class=\"g-cols wpb_row type_default valign_top vc_inner  vc_custom_1624292579212\"><div class=\"vc_col-sm-6 wpb_column vc_column_container\"><div class=\"vc_column-inner\"><div class=\"wpb_wrapper\"><div class=\"w-image align_center animate_afl\" style=\"animation-delay:1s;\"><div class=\"w-image-h\"><img width=\"1000\" height=\"600\" src=\"https:\/\/sipm.es\/wp-content\/uploads\/2021\/06\/reforma-cocina.png\" class=\"attachment-full size-full\" alt=\"\" loading=\"lazy\" srcset=\"https:\/\/sipm.es\/wp-content\/uploads\/2021\/06\/reforma-cocina.png 1000w, https:\/\/sipm.es\/wp-content\/uploads\/2021\/06\/reforma-cocina-300x180.png 300w\" sizes=\"(max-width: 1000px) 100vw, 1000px\" \/><\/div><\/div><\/div><\/div><\/div><div class=\"vc_col-sm-6 wpb_column vc_column_container\"><div class=\"vc_column-inner\"><div class=\"wpb_wrapper\">\r\n\t<div class=\"wpb_text_column \">\r\n\t\t<div class=\"wpb_wrapper\">\r\n\t\t\t<p>Kuchnia to przestrze\u0144, w kt\u00f3rej prawdopodobnie sp\u0119dzasz wi\u0119cej czasu, dzielimy si\u0119 do\u015bwiadczeniami i pomys\u0142ami z rodzin\u0105 i przyjaci\u00f3\u0142mi, dlatego chcemy, aby by\u0142a jak najbardziej przestronna i funkcjonalna. Staraj si\u0119 szanowa\u0107 obszar pracy (przygotowywanie naczy\u0144, zlew, piekarnik i kuchnia), obszar pasywny (jadalnia, magazyn itp.)<\/p>\n<p>Reforma kuchni opr\u00f3cz renowacji mebli poci\u0105ga za sob\u0105 zmian\u0119 gniazdek elektrycznych i\/lub dodanie nowych gniazdek, za kt\u00f3rymi zawsze t\u0119sknimy, zast\u0105pienie starego o\u015bwietlenia systemem \u017car\u00f3wek led, opr\u00f3cz instalacji i\/lub wymiana rur i dostosowanie energii elektrycznej do nowych przepis\u00f3w.<\/p>\n<p>Kuchnia to przestrze\u0144, kt\u00f3ra prawdopodobnie najbardziej ewoluowa\u0142a w domu, pocz\u0105tkowo z ma\u0142ej, ciemnej przestrzeni, z niewielk\u0105 wentylacj\u0105 i z dala od domu, w miejsce spotka\u0144 rodzinnych.<\/p>\n<p>Przed remontem kuchni oceniamy z klientem potrzeby i preferencje, aby to miejsce by\u0142o jak najbardziej przyjemne i ergonomiczne. Niewa\u017cne, czy Twoja kuchnia jest ma\u0142a, postaramy si\u0119 znale\u017a\u0107 najlepsze rozwi\u0105zanie.<\/p>\n<p>Kompletna reforma kuchni powinna obejmowa\u0107: usuwanie starych mebli, rozbi\u00f3rki, murowanie, instalacj\u0119 wodno-kanalizacyjn\u0105, instalacj\u0119 elektryczn\u0105 z dodatkowymi gniazdkami, kafelkowanie \u015bcian i pod\u0142\u00f3g, umieszczenie nowego o\u015bwietlenia, nowe meble kuchenne itp.<\/p>\n\r\n\t\t<\/div>\r\n\t<\/div>\r\n<\/div><\/div><\/div><\/div><\/div><\/div><\/div><\/div><\/div><\/section><section class=\"l-section wpb_row height_medium width_full\"><div class=\"l-section-h i-cf\" style=\"padding-top: 0px !important;\"><div class=\"g-cols vc_row type_default valign_top\"><div class=\"vc_col-sm-12 wpb_column vc_column_container\"><div class=\"vc_column-inner\"><div class=\"wpb_wrapper\">[vc_custom_heading text=&#8221;REFORMA \u0141AZIENKOWA&#8221; font_container=&#8221;tag:h2|text_align:center&#8221; use_theme_fonts=&#8221;yes&#8221;]<div class=\"w-separator size_small\"><\/div><div class=\"g-cols wpb_row type_default valign_top vc_inner  vc_custom_1624292668376\"><div class=\"vc_col-sm-6 wpb_column vc_column_container\"><div class=\"vc_column-inner\"><div class=\"wpb_wrapper\">\r\n\t<div class=\"wpb_text_column \">\r\n\t\t<div class=\"wpb_wrapper\">\r\n\t\t\t<p>Degradacja komponent\u00f3w, takich jak rury, przy\u0142\u0105cza, kolektory, zapraszaj\u0105 nas do reformy, ma to r\u00f3wnie\u017c wp\u0142yw na transformacj\u0119 materia\u0142\u00f3w, z kt\u00f3rych wykonana jest \u0142azienka, wszystkie te nowe elementy spe\u0142niaj\u0105 dodatkowe funkcje, takie jak: oszcz\u0119dno\u015b\u0107 miejsca i personalizacja.<\/p>\n<p>Na rynku dost\u0119pne s\u0105 niezliczone oferty kolor\u00f3w i r\u00f3\u017cnorodnych materia\u0142\u00f3w, oszcz\u0119dzaj\u0105cych energi\u0119 i zu\u017cycie, aby uczyni\u0107 go troch\u0119 bardziej ekologicznym.<\/p>\n<p>Kiedy przeprowadzamy remont \u0142azienki, dajemy warto\u015b\u0107 dodan\u0105 naszemu domowi, a przede wszystkim osobist\u0105 przyjemno\u015b\u0107.<\/p>\n<p>Reforma kompletnej \u0142azienki musi obejmowa\u0107: demonta\u017c toalety i wanny i\/lub brodzika, rozbi\u00f3rki, wymurowanie, instalacj\u0119 wodno-kanalizacyjn\u0105, instalacj\u0119 elektryczn\u0105 z dodatkowymi odp\u0142ywami, wykafelkowanie \u015bcian i pod\u0142\u00f3g, umieszczenie nowego o\u015bwietlenia, nowy sprz\u0119t sanitarny i baterie , parawan, wymiana akcesori\u00f3w \u0142azienkowych itp.<\/p>\n\r\n\t\t<\/div>\r\n\t<\/div>\r\n<\/div><\/div><\/div><div class=\"vc_col-sm-6 wpb_column vc_column_container\"><div class=\"vc_column-inner\"><div class=\"wpb_wrapper\"><div class=\"w-image align_none animate_afr\" style=\"animation-delay:1s;\"><div class=\"w-image-h\"><img width=\"1000\" height=\"600\" src=\"https:\/\/sipm.es\/wp-content\/uploads\/2021\/06\/reforma-de-ba\u00f1o.png\" class=\"attachment-full size-full\" alt=\"\" loading=\"lazy\" srcset=\"https:\/\/sipm.es\/wp-content\/uploads\/2021\/06\/reforma-de-ba\u00f1o.png 1000w, https:\/\/sipm.es\/wp-content\/uploads\/2021\/06\/reforma-de-ba\u00f1o-300x180.png 300w\" sizes=\"(max-width: 1000px) 100vw, 1000px\" \/><\/div><\/div><\/div><\/div><\/div><\/div><\/div><\/div><\/div><\/div><\/div><\/section><section class=\"l-section wpb_row height_medium\"><div class=\"l-section-h i-cf\"><div class=\"g-cols vc_row type_default valign_top\"><div class=\"vc_col-sm-12 wpb_column vc_column_container\"><div class=\"vc_column-inner\"><div class=\"wpb_wrapper\"><div class=\"w-form for_cform us_form_1\">\r\n\t<form class=\"w-form-h\" autocomplete=\"off\" action=\"https:\/\/sipm.es\/pl\/wp-json\/wp\/v2\/pages\/8892\" method=\"post\">\r\n\t\t\t\t<div class=\"w-form-row for_text\">\r\n\t\t<div class=\"w-form-row-field\">\r\n\t\t\t\t<input type=\"text\" name=\"us_form_1_text_1\" aria-label=\"Nazwa\" value=\"\" placeholder=\"Nazwa\"\/>\r\n\t\t<span class=\"w-form-row-field-bar\"><\/span>\r\n\t\t\t<\/div>\r\n\t\t<div class=\"w-form-row-state\">Fill out this field<\/div>\r\n<\/div>\r\n\t\t<div class=\"w-form-row for_email\">\r\n\t\t<div class=\"w-form-row-field\">\r\n\t\t\t\t<input type=\"email\" name=\"us_form_1_email_1\" aria-label=\"Email\" value=\"\" placeholder=\"Email\"\/>\r\n\t\t<span class=\"w-form-row-field-bar\"><\/span>\r\n\t\t\t<\/div>\r\n\t\t<div class=\"w-form-row-state\">Prosz\u0119 wprowadzi\u0107 prawid\u0142owy adres e-mail.<\/div>\r\n<\/div>\r\n\t\t<div class=\"w-form-row for_text\">\r\n\t\t<div class=\"w-form-row-field\">\r\n\t\t\t\t<input type=\"text\" name=\"us_form_1_text_2\" aria-label=\"Telefon\" value=\"\" placeholder=\"Telefon\"\/>\r\n\t\t<span class=\"w-form-row-field-bar\"><\/span>\r\n\t\t\t<\/div>\r\n\t\t<div class=\"w-form-row-state\">Fill out this field<\/div>\r\n<\/div>\r\n\t\t<div class=\"w-form-row for_textarea\">\r\n\t\t<div class=\"w-form-row-field\">\r\n\t\t\t\t<textarea  name=\"us_form_1_textarea_1\" aria-label=\"Wiadomo\u015b\u0107\" placeholder=\"Wiadomo\u015b\u0107\"><\/textarea>\r\n\t\t<span class=\"w-form-row-field-bar\"><\/span>\r\n\t\t\t<\/div>\r\n\t\t<div class=\"w-form-row-state\">Fill out this field<\/div>\r\n<\/div>\r\n\t\t<input type=\"hidden\" name=\"action\" value=\"us_ajax_cform\" \/>\r\n\t\t<input type=\"hidden\" name=\"post_id\" value=\"8892\" \/>\r\n\t\t<input type=\"hidden\" name=\"form_index\" value=\"1\" \/>\r\n\t\t<div class=\"w-form-row for_submit align_left\">\r\n\t<div class=\"w-form-row-field\">\r\n\t\t\t\t<button class=\"w-btn  us-btn-style_1\"  style=\"font-size:16px;\" type=\"submit\" aria-label=\"Zapytaj o bud\u017cet\">\r\n\t\t\t<span class=\"g-preloader type_1\"><\/span>\r\n\t\t\t\t\t\t<span class=\"w-btn-label\">Zapytaj o bud\u017cet<\/span>\r\n\t\t\t\t\t<\/button>\r\n\t<\/div>\r\n<\/div>\r\n\t\t\t\t<div class=\"w-form-message\"><\/div>\r\n\t\t\t<\/form>\r\n\t<div class=\"w-form-json hidden\" onclick='return {&quot;ajaxurl&quot;:&quot;https:\\\/\\\/sipm.es\\\/wp-admin\\\/admin-ajax.php&quot;}'><\/div>\r\n<\/div><\/div><\/div><\/div><\/div><\/div><\/section>\n","protected":false},"excerpt":{"rendered":"[vc_custom_heading text=\"Reformy\" font_container=\"tag:h1|font_size:60|text_align:center|color:%23ffffff\" use_theme_fonts=\"yes\"] Sipm to firma, kt\u00f3ra posiada wysoko wyszkolony zesp\u00f3\u0142 ludzki, kt\u00f3ry jest w stanie prze\u0142o\u017cy\u0107 na prac\u0119 ka\u017cdy pomys\u0142 lub projekt, kt\u00f3rego za\u017c\u0105da klient. BHP we wszystkich naszych pracach jest jednym z naszych g\u0142\u00f3wnych priorytet\u00f3w. Dlatego we wszystkich wykonywanych przez nas pracach k\u0142adziemy szczeg\u00f3lny nacisk na wk\u0142adanie wszelkich niezb\u0119dnych \u015brodk\u00f3w do ich...","protected":false},"author":3,"featured_media":0,"parent":0,"menu_order":0,"comment_status":"closed","ping_status":"closed","template":"","meta":[],"yoast_head":"<!-- This site is optimized with the Yoast SEO plugin v17.0 - https:\/\/yoast.com\/wordpress\/plugins\/seo\/ -->\n<title>Reformy - Empresa de Servicios Sipm<\/title>\n<meta name=\"robots\" content=\"index, follow, max-snippet:-1, max-image-preview:large, max-video-preview:-1\" \/>\n<link rel=\"canonical\" href=\"https:\/\/sipm.es\/pl\/reformy\/\" \/>\n<meta property=\"og:locale\" content=\"pl_PL\" \/>\n<meta property=\"og:type\" content=\"article\" \/>\n<meta property=\"og:title\" content=\"Reformy - Empresa de Servicios Sipm\" \/>\n<meta property=\"og:url\" content=\"https:\/\/sipm.es\/pl\/reformy\/\" \/>\n<meta property=\"og:site_name\" content=\"Empresa de Servicios Sipm\" \/>\n<meta property=\"article:modified_time\" content=\"2021-07-07T14:02:51+00:00\" \/>\n<meta name=\"twitter:card\" content=\"summary_large_image\" \/>\n<meta name=\"twitter:label1\" content=\"Szacowany czas czytania\" \/>\n\t<meta name=\"twitter:data1\" content=\"5 minut\" \/>\n<script type=\"application\/ld+json\" class=\"yoast-schema-graph\">{\"@context\":\"https:\/\/schema.org\",\"@graph\":[{\"@type\":\"Organization\",\"@id\":\"https:\/\/sipm.es\/de\/#organization\",\"name\":\"Sipm Toldos y Reformas\",\"url\":\"https:\/\/sipm.es\/de\/\",\"sameAs\":[],\"logo\":{\"@type\":\"ImageObject\",\"@id\":\"https:\/\/sipm.es\/de\/#logo\",\"inLanguage\":\"pl-PL\",\"url\":\"https:\/\/sipm.es\/wp-content\/uploads\/2017\/07\/logo-pagina-web.png\",\"contentUrl\":\"https:\/\/sipm.es\/wp-content\/uploads\/2017\/07\/logo-pagina-web.png\",\"width\":500,\"height\":323,\"caption\":\"Sipm Toldos y Reformas\"},\"image\":{\"@id\":\"https:\/\/sipm.es\/de\/#logo\"}},{\"@type\":\"WebSite\",\"@id\":\"https:\/\/sipm.es\/de\/#website\",\"url\":\"https:\/\/sipm.es\/de\/\",\"name\":\"Mantenimiento y Montaje de Toldos\",\"description\":\"Construcci\\u00f3n, Reformas, Venta y Alquiler de Viviendas\",\"publisher\":{\"@id\":\"https:\/\/sipm.es\/de\/#organization\"},\"potentialAction\":[{\"@type\":\"SearchAction\",\"target\":{\"@type\":\"EntryPoint\",\"urlTemplate\":\"https:\/\/sipm.es\/de\/?s={search_term_string}\"},\"query-input\":\"required name=search_term_string\"}],\"inLanguage\":\"pl-PL\"},{\"@type\":\"WebPage\",\"@id\":\"https:\/\/sipm.es\/pl\/reformy\/#webpage\",\"url\":\"https:\/\/sipm.es\/pl\/reformy\/\",\"name\":\"Reformy - Empresa de Servicios Sipm\",\"isPartOf\":{\"@id\":\"https:\/\/sipm.es\/de\/#website\"},\"datePublished\":\"2021-07-07T13:41:52+00:00\",\"dateModified\":\"2021-07-07T14:02:51+00:00\",\"breadcrumb\":{\"@id\":\"https:\/\/sipm.es\/pl\/reformy\/#breadcrumb\"},\"inLanguage\":\"pl-PL\",\"potentialAction\":[{\"@type\":\"ReadAction\",\"target\":[\"https:\/\/sipm.es\/pl\/reformy\/\"]}]},{\"@type\":\"BreadcrumbList\",\"@id\":\"https:\/\/sipm.es\/pl\/reformy\/#breadcrumb\",\"itemListElement\":[{\"@type\":\"ListItem\",\"position\":1,\"name\":\"Portada\",\"item\":\"https:\/\/sipm.es\/pl\/\"},{\"@type\":\"ListItem\",\"position\":2,\"name\":\"Reformy\"}]}]}<\/script>\n<!-- \/ Yoast SEO plugin. -->","yoast_head_json":{"title":"Reformy - Empresa de Servicios Sipm","robots":{"index":"index","follow":"follow","max-snippet":"max-snippet:-1","max-image-preview":"max-image-preview:large","max-video-preview":"max-video-preview:-1"},"canonical":"https:\/\/sipm.es\/pl\/reformy\/","og_locale":"pl_PL","og_type":"article","og_title":"Reformy - Empresa de Servicios Sipm","og_url":"https:\/\/sipm.es\/pl\/reformy\/","og_site_name":"Empresa de Servicios Sipm","article_modified_time":"2021-07-07T14:02:51+00:00","twitter_card":"summary_large_image","twitter_misc":{"Szacowany czas czytania":"5 minut"},"schema":{"@context":"https:\/\/schema.org","@graph":[{"@type":"Organization","@id":"https:\/\/sipm.es\/de\/#organization","name":"Sipm Toldos y Reformas","url":"https:\/\/sipm.es\/de\/","sameAs":[],"logo":{"@type":"ImageObject","@id":"https:\/\/sipm.es\/de\/#logo","inLanguage":"pl-PL","url":"https:\/\/sipm.es\/wp-content\/uploads\/2017\/07\/logo-pagina-web.png","contentUrl":"https:\/\/sipm.es\/wp-content\/uploads\/2017\/07\/logo-pagina-web.png","width":500,"height":323,"caption":"Sipm Toldos y Reformas"},"image":{"@id":"https:\/\/sipm.es\/de\/#logo"}},{"@type":"WebSite","@id":"https:\/\/sipm.es\/de\/#website","url":"https:\/\/sipm.es\/de\/","name":"Mantenimiento y Montaje de Toldos","description":"Construcci\u00f3n, Reformas, Venta y Alquiler de Viviendas","publisher":{"@id":"https:\/\/sipm.es\/de\/#organization"},"potentialAction":[{"@type":"SearchAction","target":{"@type":"EntryPoint","urlTemplate":"https:\/\/sipm.es\/de\/?s={search_term_string}"},"query-input":"required name=search_term_string"}],"inLanguage":"pl-PL"},{"@type":"WebPage","@id":"https:\/\/sipm.es\/pl\/reformy\/#webpage","url":"https:\/\/sipm.es\/pl\/reformy\/","name":"Reformy - Empresa de Servicios Sipm","isPartOf":{"@id":"https:\/\/sipm.es\/de\/#website"},"datePublished":"2021-07-07T13:41:52+00:00","dateModified":"2021-07-07T14:02:51+00:00","breadcrumb":{"@id":"https:\/\/sipm.es\/pl\/reformy\/#breadcrumb"},"inLanguage":"pl-PL","potentialAction":[{"@type":"ReadAction","target":["https:\/\/sipm.es\/pl\/reformy\/"]}]},{"@type":"BreadcrumbList","@id":"https:\/\/sipm.es\/pl\/reformy\/#breadcrumb","itemListElement":[{"@type":"ListItem","position":1,"name":"Portada","item":"https:\/\/sipm.es\/pl\/"},{"@type":"ListItem","position":2,"name":"Reformy"}]}]}},"_links":{"self":[{"href":"https:\/\/sipm.es\/pl\/wp-json\/wp\/v2\/pages\/8892"}],"collection":[{"href":"https:\/\/sipm.es\/pl\/wp-json\/wp\/v2\/pages"}],"about":[{"href":"https:\/\/sipm.es\/pl\/wp-json\/wp\/v2\/types\/page"}],"author":[{"embeddable":true,"href":"https:\/\/sipm.es\/pl\/wp-json\/wp\/v2\/users\/3"}],"replies":[{"embeddable":true,"href":"https:\/\/sipm.es\/pl\/wp-json\/wp\/v2\/comments?post=8892"}],"version-history":[{"count":2,"href":"https:\/\/sipm.es\/pl\/wp-json\/wp\/v2\/pages\/8892\/revisions"}],"predecessor-version":[{"id":8908,"href":"https:\/\/sipm.es\/pl\/wp-json\/wp\/v2\/pages\/8892\/revisions\/8908"}],"wp:attachment":[{"href":"https:\/\/sipm.es\/pl\/wp-json\/wp\/v2\/media?parent=8892"}],"curies":[{"name":"wp","href":"https:\/\/api.w.org\/{rel}","templated":true}]}}