{"id":8056,"date":"2021-01-11T11:54:03","date_gmt":"2021-01-11T11:54:03","guid":{"rendered":"https:\/\/sipm.es\/wiele-uslug\/"},"modified":"2021-01-11T12:02:28","modified_gmt":"2021-01-11T12:02:28","slug":"wiele-uslug","status":"publish","type":"page","link":"https:\/\/sipm.es\/pl\/wiele-uslug\/","title":{"rendered":"Wiele us\u0142ug"},"content":{"rendered":"<section class=\"l-section wpb_row height_auto with_img with_overlay\"><div class=\"l-section-img\" style=\"background-image: url(https:\/\/sipm.es\/wp-content\/uploads\/2016\/12\/background-outer-wrapper.png);\" data-img-width=\"1770\" data-img-height=\"235\"><\/div><div class=\"l-section-overlay\" style=\"background-color: rgba(2,2,2,0.32)\"><\/div><div class=\"l-section-h i-cf\"><div class=\"g-cols vc_row type_default valign_top\"><div class=\"vc_col-sm-12 wpb_column vc_column_container\"><div class=\"vc_column-inner\"><div class=\"wpb_wrapper\">[vc_custom_heading text=&#8221;<strong>Wiele us\u0142ug<\/strong>&#8221; font_container=&#8221;tag:h1|font_size:60|text_align:center|color:%23ffffff&#8221; use_theme_fonts=&#8221;yes&#8221;]<div class=\"w-iconbox iconpos_top style_default color_custom align_center no_title no_text\"><a class=\"w-iconbox-link\" href=\"#quehacemos\" aria-hidden=\"true\"><div class=\"w-iconbox-icon\" style=\"color:#ffffff;\"><i class=\"fas fa-chevron-down\"><\/i><\/div><\/a><div class=\"w-iconbox-meta\"><\/div><\/div><div class=\"w-separator size_custom\" style=\"height:30px;\"><\/div><\/div><\/div><\/div><\/div><\/div><\/section><section class=\"l-section wpb_row height_large\"><div class=\"l-section-h i-cf\" style=\"padding-top: 5px !important;padding-bottom: 5px !important;\"><div class=\"g-cols vc_row type_default valign_top\"><div class=\"vc_col-sm-12 wpb_column vc_column_container\"><div class=\"vc_column-inner\"><div class=\"wpb_wrapper\"><div class=\"g-cols wpb_row type_default valign_top vc_inner \"><div class=\"vc_col-sm-6 wpb_column vc_column_container\"><div class=\"vc_column-inner\"><div class=\"wpb_wrapper\"><div class=\"w-image align_center\"><div class=\"w-image-h\"><img width=\"1024\" height=\"683\" src=\"https:\/\/sipm.es\/wp-content\/uploads\/2020\/11\/carpinter\u00eda-1024x683.jpg\" class=\"attachment-large size-large\" alt=\"\" loading=\"lazy\" srcset=\"https:\/\/sipm.es\/wp-content\/uploads\/2020\/11\/carpinter\u00eda-1024x683.jpg 1024w, https:\/\/sipm.es\/wp-content\/uploads\/2020\/11\/carpinter\u00eda-300x200.jpg 300w, https:\/\/sipm.es\/wp-content\/uploads\/2020\/11\/carpinter\u00eda.jpg 1920w\" sizes=\"(max-width: 1024px) 100vw, 1024px\" \/><\/div><\/div><\/div><\/div><\/div><div class=\"vc_col-sm-6 wpb_column vc_column_container\"><div class=\"vc_column-inner\"><div class=\"wpb_wrapper\">[vc_custom_heading text=&#8221;Stolarstwo&#8221; font_container=&#8221;tag:h2|text_align:center&#8221; use_theme_fonts=&#8221;yes&#8221;]\r\n\t<div class=\"wpb_text_column \">\r\n\t\t<div class=\"wpb_wrapper\">\r\n\t\t\t<p style=\"text-align: justify;\">Obr\u00f3bka drewna jest jedn\u0105 z najstarszych dzia\u0142alno\u015bci cz\u0142owieka, dlatego ka\u017cda kultura i region ma inne sposoby i narz\u0119dzia do obr\u00f3bki tego materia\u0142u.<br \/>\nOsoba pracuj\u0105ca w bran\u017cy stolarskiej to stolarz. Jej praca polega na ci\u0119ciu, formowaniu i produkcji kawa\u0142k\u00f3w drewna do budowy dom\u00f3w.<br \/>\nTakich jak drzwi wewn\u0119trzne, meble kuchenne, meble \u0142azienkowe, meble domowe itp.<\/p>\n\r\n\t\t<\/div>\r\n\t<\/div>\r\n<div class=\"w-separator size_custom\" style=\"height:20px;\"><\/div><div class=\"w-btn-wrapper width_auto align_center\"><a class=\"w-btn us-btn-style_1\" href=\"#presupuesto\"><span class=\"w-btn-label\">Zapytaj o bud\u017cet<\/span><\/a><\/div><\/div><\/div><\/div><\/div><\/div><\/div><\/div><\/div><\/div><\/section><section class=\"l-section wpb_row height_large\"><div class=\"l-section-h i-cf\" style=\"padding-top: 5px !important;padding-bottom: 5px !important;\"><div class=\"g-cols vc_row type_default valign_top\"><div class=\"vc_col-sm-12 wpb_column vc_column_container\"><div class=\"vc_column-inner\"><div class=\"wpb_wrapper\"><div class=\"g-cols wpb_row type_default valign_middle vc_inner \"><div class=\"vc_col-sm-6 wpb_column vc_column_container\"><div class=\"vc_column-inner\"><div class=\"wpb_wrapper\">[vc_custom_heading text=&#8221;Instalacja wodoci\u0105gowa&#8221; font_container=&#8221;tag:h2|text_align:center&#8221; use_theme_fonts=&#8221;yes&#8221;]\r\n\t<div class=\"wpb_text_column \">\r\n\t\t<div class=\"wpb_wrapper\">\r\n\t\t\t<p style=\"text-align: justify;\">Instalacja wodno-kanalizacyjna lub wodno-kanalizacyjna to dzia\u0142alno\u015b\u0107 zwi\u0105zana z monta\u017cem i konserwacj\u0105 sieci ruroci\u0105g\u00f3w do zaopatrzenia w wod\u0119 pitn\u0105 i odprowadzania \u015bciek\u00f3w, a tak\u017ce instalacji grzewczych w budynkach i innych obiektach budowlanych.<\/p>\n\r\n\t\t<\/div>\r\n\t<\/div>\r\n<div class=\"w-separator size_custom\" style=\"height:20px;\"><\/div><div class=\"w-btn-wrapper width_auto align_center\"><a class=\"w-btn us-btn-style_1\" href=\"#presupuesto\"><span class=\"w-btn-label\">Zapytaj o bud\u017cet<\/span><\/a><\/div><\/div><\/div><\/div><div class=\"vc_col-sm-6 wpb_column vc_column_container\"><div class=\"vc_column-inner\"><div class=\"wpb_wrapper\"><div class=\"w-image align_center\"><div class=\"w-image-h\"><img width=\"788\" height=\"525\" src=\"https:\/\/sipm.es\/wp-content\/uploads\/2020\/11\/www.emagister.com-cursoline-3602233-curso-online-de-fontaneria-calculo-de-instalaciones-y-dimensionamiento-31.jpg\" class=\"attachment-large size-large\" alt=\"\" loading=\"lazy\" srcset=\"https:\/\/sipm.es\/wp-content\/uploads\/2020\/11\/www.emagister.com-cursoline-3602233-curso-online-de-fontaneria-calculo-de-instalaciones-y-dimensionamiento-31.jpg 788w, https:\/\/sipm.es\/wp-content\/uploads\/2020\/11\/www.emagister.com-cursoline-3602233-curso-online-de-fontaneria-calculo-de-instalaciones-y-dimensionamiento-31-300x200.jpg 300w\" sizes=\"(max-width: 788px) 100vw, 788px\" \/><\/div><\/div><\/div><\/div><\/div><\/div><\/div><\/div><\/div><\/div><\/div><\/section><section class=\"l-section wpb_row height_large\"><div class=\"l-section-h i-cf\" style=\"padding-top: 5px !important;padding-bottom: 5px !important;\"><div class=\"g-cols vc_row type_default valign_top\"><div class=\"vc_col-sm-12 wpb_column vc_column_container\"><div class=\"vc_column-inner\"><div class=\"wpb_wrapper\"><div class=\"g-cols wpb_row type_default valign_middle vc_inner \"><div class=\"vc_col-sm-6 wpb_column vc_column_container\"><div class=\"vc_column-inner\"><div class=\"wpb_wrapper\"><div class=\"w-image align_none\"><div class=\"w-image-h\"><img width=\"1024\" height=\"576\" src=\"https:\/\/sipm.es\/wp-content\/uploads\/2020\/11\/Actualidad_288235295_130129738_1706x960-1024x576.jpg\" class=\"attachment-large size-large\" alt=\"\" loading=\"lazy\" srcset=\"https:\/\/sipm.es\/wp-content\/uploads\/2020\/11\/Actualidad_288235295_130129738_1706x960-1024x576.jpg 1024w, https:\/\/sipm.es\/wp-content\/uploads\/2020\/11\/Actualidad_288235295_130129738_1706x960-300x169.jpg 300w, https:\/\/sipm.es\/wp-content\/uploads\/2020\/11\/Actualidad_288235295_130129738_1706x960.jpg 1706w\" sizes=\"(max-width: 1024px) 100vw, 1024px\" \/><\/div><\/div><\/div><\/div><\/div><div class=\"vc_col-sm-6 wpb_column vc_column_container\"><div class=\"vc_column-inner\"><div class=\"wpb_wrapper\">[vc_custom_heading text=&#8221;Elektryczno\u015b\u0107&#8221; font_container=&#8221;tag:h2|text_align:center&#8221; use_theme_fonts=&#8221;yes&#8221;]\r\n\t<div class=\"wpb_text_column \">\r\n\t\t<div class=\"wpb_wrapper\">\r\n\t\t\t<p style=\"text-align: justify;\">W Sipm mamy najlepszych specjalist\u00f3w w zakresie us\u0142ug elektrycznych.<br \/>\nWykonujemy wszelkiego rodzaju instalacje elektryczne w domach, budynkach przemys\u0142owych, obiektach handlowych, monta\u017c paneli s\u0142onecznych itp.<\/p>\n<p>Nuestros ingenieros titulados para la certificacion de boletines de cualquier tipo de instalci\u00f3n.<\/p>\n\r\n\t\t<\/div>\r\n\t<\/div>\r\n<div class=\"w-separator size_custom\" style=\"height:20px;\"><\/div><div class=\"w-btn-wrapper width_auto align_center\"><a class=\"w-btn us-btn-style_1\" href=\"#presupuesto\"><span class=\"w-btn-label\">Zapytaj o bud\u017cet<\/span><\/a><\/div><\/div><\/div><\/div><\/div><\/div><\/div><\/div><\/div><\/div><\/section><section class=\"l-section wpb_row height_large\"><div class=\"l-section-h i-cf\" style=\"padding-top: 5px !important;padding-bottom: 5px !important;\"><div class=\"g-cols vc_row type_default valign_top\"><div class=\"vc_col-sm-12 wpb_column vc_column_container\"><div class=\"vc_column-inner\"><div class=\"wpb_wrapper\"><div class=\"g-cols wpb_row type_default valign_middle vc_inner \"><div class=\"vc_col-sm-6 wpb_column vc_column_container\"><div class=\"vc_column-inner\"><div class=\"wpb_wrapper\">[vc_custom_heading text=&#8221;Aluminium (szklane zas\u0142ony)&#8221; font_container=&#8221;tag:h2|text_align:center&#8221; use_theme_fonts=&#8221;yes&#8221;]\r\n\t<div class=\"wpb_text_column \">\r\n\t\t<div class=\"wpb_wrapper\">\r\n\t\t\t<p style=\"text-align: justify;\">Dost\u0119pnych jest wiele odmian fragment\u00f3w Lorem Ipsum, ale wi\u0119kszo\u015b\u0107 z nich zosta\u0142a w jaki\u015b spos\u00f3b zmieniona, albo z powodu dodania humoru, albo przypadkowych s\u0142\u00f3w, kt\u00f3re nie wydaj\u0105 si\u0119 najmniej wiarygodne. Je\u015bli zamierzasz skorzysta\u0107 z fragmentu z Lorem Ipsum, musisz mie\u0107 pewno\u015b\u0107, \u017ce w \u015brodku tekstu nie ma nic kr\u0119puj\u0105cego. Wszystkie generatory Lorem Ipsum znalezione w Internecie maj\u0105 tendencj\u0119 do powtarzania predefiniowanych fragment\u00f3w w razie potrzeby, dzi\u0119ki czemu jest to jedyny prawdziwy (prawid\u0142owy) generator w Internecie. U\u017cyj s\u0142ownika zawieraj\u0105cego ponad 200 s\u0142\u00f3w z \u0142aciny.<\/p>\n\r\n\t\t<\/div>\r\n\t<\/div>\r\n<div class=\"w-separator size_custom\" style=\"height:20px;\"><\/div><div class=\"w-btn-wrapper width_auto align_center\"><a class=\"w-btn us-btn-style_1\" href=\"#presupuesto\"><span class=\"w-btn-label\">Zapytaj o bud\u017cet<\/span><\/a><\/div><\/div><\/div><\/div><div class=\"vc_col-sm-6 wpb_column vc_column_container\"><div class=\"vc_column-inner\"><div class=\"wpb_wrapper\"><div class=\"w-image align_center\"><div class=\"w-image-h\"><img width=\"960\" height=\"720\" src=\"https:\/\/sipm.es\/wp-content\/uploads\/2020\/11\/cortinas-cristal-terrazas.jpg\" class=\"attachment-large size-large\" alt=\"\" loading=\"lazy\" srcset=\"https:\/\/sipm.es\/wp-content\/uploads\/2020\/11\/cortinas-cristal-terrazas.jpg 960w, https:\/\/sipm.es\/wp-content\/uploads\/2020\/11\/cortinas-cristal-terrazas-300x225.jpg 300w\" sizes=\"(max-width: 960px) 100vw, 960px\" \/><\/div><\/div><\/div><\/div><\/div><\/div><\/div><\/div><\/div><\/div><\/div><\/section><section class=\"l-section wpb_row height_medium\" id=\"presupuesto\"><div class=\"l-section-h i-cf\"><div class=\"g-cols vc_row type_default valign_top\"><div class=\"vc_col-sm-12 wpb_column vc_column_container\"><div class=\"vc_column-inner\"><div class=\"wpb_wrapper\"><div class=\"w-form for_cform us_form_1\">\r\n\t<form class=\"w-form-h\" autocomplete=\"off\" action=\"https:\/\/sipm.es\/pl\/wp-json\/wp\/v2\/pages\/8056\" method=\"post\">\r\n\t\t\t\t<div class=\"w-form-row for_text\">\r\n\t\t<div class=\"w-form-row-field\">\r\n\t\t\t\t<input type=\"text\" name=\"us_form_1_text_1\" aria-label=\"Nazwa\" value=\"\" placeholder=\"Nazwa\"\/>\r\n\t\t<span class=\"w-form-row-field-bar\"><\/span>\r\n\t\t\t<\/div>\r\n\t\t<div class=\"w-form-row-state\">Fill out this field<\/div>\r\n<\/div>\r\n\t\t<div class=\"w-form-row for_email\">\r\n\t\t<div class=\"w-form-row-field\">\r\n\t\t\t\t<input type=\"email\" name=\"us_form_1_email_1\" aria-label=\"Email\" value=\"\" placeholder=\"Email\"\/>\r\n\t\t<span class=\"w-form-row-field-bar\"><\/span>\r\n\t\t\t<\/div>\r\n\t\t<div class=\"w-form-row-state\">Prosz\u0119 wprowadzi\u0107 prawid\u0142owy adres e-mail.<\/div>\r\n<\/div>\r\n\t\t<div class=\"w-form-row for_text required\">\r\n\t\t<div class=\"w-form-row-field\">\r\n\t\t\t\t<input type=\"text\" name=\"us_form_1_text_2\" aria-label=\"Telefon\" value=\"\" placeholder=\"Telefon *\" data-required=\"true\" aria-required=\"true\"\/>\r\n\t\t<span class=\"w-form-row-field-bar\"><\/span>\r\n\t\t\t<\/div>\r\n\t\t<div class=\"w-form-row-state\">Fill out this field<\/div>\r\n<\/div>\r\n\t\t<div class=\"w-form-row for_select\">\r\n\t\t<div class=\"w-form-row-field\">\r\n\t\t\t\t<select  name=\"us_form_1_select_1\" aria-label=\"us_form_1_select_1\">\r\n\t\t\t<option value=\"Stolarstwo\">Stolarstwo<\/option><option value=\"Instalacja wodoci\u0105gowa\">Instalacja wodoci\u0105gowa<\/option><option value=\"Elektryczno\u015b\u0107\">Elektryczno\u015b\u0107<\/option><option value=\"Aluminium\">Aluminium<\/option>\t\t<\/select>\r\n\t\t<span class=\"w-form-row-field-bar\"><\/span>\r\n\t\t\t<\/div>\r\n\t\t<div class=\"w-form-row-state\">Select an option<\/div>\r\n<\/div>\r\n\t\t<div class=\"w-form-row for_textarea\">\r\n\t\t<div class=\"w-form-row-field\">\r\n\t\t\t\t<textarea  name=\"us_form_1_textarea_1\" aria-label=\"Wiadomo\u015b\u0107\" placeholder=\"Wiadomo\u015b\u0107\"><\/textarea>\r\n\t\t<span class=\"w-form-row-field-bar\"><\/span>\r\n\t\t\t<\/div>\r\n\t\t<div class=\"w-form-row-state\">Fill out this field<\/div>\r\n<\/div>\r\n\t\t<input type=\"hidden\" name=\"action\" value=\"us_ajax_cform\" \/>\r\n\t\t<input type=\"hidden\" name=\"post_id\" value=\"8056\" \/>\r\n\t\t<input type=\"hidden\" name=\"form_index\" value=\"1\" \/>\r\n\t\t<div class=\"w-form-row for_submit align_left\">\r\n\t<div class=\"w-form-row-field\">\r\n\t\t\t\t<button class=\"w-btn  us-btn-style_1\"  style=\"font-size:16px;\" type=\"submit\" aria-label=\"Zapytaj o bud\u017cet\">\r\n\t\t\t<span class=\"g-preloader type_1\"><\/span>\r\n\t\t\t\t\t\t<span class=\"w-btn-label\">Zapytaj o bud\u017cet<\/span>\r\n\t\t\t\t\t<\/button>\r\n\t<\/div>\r\n<\/div>\r\n\t\t\t\t<div class=\"w-form-message\"><\/div>\r\n\t\t\t<\/form>\r\n\t<div class=\"w-form-json hidden\" onclick='return {&quot;ajaxurl&quot;:&quot;https:\\\/\\\/sipm.es\\\/wp-admin\\\/admin-ajax.php&quot;}'><\/div>\r\n<\/div><\/div><\/div><\/div><\/div><\/div><\/section>\n","protected":false},"excerpt":{"rendered":"[vc_custom_heading text=\"Wiele us\u0142ug\" font_container=\"tag:h1|font_size:60|text_align:center|color:%23ffffff\" use_theme_fonts=\"yes\"][vc_custom_heading text=\"Stolarstwo\" font_container=\"tag:h2|text_align:center\" use_theme_fonts=\"yes\"] Obr\u00f3bka drewna jest jedn\u0105 z najstarszych dzia\u0142alno\u015bci cz\u0142owieka, dlatego ka\u017cda kultura i region ma inne sposoby i narz\u0119dzia do obr\u00f3bki tego materia\u0142u. Osoba pracuj\u0105ca w bran\u017cy stolarskiej to stolarz. Jej praca polega na ci\u0119ciu, formowaniu i produkcji kawa\u0142k\u00f3w drewna do budowy dom\u00f3w. Takich jak drzwi wewn\u0119trzne, meble...","protected":false},"author":3,"featured_media":0,"parent":0,"menu_order":0,"comment_status":"closed","ping_status":"closed","template":"","meta":[],"yoast_head":"<!-- This site is optimized with the Yoast SEO plugin v17.0 - https:\/\/yoast.com\/wordpress\/plugins\/seo\/ -->\n<title>Wiele us\u0142ug - Empresa de Servicios Sipm<\/title>\n<meta name=\"robots\" content=\"index, follow, max-snippet:-1, max-image-preview:large, max-video-preview:-1\" \/>\n<link rel=\"canonical\" href=\"https:\/\/sipm.es\/pl\/wiele-uslug\/\" \/>\n<meta property=\"og:locale\" content=\"pl_PL\" \/>\n<meta property=\"og:type\" content=\"article\" \/>\n<meta property=\"og:title\" content=\"Wiele us\u0142ug - Empresa de Servicios Sipm\" \/>\n<meta property=\"og:url\" content=\"https:\/\/sipm.es\/pl\/wiele-uslug\/\" \/>\n<meta property=\"og:site_name\" content=\"Empresa de Servicios Sipm\" \/>\n<meta property=\"article:modified_time\" content=\"2021-01-11T12:02:28+00:00\" \/>\n<meta name=\"twitter:card\" content=\"summary_large_image\" \/>\n<meta name=\"twitter:label1\" content=\"Szacowany czas czytania\" \/>\n\t<meta name=\"twitter:data1\" content=\"4 minuty\" \/>\n<script type=\"application\/ld+json\" class=\"yoast-schema-graph\">{\"@context\":\"https:\/\/schema.org\",\"@graph\":[{\"@type\":\"Organization\",\"@id\":\"https:\/\/sipm.es\/de\/#organization\",\"name\":\"Sipm Toldos y Reformas\",\"url\":\"https:\/\/sipm.es\/de\/\",\"sameAs\":[],\"logo\":{\"@type\":\"ImageObject\",\"@id\":\"https:\/\/sipm.es\/de\/#logo\",\"inLanguage\":\"pl-PL\",\"url\":\"https:\/\/sipm.es\/wp-content\/uploads\/2017\/07\/logo-pagina-web.png\",\"contentUrl\":\"https:\/\/sipm.es\/wp-content\/uploads\/2017\/07\/logo-pagina-web.png\",\"width\":500,\"height\":323,\"caption\":\"Sipm Toldos y Reformas\"},\"image\":{\"@id\":\"https:\/\/sipm.es\/de\/#logo\"}},{\"@type\":\"WebSite\",\"@id\":\"https:\/\/sipm.es\/de\/#website\",\"url\":\"https:\/\/sipm.es\/de\/\",\"name\":\"Mantenimiento y Montaje de Toldos\",\"description\":\"Construcci\\u00f3n, Reformas, Venta y Alquiler de Viviendas\",\"publisher\":{\"@id\":\"https:\/\/sipm.es\/de\/#organization\"},\"potentialAction\":[{\"@type\":\"SearchAction\",\"target\":{\"@type\":\"EntryPoint\",\"urlTemplate\":\"https:\/\/sipm.es\/de\/?s={search_term_string}\"},\"query-input\":\"required name=search_term_string\"}],\"inLanguage\":\"pl-PL\"},{\"@type\":\"WebPage\",\"@id\":\"https:\/\/sipm.es\/pl\/wiele-uslug\/#webpage\",\"url\":\"https:\/\/sipm.es\/pl\/wiele-uslug\/\",\"name\":\"Wiele us\\u0142ug - Empresa de Servicios Sipm\",\"isPartOf\":{\"@id\":\"https:\/\/sipm.es\/de\/#website\"},\"datePublished\":\"2021-01-11T11:54:03+00:00\",\"dateModified\":\"2021-01-11T12:02:28+00:00\",\"breadcrumb\":{\"@id\":\"https:\/\/sipm.es\/pl\/wiele-uslug\/#breadcrumb\"},\"inLanguage\":\"pl-PL\",\"potentialAction\":[{\"@type\":\"ReadAction\",\"target\":[\"https:\/\/sipm.es\/pl\/wiele-uslug\/\"]}]},{\"@type\":\"BreadcrumbList\",\"@id\":\"https:\/\/sipm.es\/pl\/wiele-uslug\/#breadcrumb\",\"itemListElement\":[{\"@type\":\"ListItem\",\"position\":1,\"name\":\"Portada\",\"item\":\"https:\/\/sipm.es\/pl\/\"},{\"@type\":\"ListItem\",\"position\":2,\"name\":\"Wiele us\\u0142ug\"}]}]}<\/script>\n<!-- \/ Yoast SEO plugin. -->","yoast_head_json":{"title":"Wiele us\u0142ug - Empresa de Servicios Sipm","robots":{"index":"index","follow":"follow","max-snippet":"max-snippet:-1","max-image-preview":"max-image-preview:large","max-video-preview":"max-video-preview:-1"},"canonical":"https:\/\/sipm.es\/pl\/wiele-uslug\/","og_locale":"pl_PL","og_type":"article","og_title":"Wiele us\u0142ug - Empresa de Servicios Sipm","og_url":"https:\/\/sipm.es\/pl\/wiele-uslug\/","og_site_name":"Empresa de Servicios Sipm","article_modified_time":"2021-01-11T12:02:28+00:00","twitter_card":"summary_large_image","twitter_misc":{"Szacowany czas czytania":"4 minuty"},"schema":{"@context":"https:\/\/schema.org","@graph":[{"@type":"Organization","@id":"https:\/\/sipm.es\/de\/#organization","name":"Sipm Toldos y Reformas","url":"https:\/\/sipm.es\/de\/","sameAs":[],"logo":{"@type":"ImageObject","@id":"https:\/\/sipm.es\/de\/#logo","inLanguage":"pl-PL","url":"https:\/\/sipm.es\/wp-content\/uploads\/2017\/07\/logo-pagina-web.png","contentUrl":"https:\/\/sipm.es\/wp-content\/uploads\/2017\/07\/logo-pagina-web.png","width":500,"height":323,"caption":"Sipm Toldos y Reformas"},"image":{"@id":"https:\/\/sipm.es\/de\/#logo"}},{"@type":"WebSite","@id":"https:\/\/sipm.es\/de\/#website","url":"https:\/\/sipm.es\/de\/","name":"Mantenimiento y Montaje de Toldos","description":"Construcci\u00f3n, Reformas, Venta y Alquiler de Viviendas","publisher":{"@id":"https:\/\/sipm.es\/de\/#organization"},"potentialAction":[{"@type":"SearchAction","target":{"@type":"EntryPoint","urlTemplate":"https:\/\/sipm.es\/de\/?s={search_term_string}"},"query-input":"required name=search_term_string"}],"inLanguage":"pl-PL"},{"@type":"WebPage","@id":"https:\/\/sipm.es\/pl\/wiele-uslug\/#webpage","url":"https:\/\/sipm.es\/pl\/wiele-uslug\/","name":"Wiele us\u0142ug - Empresa de Servicios Sipm","isPartOf":{"@id":"https:\/\/sipm.es\/de\/#website"},"datePublished":"2021-01-11T11:54:03+00:00","dateModified":"2021-01-11T12:02:28+00:00","breadcrumb":{"@id":"https:\/\/sipm.es\/pl\/wiele-uslug\/#breadcrumb"},"inLanguage":"pl-PL","potentialAction":[{"@type":"ReadAction","target":["https:\/\/sipm.es\/pl\/wiele-uslug\/"]}]},{"@type":"BreadcrumbList","@id":"https:\/\/sipm.es\/pl\/wiele-uslug\/#breadcrumb","itemListElement":[{"@type":"ListItem","position":1,"name":"Portada","item":"https:\/\/sipm.es\/pl\/"},{"@type":"ListItem","position":2,"name":"Wiele us\u0142ug"}]}]}},"_links":{"self":[{"href":"https:\/\/sipm.es\/pl\/wp-json\/wp\/v2\/pages\/8056"}],"collection":[{"href":"https:\/\/sipm.es\/pl\/wp-json\/wp\/v2\/pages"}],"about":[{"href":"https:\/\/sipm.es\/pl\/wp-json\/wp\/v2\/types\/page"}],"author":[{"embeddable":true,"href":"https:\/\/sipm.es\/pl\/wp-json\/wp\/v2\/users\/3"}],"replies":[{"embeddable":true,"href":"https:\/\/sipm.es\/pl\/wp-json\/wp\/v2\/comments?post=8056"}],"version-history":[{"count":2,"href":"https:\/\/sipm.es\/pl\/wp-json\/wp\/v2\/pages\/8056\/revisions"}],"predecessor-version":[{"id":8085,"href":"https:\/\/sipm.es\/pl\/wp-json\/wp\/v2\/pages\/8056\/revisions\/8085"}],"wp:attachment":[{"href":"https:\/\/sipm.es\/pl\/wp-json\/wp\/v2\/media?parent=8056"}],"curies":[{"name":"wp","href":"https:\/\/api.w.org\/{rel}","templated":true}]}}