{"id":9000,"date":"2022-01-18T19:36:43","date_gmt":"2022-01-18T19:36:43","guid":{"rendered":"https:\/\/sipm.es\/datenschutz-bestimmungen-2\/"},"modified":"2022-01-18T19:36:43","modified_gmt":"2022-01-18T19:36:43","slug":"datenschutz-bestimmungen-2","status":"publish","type":"page","link":"https:\/\/sipm.es\/de\/datenschutz-bestimmungen-2\/","title":{"rendered":"Datenschutz-Bestimmungen"},"content":{"rendered":"<section class=\"l-section wpb_row height_medium\"><div class=\"l-section-h i-cf\"><div class=\"g-cols vc_row type_default valign_top\"><div class=\"vc_col-sm-12 wpb_column vc_column_container\"><div class=\"vc_column-inner\"><div class=\"wpb_wrapper\">\r\n\t<div class=\"wpb_text_column \">\r\n\t\t<div class=\"wpb_wrapper\">\r\n\t\t\t<p>DATENSCHUTZ-BESTIMMUNGEN<\/p>\n<p>    NUTZERINFORMATION<\/p>\n<p>Wer ist f\u00fcr die Verarbeitung Ihrer personenbezogenen Daten verantwortlich?<\/p>\n<p>FARSHAD SHIRI PAHLEVANI ist VERANTWORTLICH f\u00fcr die Verarbeitung der personenbezogenen Daten des BENUTZERS und informiert Sie, dass diese Daten gem\u00e4\u00df den Bestimmungen der Verordnung (EU) 2016\/679 vom 27. April (DSGVO) und dem Organgesetz 3\/2018 verarbeitet werden , vom 5. Dezember (LOPDGDD).<\/p>\n<p>Warum behandeln wir Ihre personenbezogenen Daten?<\/p>\n<p>Zur Aufrechterhaltung einer Gesch\u00e4ftsbeziehung mit dem Nutzer. Die zur Durchf\u00fchrung der Behandlung geplanten Operationen sind:<\/p>\n<p>\u00dcbermittlung kommerzieller Werbemitteilungen per E-Mail, Fax, SMS, MMS, soziale Netzwerke oder andere gegenw\u00e4rtige oder zuk\u00fcnftige elektronische oder physische Mittel, die es erm\u00f6glichen, kommerzielle Mitteilungen durchzuf\u00fchren. Diese Mitteilungen erfolgen durch den VERANTWORTLICHEN und beziehen sich auf seine Produkte und Dienstleistungen oder die seiner Mitarbeiter oder Lieferanten, mit denen er eine Werbevereinbarung getroffen hat. In diesem Fall haben Dritte niemals Zugriff auf personenbezogene Daten.<\/p>\n<p>F\u00fchren Sie Marktforschung und statistische Analysen durch.<\/p>\n<p>Bearbeitung von Bestellungen, Anfragen, Beantwortung von Anfragen oder Anfragen jeglicher Art, die vom BENUTZER \u00fcber eines der Kontaktformulare gestellt werden, die auf der Website des VERANTWORTLICHEN zur Verf\u00fcgung gestellt werden.<\/p>\n<p>Senden Sie den Online-Newsletter \u00fcber Neuigkeiten, Angebote und Aktionen in unserer T\u00e4tigkeit.<\/p>\n<p>Aus welchem \u200b\u200bGrund d\u00fcrfen wir Ihre personenbezogenen Daten verarbeiten?<\/p>\n<p>Denn die Behandlung wird durch Artikel 6 der DSGVO auf folgende Weise legitimiert:<\/p>\n<p>Mit Zustimmung des BENUTZERS: Versand von kommerziellen Mitteilungen und des Newsletters.<\/p>\n<p>Aufgrund des berechtigten Interesses des VERANTWORTLICHEN: Durchf\u00fchrung von Marktstudien, statistischen Analysen usw. und bearbeiten Bestellungen, Anfragen etc. auf Wunsch des NUTZERS.<\/p>\n<p>Wie lange werden wir Ihre personenbezogenen Daten aufbewahren?<\/p>\n<p>Sie werden nicht l\u00e4nger als notwendig aufbewahrt, um das Ende der Behandlung aufrechtzuerhalten, oder es gibt gesetzliche Anforderungen, die ihre Aufbewahrung vorschreiben, und wenn dies nicht mehr erforderlich ist, werden sie mit angemessenen Sicherheitsma\u00dfnahmen gel\u00f6scht, um die Anonymisierung der Daten zu gew\u00e4hrleisten oder die totale Zerst\u00f6rung derselben.<\/p>\n<p>Wem geben wir Ihre personenbezogenen Daten weiter?<\/p>\n<p>Es ist keine Weitergabe personenbezogener Daten an Dritte geplant, au\u00dfer, falls dies f\u00fcr die Entwicklung und Ausf\u00fchrung der Behandlungszwecke erforderlich ist, an unsere Dienstleister im Zusammenhang mit der Kommunikation, mit denen der VERANTWORTLICHE die Vertraulichkeits- und Datenverwaltungsvertr\u00e4ge abgeschlossen hat aktuelle Datenschutzbestimmungen.<\/p>\n<p>FARSHAD SHIRI PAHLEVANI<\/p>\n<p>    zwei<\/p>\n<p>FARSHAD SHIRI PAHLEVANI<\/p>\n<p>C\/ PERPETUA SOCORRO, 33 \u2013 1\u00ba G 03160 ALMORADI (Alacant)<\/p>\n<p>Welche Rechte haben Sie?<\/p>\n<p>Die Rechte, die dem BENUTZER helfen, sind:<\/p>\n<p>Recht auf jederzeitigen Widerruf einer Einwilligung.<\/p>\n<p>Recht auf Auskunft, Berichtigung, \u00dcbertragbarkeit und L\u00f6schung Ihrer Daten sowie Einschr\u00e4nkung oder Widerspruch gegen ihre Behandlung.<\/p>\n<p>Recht, eine Beschwerde bei der Kontrollbeh\u00f6rde (www.aepd.es) einzureichen, wenn Sie der Meinung sind, dass die Behandlung nicht den geltenden Vorschriften entspricht.<\/p>\n<p>Kontaktdaten zur Aus\u00fcbung Ihrer Rechte:<\/p>\n<p>FARSHAD SHIRI PAHLEVANI. C\/ PERPETUA SOCORRO, 33 1\u00ba G \u2013 03160 ALMORADI (Alacant). Email:<\/p>\n<p>FRAN@SIPM.ES<\/p>\n<p>Kontaktdaten des Datenschutzbeauftragten: CALLE JOS\u00c9 ARTES DE ARCOS N\u00ba34 OFFICE T, 04004 ALMERIA \u2013 info@consultoriaeuropa.com<\/p>\n<p>    OBLIGATORISCHER ODER FREIWILLIGER CHARAKTER DER VOM BENUTZER ZUR VERF\u00dcGUNG GESTELLTEN INFORMATIONEN<\/p>\n<p>Die BENUTZER akzeptieren durch Markieren der entsprechenden K\u00e4stchen und Eingabe von Daten in die mit einem Sternchen (*) gekennzeichneten Felder im Kontaktformular oder in Downloadformularen ausdr\u00fccklich und frei und unmissverst\u00e4ndlich, dass ihre Daten erforderlich sind, um Ihrer Anfrage nachzukommen Anbieter, wobei die Angabe von Daten in den \u00fcbrigen Feldern freiwillig ist. Der BENUTZER garantiert, dass die dem VERANTWORTLICHEN zur Verf\u00fcgung gestellten personenbezogenen Daten der Wahrheit entsprechen, und ist daf\u00fcr verantwortlich, ihnen etwaige \u00c4nderungen mitzuteilen.<\/p>\n<p>Der VERANTWORTLICHE informiert, dass alle \u00fcber die Website angeforderten Daten obligatorisch sind, da sie f\u00fcr die Bereitstellung eines optimalen Dienstes f\u00fcr den BENUTZER erforderlich sind. F\u00fcr den Fall, dass nicht alle Daten bereitgestellt werden, ist nicht garantiert, dass die bereitgestellten Informationen und Dienste vollst\u00e4ndig auf Ihre Bed\u00fcrfnisse zugeschnitten sind.<\/p>\n<p>    SICHERHEITSMASSNAHMEN<\/p>\n<p>Dass der VERANTWORTLICHE gem\u00e4\u00df den Bestimmungen der geltenden Vorschriften zum Schutz personenbezogener Daten alle Bestimmungen der GDPR- und LOPDGDD-Vorschriften f\u00fcr die Behandlung personenbezogener Daten seiner Verantwortung und offensichtlich die in Artikel 5 beschriebenen Grunds\u00e4tze einh\u00e4lt der DSGVO, durch die sie in rechtm\u00e4\u00dfiger, loyaler und transparenter Weise in Bezug auf die interessierte Partei und angemessen, sachdienlich und auf das Notwendige in Bezug auf die Zwecke, f\u00fcr die sie behandelt werden, behandelt werden.<br \/>\nados.<\/p>\n<p>Der VERANTWORTLICHE garantiert, dass er geeignete technische und organisatorische Richtlinien implementiert hat, um die durch die DSGVO und die LOPDGDD festgelegten Sicherheitsma\u00dfnahmen anzuwenden, um die Rechte und Freiheiten der BENUTZER zu sch\u00fctzen, und die entsprechenden Informationen \u00fcbermittelt hat, damit sie diese aus\u00fcben k\u00f6nnen.<\/p>\n<p>F\u00fcr weitere Informationen zu Datenschutzgarantien k\u00f6nnen Sie den VERANTWORTLICHEN \u00fcber FARSHAD SHIRI PAHLEVANI kontaktieren. C\/ PERPETUA SOCORRO, 33 1\u00ba G \u2013 03160 ALMORADI (Alacant). E-Mail: FRAN@SIPM.ES<\/p>\n<p>Kontaktdaten des Datenschutzbeauftragten: CALLE JOS\u00c9 ARTES DE ARCOS N\u00ba34 OFFICE T, 04004 ALMERIA \u2013 info@consultoriaeuropa.com<\/p>\n\r\n\t\t<\/div>\r\n\t<\/div>\r\n<\/div><\/div><\/div><\/div><\/div><\/section>\n","protected":false},"excerpt":{"rendered":"DATENSCHUTZ-BESTIMMUNGEN NUTZERINFORMATION Wer ist f\u00fcr die Verarbeitung Ihrer personenbezogenen Daten verantwortlich? FARSHAD SHIRI PAHLEVANI ist VERANTWORTLICH f\u00fcr die Verarbeitung der personenbezogenen Daten des BENUTZERS und informiert Sie, dass diese Daten gem\u00e4\u00df den Bestimmungen der Verordnung (EU) 2016\/679 vom 27. April (DSGVO) und dem Organgesetz 3\/2018 verarbeitet werden , vom 5. Dezember (LOPDGDD). Warum behandeln wir...","protected":false},"author":3,"featured_media":0,"parent":0,"menu_order":0,"comment_status":"closed","ping_status":"closed","template":"","meta":[],"yoast_head":"<!-- This site is optimized with the Yoast SEO plugin v17.0 - https:\/\/yoast.com\/wordpress\/plugins\/seo\/ -->\n<title>Datenschutz-Bestimmungen - Empresa de Servicios Sipm<\/title>\n<meta name=\"robots\" content=\"index, follow, max-snippet:-1, max-image-preview:large, max-video-preview:-1\" \/>\n<link rel=\"canonical\" href=\"https:\/\/sipm.es\/de\/politica-de-privacidad\/\" \/>\n<meta property=\"og:locale\" content=\"de_DE\" \/>\n<meta property=\"og:type\" content=\"article\" \/>\n<meta property=\"og:title\" content=\"Datenschutz-Bestimmungen - Empresa de Servicios Sipm\" \/>\n<meta property=\"og:url\" content=\"https:\/\/sipm.es\/politica-de-privacidad\/\" \/>\n<meta property=\"og:site_name\" content=\"Empresa de Servicios Sipm\" \/>\n<meta name=\"twitter:card\" content=\"summary_large_image\" \/>\n<meta name=\"twitter:label1\" content=\"Gesch\u00e4tzte Lesezeit\" \/>\n\t<meta name=\"twitter:data1\" content=\"4\u00a0Minuten\" \/>\n<script type=\"application\/ld+json\" class=\"yoast-schema-graph\">{\"@context\":\"https:\/\/schema.org\",\"@graph\":[{\"@type\":\"Organization\",\"@id\":\"https:\/\/sipm.es\/de\/#organization\",\"name\":\"Sipm Toldos y Reformas\",\"url\":\"https:\/\/sipm.es\/de\/\",\"sameAs\":[],\"logo\":{\"@type\":\"ImageObject\",\"@id\":\"https:\/\/sipm.es\/de\/#logo\",\"inLanguage\":\"de\",\"url\":\"https:\/\/sipm.es\/wp-content\/uploads\/2017\/07\/logo-pagina-web.png\",\"contentUrl\":\"https:\/\/sipm.es\/wp-content\/uploads\/2017\/07\/logo-pagina-web.png\",\"width\":500,\"height\":323,\"caption\":\"Sipm Toldos y Reformas\"},\"image\":{\"@id\":\"https:\/\/sipm.es\/de\/#logo\"}},{\"@type\":\"WebSite\",\"@id\":\"https:\/\/sipm.es\/de\/#website\",\"url\":\"https:\/\/sipm.es\/de\/\",\"name\":\"Mantenimiento y Montaje de Toldos\",\"description\":\"Construcci\\u00f3n, Reformas, Venta y Alquiler de Viviendas\",\"publisher\":{\"@id\":\"https:\/\/sipm.es\/de\/#organization\"},\"potentialAction\":[{\"@type\":\"SearchAction\",\"target\":{\"@type\":\"EntryPoint\",\"urlTemplate\":\"https:\/\/sipm.es\/de\/?s={search_term_string}\"},\"query-input\":\"required name=search_term_string\"}],\"inLanguage\":\"de\"},{\"@type\":\"WebPage\",\"@id\":\"https:\/\/sipm.es\/politica-de-privacidad\/#webpage\",\"url\":\"https:\/\/sipm.es\/politica-de-privacidad\/\",\"name\":\"Datenschutz-Bestimmungen - Empresa de Servicios Sipm\",\"isPartOf\":{\"@id\":\"https:\/\/sipm.es\/de\/#website\"},\"datePublished\":\"2022-01-18T19:36:43+00:00\",\"dateModified\":\"2022-01-18T19:36:43+00:00\",\"breadcrumb\":{\"@id\":\"https:\/\/sipm.es\/politica-de-privacidad\/#breadcrumb\"},\"inLanguage\":\"de\",\"potentialAction\":[{\"@type\":\"ReadAction\",\"target\":[\"https:\/\/sipm.es\/politica-de-privacidad\/\"]}]},{\"@type\":\"BreadcrumbList\",\"@id\":\"https:\/\/sipm.es\/politica-de-privacidad\/#breadcrumb\",\"itemListElement\":[{\"@type\":\"ListItem\",\"position\":1,\"name\":\"Portada\",\"item\":\"https:\/\/sipm.es\/de\/\"},{\"@type\":\"ListItem\",\"position\":2,\"name\":\"Datenschutz-Bestimmungen\"}]}]}<\/script>\n<!-- \/ Yoast SEO plugin. -->","yoast_head_json":{"title":"Datenschutz-Bestimmungen - Empresa de Servicios Sipm","robots":{"index":"index","follow":"follow","max-snippet":"max-snippet:-1","max-image-preview":"max-image-preview:large","max-video-preview":"max-video-preview:-1"},"canonical":"https:\/\/sipm.es\/de\/politica-de-privacidad\/","og_locale":"de_DE","og_type":"article","og_title":"Datenschutz-Bestimmungen - Empresa de Servicios Sipm","og_url":"https:\/\/sipm.es\/politica-de-privacidad\/","og_site_name":"Empresa de Servicios Sipm","twitter_card":"summary_large_image","twitter_misc":{"Gesch\u00e4tzte Lesezeit":"4\u00a0Minuten"},"schema":{"@context":"https:\/\/schema.org","@graph":[{"@type":"Organization","@id":"https:\/\/sipm.es\/de\/#organization","name":"Sipm Toldos y Reformas","url":"https:\/\/sipm.es\/de\/","sameAs":[],"logo":{"@type":"ImageObject","@id":"https:\/\/sipm.es\/de\/#logo","inLanguage":"de","url":"https:\/\/sipm.es\/wp-content\/uploads\/2017\/07\/logo-pagina-web.png","contentUrl":"https:\/\/sipm.es\/wp-content\/uploads\/2017\/07\/logo-pagina-web.png","width":500,"height":323,"caption":"Sipm Toldos y Reformas"},"image":{"@id":"https:\/\/sipm.es\/de\/#logo"}},{"@type":"WebSite","@id":"https:\/\/sipm.es\/de\/#website","url":"https:\/\/sipm.es\/de\/","name":"Mantenimiento y Montaje de Toldos","description":"Construcci\u00f3n, Reformas, Venta y Alquiler de Viviendas","publisher":{"@id":"https:\/\/sipm.es\/de\/#organization"},"potentialAction":[{"@type":"SearchAction","target":{"@type":"EntryPoint","urlTemplate":"https:\/\/sipm.es\/de\/?s={search_term_string}"},"query-input":"required name=search_term_string"}],"inLanguage":"de"},{"@type":"WebPage","@id":"https:\/\/sipm.es\/politica-de-privacidad\/#webpage","url":"https:\/\/sipm.es\/politica-de-privacidad\/","name":"Datenschutz-Bestimmungen - Empresa de Servicios Sipm","isPartOf":{"@id":"https:\/\/sipm.es\/de\/#website"},"datePublished":"2022-01-18T19:36:43+00:00","dateModified":"2022-01-18T19:36:43+00:00","breadcrumb":{"@id":"https:\/\/sipm.es\/politica-de-privacidad\/#breadcrumb"},"inLanguage":"de","potentialAction":[{"@type":"ReadAction","target":["https:\/\/sipm.es\/politica-de-privacidad\/"]}]},{"@type":"BreadcrumbList","@id":"https:\/\/sipm.es\/politica-de-privacidad\/#breadcrumb","itemListElement":[{"@type":"ListItem","position":1,"name":"Portada","item":"https:\/\/sipm.es\/de\/"},{"@type":"ListItem","position":2,"name":"Datenschutz-Bestimmungen"}]}]}},"_links":{"self":[{"href":"https:\/\/sipm.es\/de\/wp-json\/wp\/v2\/pages\/9000"}],"collection":[{"href":"https:\/\/sipm.es\/de\/wp-json\/wp\/v2\/pages"}],"about":[{"href":"https:\/\/sipm.es\/de\/wp-json\/wp\/v2\/types\/page"}],"author":[{"embeddable":true,"href":"https:\/\/sipm.es\/de\/wp-json\/wp\/v2\/users\/3"}],"replies":[{"embeddable":true,"href":"https:\/\/sipm.es\/de\/wp-json\/wp\/v2\/comments?post=9000"}],"version-history":[{"count":2,"href":"https:\/\/sipm.es\/de\/wp-json\/wp\/v2\/pages\/9000\/revisions"}],"predecessor-version":[{"id":9002,"href":"https:\/\/sipm.es\/de\/wp-json\/wp\/v2\/pages\/9000\/revisions\/9002"}],"wp:attachment":[{"href":"https:\/\/sipm.es\/de\/wp-json\/wp\/v2\/media?parent=9000"}],"curies":[{"name":"wp","href":"https:\/\/api.w.org\/{rel}","templated":true}]}}