{"id":8992,"date":"2022-01-18T19:31:23","date_gmt":"2022-01-18T19:31:23","guid":{"rendered":"https:\/\/sipm.es\/rechtlicher-hinweis-2\/"},"modified":"2022-01-18T19:31:23","modified_gmt":"2022-01-18T19:31:23","slug":"rechtlicher-hinweis-2","status":"publish","type":"page","link":"https:\/\/sipm.es\/de\/rechtlicher-hinweis-2\/","title":{"rendered":"Rechtlicher Hinweis"},"content":{"rendered":"<section class=\"l-section wpb_row height_medium\"><div class=\"l-section-h i-cf\"><div class=\"g-cols vc_row type_default valign_top\"><div class=\"vc_col-sm-12 wpb_column vc_column_container\"><div class=\"vc_column-inner\"><div class=\"wpb_wrapper\">\r\n\t<div class=\"wpb_text_column \">\r\n\t\t<div class=\"wpb_wrapper\">\r\n\t\t\t<p>GESETZ DER DIENSTLEISTUNGEN DER INFORMATIONSGESELLSCHAFT (LSSI)<br \/>\nFARSHAD SHIRI PAHLEVANI, verantwortlich f\u00fcr die Website, im Folgenden VERANTWORTLICH, stellt dieses Dokument den Benutzern zur Verf\u00fcgung, mit denen es beabsichtigt, den Verpflichtungen nachzukommen, die im Gesetz 34\/2002 vom 11. Juli \u00fcber Unternehmensdienste f\u00fcr Information und elektronischen Handel (LSSICE ), BOE Nr. 166, sowie die Information aller Benutzer der Website \u00fcber die Nutzungsbedingungen.<br \/>\nJede Person, die auf diese Website zugreift, \u00fcbernimmt die Rolle des Benutzers und verpflichtet sich zur Einhaltung und strikten Einhaltung der hierin enthaltenen Bestimmungen sowie aller anderen anwendbaren gesetzlichen Bestimmungen.<br \/>\nFARSHAD SHIRI PAHLEVANI beh\u00e4lt sich das Recht vor, jede Art von Informationen, die auf der Website erscheinen, zu \u00e4ndern, ohne dass eine Verpflichtung besteht, die Benutzer vorab \u00fcber diese Verpflichtungen zu informieren oder zu informieren, wobei die Ver\u00f6ffentlichung auf der FARSHAD SHIRI PAHLEVANI-Website als ausreichend angesehen wird.<br \/>\n1. IDENTIFIKATIONSDATEN<br \/>\nDom\u00e4nenname: sipm.es\/<br \/>\nHandelsname: SIPM<br \/>\nFirmenname: FARSHAD SHIRI PAHLEVANI<br \/>\nNIF: 48829975D<br \/>\nEingetragener Sitz: C\/ PERPETUA SOCORRO N\u00ba33 1\u00aa G<br \/>\nTelefon: 722362181<br \/>\nE-Mail: FRAN@SIPM.ES<br \/>\n2. GEISTIGE UND GEWERBLICHE EIGENTUMSRECHTE<br \/>\nDie Website, einschlie\u00dflich, aber nicht beschr\u00e4nkt auf ihre Programmierung, Bearbeitung, Zusammenstellung und andere f\u00fcr ihren Betrieb notwendige Elemente, die Designs, Logos, Texte und\/oder Grafiken, sind Eigentum des VERANTWORTLICHEN oder verf\u00fcgen gegebenenfalls \u00fcber eine Lizenz oder ausdr\u00fcckliche Genehmigung von den Autoren. Alle Inhalte der Website sind ordnungsgem\u00e4\u00df durch die Vorschriften \u00fcber geistiges und gewerbliches Eigentum gesch\u00fctzt und in den entsprechenden \u00f6ffentlichen Registern eingetragen.<br \/>\nDie vollst\u00e4ndige oder teilweise Vervielf\u00e4ltigung, Nutzung, Verwertung, Verbreitung und Vermarktung bedarf, unabh\u00e4ngig vom beabsichtigten Zweck, in jedem Fall der vorherigen schriftlichen Genehmigung durch<br \/>\nTeil der VERANTWORTLICHEN. Jede nicht zuvor genehmigte Nutzung gilt als schwerwiegende Verletzung der geistigen oder gewerblichen Eigentumsrechte des Urhebers.<br \/>\nDie Designs, Logos, Texte und\/oder Grafiken, die au\u00dferhalb des VERANTWORTLICHEN liegen und auf der Website erscheinen k\u00f6nnen, geh\u00f6ren ihren jeweiligen Eigent\u00fcmern, die selbst f\u00fcr alles M\u00f6gliche verantwortlich sind<br \/>\nKontroversen, die in Bezug auf sie entstehen k\u00f6nnen. Der VERANTWORTLICHE gestattet Dritten ausdr\u00fccklich, direkt auf die spezifischen Inhalte der Website weiterzuleiten, und zwar in jedem Fall<br \/>\nWeiterleitung auf die Hauptwebsite von sipm.es\/.<br \/>\nFARSHAD SHIRI PAHLEVANI<br \/>\nP.2<br \/>\nFARSHAD SHIRI PAHLEVANI<br \/>\nC\/ PERPETUA SOCORRO, 33 \u2013 1\u00ba G 03160 ALMORADI (Alacant)<br \/>\nDer VERANTWORTLICHE erkennt zugunsten seiner Eigent\u00fcmer die entsprechenden geistigen und gewerblichen Eigentumsrechte an, und ihre blo\u00dfe Erw\u00e4hnung oder ihr Erscheinen auf der Website impliziert nicht das Bestehen von Rechten oder Verantwortung f\u00fcr sie, noch impliziert sie eine Billigung, F\u00f6rderung oder Empfehlung durch diese . . .<br \/>\nBemerkungen jeglicher Art zu m\u00f6glichen Verst\u00f6\u00dfen gegen geistige oder gewerbliche Eigentumsrechte sowie zu den Inhalten der Website k\u00f6nnen Sie \u00fcber die E-Mail FRAN@SIPM.ES machen.<br \/>\n3. HAFTUNGSAUSSCHLUSS<br \/>\nDer VERANTWORTLICHE ist von jeglicher Haftung befreit, die sich aus den auf seiner Website ver\u00f6ffentlichten Informationen ergibt, sofern er keine tats\u00e4chliche Kenntnis davon hat, dass diese Informationen von einem Dritten, der nichts mit ihm zu tun hat, manipuliert oder eingef\u00fchrt wurden, oder, falls er dies getan hat, mit Sorgfalt gehandelt hat die Daten entziehen oder den Zugriff darauf unm\u00f6glich machen.<br \/>\nVerwendung von Cookies<br \/>\nDiese Website kann technische Cookies verwenden (kleine Informationsdateien, die der Server sendet<br \/>\nan den Computer der Person, die auf die Seite zugreift), um bestimmte Funktionen auszuf\u00fchren, die f\u00fcr das korrekte Funktionieren und die Visualisierung der Website als wesentlich erachtet werden. Die verwendeten Cookies haben in jedem Fall tempor\u00e4ren Charakter und dienen ausschlie\u00dflich dazu, die<br \/>\nBrowsing und verschwinden, wenn die Sitzung des Benutzers endet. In keinem Fall liefern diese Cookies selbst personenbezogene Daten und werden nicht zu deren Erhebung verwendet.<br \/>\nDurch die Verwendung von Cookies ist es auch m\u00f6glich, dass der Server, auf dem sich die Website befindet, den vom Benutzer verwendeten Browser erkennt, um die Navigation zu erleichtern und beispielsweise Benutzern, die sich zuvor f\u00fcr die Bereiche, Dienste, Aktionen registriert haben, den Zugriff zu erm\u00f6glichen oder Wettbewerbe, die ausschlie\u00dflich ihnen vorbehalten sind, ohne sich f\u00fcr jeden Besuch registrieren zu m\u00fcssen.<br \/>\nSie k\u00f6nnen auch zur Messung des Publikums, der Verkehrsparameter, zur Kontrolle des Fortschritts und der Anzahl der Eintr\u00e4ge usw. verwendet werden, da sie in diesen F\u00e4llen technisch entbehrliche Cookies sind, aber f\u00fcr den Benutzer von Vorteil sind. Diese Website installiert keine entbehrlichen Cookies ohne Ihre Zustimmung.<br \/>\nzu<br \/>\nBenutzer vor.<br \/>\nDer Benutzer hat die M\u00f6glichkeit, seinen Browser so zu konfigurieren, dass er \u00fcber den Empfang von Cookies informiert wird und deren Installation auf seinem Computer verhindert. Weitere Informationen entnehmen Sie bitte der Anleitung Ihres Browsers.<br \/>\nLinkpolitik<br \/>\nVon der Website aus werden Sie m\u00f6glicherweise zu Inhalten von Websites Dritter weitergeleitet. Da der VERANTWORTLICHE die von Dritten auf ihren jeweiligen Websites eingef\u00fchrten Inhalte nicht immer kontrollieren kann, \u00fcbernimmt er keinerlei Verantwortung in Bezug auf diese Inhalte. In jedem Fall werden alle Inhalte, die gegen nationale oder internationale Gesetze, die guten Sitten oder die \u00f6ffentliche Ordnung versto\u00dfen k\u00f6nnten, unverz\u00fcglich entfernt, die Weiterleitung auf diese Website unverz\u00fcglich zur\u00fcckgezogen und die zust\u00e4ndigen Beh\u00f6rden \u00fcber die betreffenden Inhalte informiert.<br \/>\nDer VERANTWORTLICHE ist nicht verantwortlich f\u00fcr Informationen und Inhalte, die beispielsweise, aber nicht ausschlie\u00dflich, in Foren, Chats, Bloggeneratoren, Kommentaren, sozialen Netzwerken oder anderen Mitteln gespeichert sind, die es Dritten erm\u00f6glichen, Inhalte unabh\u00e4ngig auf der Website zu ver\u00f6ffentlichen VERANTWORTLICH. Es wird jedoch in \u00dcbereinstimmung mit den Bestimmungen der Artikel 11 und 16 des LSSICE allen Benutzern, Beh\u00f6rden und Sicherheitskr\u00e4ften zur Verf\u00fcgung gestellt, die aktiv an der R\u00fccknahme oder gegebenenfalls Sperrung all dieser Inhalte mitwirken, die FARSHAD SHIRI PAHLEVANI<br \/>\nP.3<br \/>\nFARSHAD SHIRI PAHLEVANI<br \/>\nC\/ PERPETUA SOCORRO, 33 \u2013 1\u00ba G 03160 ALMORADI (Alacant)<br \/>\nkann nationale oder internationale Gesetze, die Rechte Dritter oder die guten Sitten und die \u00f6ffentliche Ordnung beeintr\u00e4chtigen oder verletzen. Falls der Benutzer der Meinung ist, dass es Inhalte auf der Website gibt, die f\u00fcr diese Klassifizierung anf\u00e4llig sein k\u00f6nnten, benachrichtigen Sie bitte unverz\u00fcglich den Website-Administrator.<br \/>\nDiese Website wurde \u00fcberpr\u00fcft und auf einwandfreie Funktion getestet. Grunds\u00e4tzlich kann ein einwandfreier Betrieb an 365 Tagen im Jahr, 24 Stunden am Tag gew\u00e4hrleistet werden. Der VERANTWORTLICHE schlie\u00dft jedoch nicht aus, dass bestimmte Programmierfehler vorliegen oder \u00e4hnliches<br \/>\nh\u00f6here Gewalt, Naturkatastrophen, Streiks oder \u00e4hnliche Umst\u00e4nde eintreten, die den Zugriff auf die Website unm\u00f6glich machen.<br \/>\nIP-Adressen<br \/>\nDie Server der Website k\u00f6nnen die vom Benutzer verwendete IP-Adresse und den Dom\u00e4nennamen automatisch erkennen. Eine IP-Adresse ist eine Nummer, die einem Computer automatisch zugewiesen wird, wenn er sich mit dem Internet verbindet. Alle diese Informationen werden in einer Serveraktivit\u00e4tsdatei aufgezeichnet, die die nachfolgende Verarbeitung der Daten erm\u00f6glicht, um nur statistische Messungen zu erhalten, die es erm\u00f6glichen, die Anzahl der Seitenaufrufe, die Anzahl der Besuche auf den Webservern, die Reihenfolge der Besuche, die Zugangspunkt usw.<br \/>\n4. ANWENDBARES RECHT UND GERICHTSSTAND<br \/>\nF\u00fcr die Beilegung aller Streitigkeiten oder Probleme im Zusammenhang mit dieser Website oder den darin entwickelten Aktivit\u00e4ten gilt die spanische Gesetzgebung, der sich die Parteien ausdr\u00fccklich unterwerfen, und die f\u00fcr die Beilegung aller Streitigkeiten zust\u00e4ndig ist, die sich aus oder im Zusammenhang mit ihrer Nutzung ergeben, die Gerichte des Wohnsitzes von der NUTZER oder der Ort der Erf\u00fcllung der Verpflichtung.<\/p>\n\r\n\t\t<\/div>\r\n\t<\/div>\r\n<\/div><\/div><\/div><\/div><\/div><\/section>\n","protected":false},"excerpt":{"rendered":"GESETZ DER DIENSTLEISTUNGEN DER INFORMATIONSGESELLSCHAFT (LSSI) FARSHAD SHIRI PAHLEVANI, verantwortlich f\u00fcr die Website, im Folgenden VERANTWORTLICH, stellt dieses Dokument den Benutzern zur Verf\u00fcgung, mit denen es beabsichtigt, den Verpflichtungen nachzukommen, die im Gesetz 34\/2002 vom 11. Juli \u00fcber Unternehmensdienste f\u00fcr Information und elektronischen Handel (LSSICE ), BOE Nr. 166, sowie die Information aller Benutzer der...","protected":false},"author":3,"featured_media":0,"parent":0,"menu_order":0,"comment_status":"closed","ping_status":"closed","template":"","meta":[],"yoast_head":"<!-- This site is optimized with the Yoast SEO plugin v17.0 - https:\/\/yoast.com\/wordpress\/plugins\/seo\/ -->\n<title>Rechtlicher Hinweis - Empresa de Servicios Sipm<\/title>\n<meta name=\"robots\" content=\"index, follow, max-snippet:-1, max-image-preview:large, max-video-preview:-1\" \/>\n<link rel=\"canonical\" href=\"https:\/\/sipm.es\/de\/aviso-legal\/\" \/>\n<meta property=\"og:locale\" content=\"de_DE\" \/>\n<meta property=\"og:type\" content=\"article\" \/>\n<meta property=\"og:title\" content=\"Rechtlicher Hinweis - Empresa de Servicios Sipm\" \/>\n<meta property=\"og:url\" content=\"https:\/\/sipm.es\/aviso-legal\/\" \/>\n<meta property=\"og:site_name\" content=\"Empresa de Servicios Sipm\" \/>\n<meta name=\"twitter:card\" content=\"summary_large_image\" \/>\n<meta name=\"twitter:label1\" content=\"Gesch\u00e4tzte Lesezeit\" \/>\n\t<meta name=\"twitter:data1\" content=\"6\u00a0Minuten\" \/>\n<script type=\"application\/ld+json\" class=\"yoast-schema-graph\">{\"@context\":\"https:\/\/schema.org\",\"@graph\":[{\"@type\":\"Organization\",\"@id\":\"https:\/\/sipm.es\/de\/#organization\",\"name\":\"Sipm Toldos y Reformas\",\"url\":\"https:\/\/sipm.es\/de\/\",\"sameAs\":[],\"logo\":{\"@type\":\"ImageObject\",\"@id\":\"https:\/\/sipm.es\/de\/#logo\",\"inLanguage\":\"de\",\"url\":\"https:\/\/sipm.es\/wp-content\/uploads\/2017\/07\/logo-pagina-web.png\",\"contentUrl\":\"https:\/\/sipm.es\/wp-content\/uploads\/2017\/07\/logo-pagina-web.png\",\"width\":500,\"height\":323,\"caption\":\"Sipm Toldos y Reformas\"},\"image\":{\"@id\":\"https:\/\/sipm.es\/de\/#logo\"}},{\"@type\":\"WebSite\",\"@id\":\"https:\/\/sipm.es\/de\/#website\",\"url\":\"https:\/\/sipm.es\/de\/\",\"name\":\"Mantenimiento y Montaje de Toldos\",\"description\":\"Construcci\\u00f3n, Reformas, Venta y Alquiler de Viviendas\",\"publisher\":{\"@id\":\"https:\/\/sipm.es\/de\/#organization\"},\"potentialAction\":[{\"@type\":\"SearchAction\",\"target\":{\"@type\":\"EntryPoint\",\"urlTemplate\":\"https:\/\/sipm.es\/de\/?s={search_term_string}\"},\"query-input\":\"required name=search_term_string\"}],\"inLanguage\":\"de\"},{\"@type\":\"WebPage\",\"@id\":\"https:\/\/sipm.es\/aviso-legal\/#webpage\",\"url\":\"https:\/\/sipm.es\/aviso-legal\/\",\"name\":\"Rechtlicher Hinweis - Empresa de Servicios Sipm\",\"isPartOf\":{\"@id\":\"https:\/\/sipm.es\/de\/#website\"},\"datePublished\":\"2022-01-18T19:31:23+00:00\",\"dateModified\":\"2022-01-18T19:31:23+00:00\",\"breadcrumb\":{\"@id\":\"https:\/\/sipm.es\/aviso-legal\/#breadcrumb\"},\"inLanguage\":\"de\",\"potentialAction\":[{\"@type\":\"ReadAction\",\"target\":[\"https:\/\/sipm.es\/aviso-legal\/\"]}]},{\"@type\":\"BreadcrumbList\",\"@id\":\"https:\/\/sipm.es\/aviso-legal\/#breadcrumb\",\"itemListElement\":[{\"@type\":\"ListItem\",\"position\":1,\"name\":\"Portada\",\"item\":\"https:\/\/sipm.es\/de\/\"},{\"@type\":\"ListItem\",\"position\":2,\"name\":\"Rechtlicher Hinweis\"}]}]}<\/script>\n<!-- \/ Yoast SEO plugin. -->","yoast_head_json":{"title":"Rechtlicher Hinweis - Empresa de Servicios Sipm","robots":{"index":"index","follow":"follow","max-snippet":"max-snippet:-1","max-image-preview":"max-image-preview:large","max-video-preview":"max-video-preview:-1"},"canonical":"https:\/\/sipm.es\/de\/aviso-legal\/","og_locale":"de_DE","og_type":"article","og_title":"Rechtlicher Hinweis - Empresa de Servicios Sipm","og_url":"https:\/\/sipm.es\/aviso-legal\/","og_site_name":"Empresa de Servicios Sipm","twitter_card":"summary_large_image","twitter_misc":{"Gesch\u00e4tzte Lesezeit":"6\u00a0Minuten"},"schema":{"@context":"https:\/\/schema.org","@graph":[{"@type":"Organization","@id":"https:\/\/sipm.es\/de\/#organization","name":"Sipm Toldos y Reformas","url":"https:\/\/sipm.es\/de\/","sameAs":[],"logo":{"@type":"ImageObject","@id":"https:\/\/sipm.es\/de\/#logo","inLanguage":"de","url":"https:\/\/sipm.es\/wp-content\/uploads\/2017\/07\/logo-pagina-web.png","contentUrl":"https:\/\/sipm.es\/wp-content\/uploads\/2017\/07\/logo-pagina-web.png","width":500,"height":323,"caption":"Sipm Toldos y Reformas"},"image":{"@id":"https:\/\/sipm.es\/de\/#logo"}},{"@type":"WebSite","@id":"https:\/\/sipm.es\/de\/#website","url":"https:\/\/sipm.es\/de\/","name":"Mantenimiento y Montaje de Toldos","description":"Construcci\u00f3n, Reformas, Venta y Alquiler de Viviendas","publisher":{"@id":"https:\/\/sipm.es\/de\/#organization"},"potentialAction":[{"@type":"SearchAction","target":{"@type":"EntryPoint","urlTemplate":"https:\/\/sipm.es\/de\/?s={search_term_string}"},"query-input":"required name=search_term_string"}],"inLanguage":"de"},{"@type":"WebPage","@id":"https:\/\/sipm.es\/aviso-legal\/#webpage","url":"https:\/\/sipm.es\/aviso-legal\/","name":"Rechtlicher Hinweis - Empresa de Servicios Sipm","isPartOf":{"@id":"https:\/\/sipm.es\/de\/#website"},"datePublished":"2022-01-18T19:31:23+00:00","dateModified":"2022-01-18T19:31:23+00:00","breadcrumb":{"@id":"https:\/\/sipm.es\/aviso-legal\/#breadcrumb"},"inLanguage":"de","potentialAction":[{"@type":"ReadAction","target":["https:\/\/sipm.es\/aviso-legal\/"]}]},{"@type":"BreadcrumbList","@id":"https:\/\/sipm.es\/aviso-legal\/#breadcrumb","itemListElement":[{"@type":"ListItem","position":1,"name":"Portada","item":"https:\/\/sipm.es\/de\/"},{"@type":"ListItem","position":2,"name":"Rechtlicher Hinweis"}]}]}},"_links":{"self":[{"href":"https:\/\/sipm.es\/de\/wp-json\/wp\/v2\/pages\/8992"}],"collection":[{"href":"https:\/\/sipm.es\/de\/wp-json\/wp\/v2\/pages"}],"about":[{"href":"https:\/\/sipm.es\/de\/wp-json\/wp\/v2\/types\/page"}],"author":[{"embeddable":true,"href":"https:\/\/sipm.es\/de\/wp-json\/wp\/v2\/users\/3"}],"replies":[{"embeddable":true,"href":"https:\/\/sipm.es\/de\/wp-json\/wp\/v2\/comments?post=8992"}],"version-history":[{"count":2,"href":"https:\/\/sipm.es\/de\/wp-json\/wp\/v2\/pages\/8992\/revisions"}],"predecessor-version":[{"id":8994,"href":"https:\/\/sipm.es\/de\/wp-json\/wp\/v2\/pages\/8992\/revisions\/8994"}],"wp:attachment":[{"href":"https:\/\/sipm.es\/de\/wp-json\/wp\/v2\/media?parent=8992"}],"curies":[{"name":"wp","href":"https:\/\/api.w.org\/{rel}","templated":true}]}}