{"id":8987,"date":"2022-01-18T19:28:53","date_gmt":"2022-01-18T19:28:53","guid":{"rendered":"https:\/\/sipm.es\/cookie-richtlinie-2\/"},"modified":"2022-01-18T19:28:53","modified_gmt":"2022-01-18T19:28:53","slug":"cookie-richtlinie-2","status":"publish","type":"page","link":"https:\/\/sipm.es\/de\/cookie-richtlinie-2\/","title":{"rendered":"Cookie-Richtlinie"},"content":{"rendered":"<section class=\"l-section wpb_row height_medium\"><div class=\"l-section-h i-cf\"><div class=\"g-cols vc_row type_default valign_top\"><div class=\"vc_col-sm-12 wpb_column vc_column_container\"><div class=\"vc_column-inner\"><div class=\"wpb_wrapper\">\r\n\t<div class=\"wpb_text_column \">\r\n\t\t<div class=\"wpb_wrapper\">\r\n\t\t\t<p>INFORMATIONEN \u00dcBER COOKIES<br \/>\nIn \u00dcbereinstimmung mit dem Gesetz 34\/2002 vom 11. Juli \u00fcber Dienste der Informationsgesellschaft und des elektronischen Gesch\u00e4ftsverkehrs (LSSI) in Bezug auf die Verordnung (EU) 2016\/679 des Europ\u00e4ischen Parlaments und des Rates vom 27. April 2016, Allgemeines Datenschutz (DSGVO) und Organgesetz 3\/2018 vom 5. Dezember, Datenschutz und Gew\u00e4hrleistung digitaler Rechte (LOPDGDD), ist es zwingend erforderlich, die ausdr\u00fcckliche Zustimmung des Benutzers aller Webseiten, die entbehrliche Cookies verwenden, vor Ihnen einzuholen durch sie navigieren.<br \/>\nWAS SIND COOKIES?<br \/>\nCookies und andere \u00e4hnliche Technologien wie Local Shared Objects, Flash-Cookies oder Pixel sind Tools, die von Webservern verwendet werden, um Informationen \u00fcber ihre Besucher zu speichern und abzurufen sowie um ein korrektes Funktionieren der Website zu gew\u00e4hrleisten.<br \/>\nDurch die Verwendung dieser Ger\u00e4te kann sich der Webserver einige Daten \u00fcber den Benutzer merken, wie z. B. seine Pr\u00e4ferenzen f\u00fcr die Anzeige der Seiten dieses Servers, Name und Passwort, Produkte, die ihn am meisten interessieren usw.<br \/>\nVON DER VERORDNUNG BETROFFENE COOKIES UND AUSGENOMMENE COOKIES<br \/>\nGem\u00e4\u00df der EU-Richtlinie sind die Cookies, die die informierte Zustimmung des Benutzers erfordern, analytische Cookies sowie Werbe- und Affiliations-Cookies, mit Ausnahme der Cookies technischer Natur und derjenigen, die f\u00fcr den Betrieb der Website oder die Erbringung von Dienstleistungen erforderlich sind ausdr\u00fccklich angefordert von der Benutzer.<br \/>\nARTEN VON COOKIES<br \/>\nNACH DEM ZWECK<br \/>\nTechnische und funktionale Cookies: sind solche, die es dem Benutzer erm\u00f6glichen, durch eine Webseite, Plattform oder Anwendung zu navigieren und die verschiedenen darin enthaltenen Optionen oder Dienste zu nutzen.<br \/>\nAnalytische Cookies: sind solche, die es der f\u00fcr sie verantwortlichen Person erm\u00f6glichen, das Verhalten der Benutzer der Websites, mit denen sie verlinkt sind, zu \u00fcberwachen und zu analysieren. Die durch diese Art von Cookies gesammelten Informationen werden verwendet, um die Aktivit\u00e4t der Websites, Anwendungen oder Plattformen zu messen und Browsing-Profile der Benutzer dieser Websites, Anwendungen und Plattformen zu erstellen, um Verbesserungen in Funktion der Analyse der Nutzung einzuf\u00fchren Daten, die von den Benutzern des Dienstes gemacht werden.<br \/>\nWerbe-Cookies: sind solche, die eine m\u00f6glichst effiziente Verwaltung der Werbefl\u00e4chen erm\u00f6glichen, die der Herausgeber gegebenenfalls in eine Webseite, Anwendung oder Plattform aufgenommen hat, von der aus der angeforderte Dienst auf der Grundlage von Kriterien wie z bearbeitete Inhalte oder wie oft Anzeigen gezeigt werden.<br \/>\nVerhaltensbezogene Werbe-Cookies: Sie sammeln Informationen \u00fcber die Vorlieben und pers\u00f6nlichen Entscheidungen des Benutzers (Retargeting), um die Verwaltung der Werbefl\u00e4chen, die der Herausgeber gegebenenfalls in eine Webseite oder Anwendung aufgenommen hat, auf die effizienteste Weise zu erm\u00f6glichen oder Plattform, von der aus der angeforderte Dienst bereitgestellt wird.<br \/>\nSoziale Cookies: Diese werden von Social-Media-Plattformen auf den Diensten gesetzt, damit Sie Inhalte mit Ihren Freunden und Netzwerken teilen k\u00f6nnen. Social-Media-Plattformen haben die M\u00f6glichkeit, Ihre Aktivit\u00e4ten zu verfolgen FARSHAD SHIRI PAHLEVANI<br \/>\nP.2<br \/>\nFARSHAD SHIRI PAHLEVANI<br \/>\nC\/ PERPETUA SOCORRO, 33 \u2013 1\u00ba G 03160 ALMORADI (Alacant) online au\u00dferhalb der Dienste. Dies kann sich auf die Inhalte und Nachrichten auswirken, die Sie auf anderen von Ihnen besuchten Diensten sehen.<br \/>\nAffiliate-Cookies: Sie erm\u00f6glichen es Ihnen, Besuche von anderen Websites zu verfolgen, mit denen die Website einen Partnervertrag abschlie\u00dft (Partnerunternehmen).<br \/>\nSicherheits-Cookies: Sie speichern verschl\u00fcsselte Informationen, um zu verhindern, dass die darin gespeicherten Daten b\u00f6swilligen Angriffen Dritter ausgesetzt sind.<br \/>\nNACH DEM EIGENTUM<br \/>\nEigene Cookies: sind solche, die von einem vom Herausgeber selbst verwalteten Computer oder einer Dom\u00e4ne an das Endger\u00e4t des Benutzers gesendet werden und von denen aus der vom Benutzer angeforderte Dienst bereitgestellt wird.<br \/>\nCookies von Drittanbietern: sind solche, die von einem Computer oder einer Dom\u00e4ne, die nicht vom Herausgeber verwaltet wird, sondern von einer anderen Stelle, die die durch Cookies erhaltenen Daten verarbeitet, an das Endger\u00e4t des Benutzers gesendet werden.<br \/>\nNACH DEM ERHALTUNGSZEITRAUM<br \/>\nSitzungscookies: Sie sind eine Art von Cookies, die dazu bestimmt sind, Daten zu sammeln und zu speichern, w\u00e4hrend der Benutzer auf eine Webseite zugreift.<br \/>\nPersistente Cookies: Sie sind eine Art von Cookies, bei denen die Daten weiterhin im Endger\u00e4t gespeichert werden und f\u00fcr einen von der f\u00fcr das Cookie verantwortlichen Person festgelegten Zeitraum, der von wenigen Minuten bis zu mehreren Jahren reichen kann, abgerufen und verarbeitet werden k\u00f6nnen.<br \/>\nVERARBEITUNG PERSONENBEZOGENER DATEN<br \/>\nFARSHAD SHIRI PAHLEVANI ist die f\u00fcr die Verarbeitung der personenbezogenen Daten der interessierten Partei verantwortliche Person und informiert Sie dar\u00fcber, dass diese Daten gem\u00e4\u00df den Bestimmungen der Verordnung (EU) 2016\/679 vom 27. April 2016 (DSGVO) verarbeitet werden dass die folgenden Behandlungsinformationen bereitgestellt werden: Behandlungszwecke: wie im Abschnitt angegeben<br \/>\nVerwendung von Cookies auf dieser Website.<br \/>\nLegitimation der Behandlung: durch Zustimmung der interessierten Partei (Art. 6.1 DSGVO).<br \/>\nKriterien f\u00fcr die Datenspeicherung: wie im Abschnitt \u00fcber im Internet verwendete Cookies angegeben.<br \/>\nWeitergabe der Daten: Die Daten werden nicht an Dritte weitergegeben, au\u00dfer in Cookies, die Dritten geh\u00f6ren oder aufgrund gesetzlicher Verpflichtung.<br \/>\nRechte der interessierten Partei:<br \/>\n\u2013 Recht auf jederzeitigen Widerruf einer Einwilligung.<br \/>\n\u2013 Recht auf Auskunft, Berichtigung, \u00dcbertragbarkeit und L\u00f6schung Ihrer Daten sowie Einschr\u00e4nkung oder Widerspruch gegen ihre Behandlung.<br \/>\n\u2013 Das Recht, eine Beschwerde bei der Kontrollbeh\u00f6rde (www.aepd.es) einzureichen, wenn Sie der Meinung sind, dass die Behandlung nicht den geltenden Vorschriften entspricht.<br \/>\nKontaktdaten zur Aus\u00fcbung Ihrer Rechte:<br \/>\nFARSHAD SHIRI PAHLEVANI. C\/ PERPETUA SOCORRO, 33 1\u00ba G \u2013 03160 ALMORADI (Alacant). Email:<br \/>\nFRAN@SIPM.ES<br \/>\nKontaktdaten des Datenschutzbeauftragten: CALLE JOS\u00c9 ARTES DE ARCOS N\u00ba34 OFFICE T, 04004<br \/>\nALMERIA \u2013 info@consultoriaeuropa.com<br \/>\nFARSHAD SHIRI PAHLEVANI<br \/>\nP.3<br \/>\nFARSHAD SHIRI PAHLEVANI<br \/>\nC\/ PERPETUA SOCORRO, 33 \u2013 1\u00ba G 03160 ALMORADI (Alacant)<br \/>\nAUF DIESER WEBSITE VERWENDETE COOKIES<br \/>\nVOM HERAUSGEBER KONTROLLIERTE COOKIES<br \/>\nTechnisch und funktional<br \/>\nEigenschafts-Cookie-Zweckbegriff<br \/>\ngoogle.com __Secure-1PAPISI<br \/>\nD<br \/>\nCookie erforderlich f\u00fcr die Nutzung der Optionen und Dienste der Website in 2 Jahren google.com __Secure-1PSID Cookie erforderlich f\u00fcr die Nutzung der Optionen und Dienste der Website in 2 Jahren google.com __Secure-1PSIDC<br \/>\nC<br \/>\nCookie, das f\u00fcr die Nutzung der Optionen und Dienste der Website in 11 Monaten erforderlich ist google.com __Secure-3PSIDC<br \/>\nC<br \/>\nCookie, das f\u00fcr die Nutzung der Optionen und Dienste der Website in einem Jahr google.com CONSENT erforderlich ist Google Cookie Consent Tracker in 2 Jahren google.com SEARCH_SAMESI<br \/>\nTEE<br \/>\nSameSite verhindert, dass der Browser dieses Cookie zusammen mit Cross-Site-Anfragen sendet. Oberstes Ziel ist es, die<br \/>\nRisiko von ursprungs\u00fcbergreifendem Informationsleck. Auch<br \/>\nbietet einen gewissen Schutz vor Cross-Site-Request-F\u00e4lschungsangriffen.<br \/>\nin 6 Monaten<br \/>\nAnalytik<br \/>\nEigenschafts-Cookie-Zweckbegriff<br \/>\ngoogle.com __Secure-3PAPISI<br \/>\nD<br \/>\nDiese Cookies werden verwendet, um Werbung zu liefern, die f\u00fcr Sie und Ihre Interessen relevanter ist. in 2 Jahren google.com __Secure-3PSID Diese Cookies werden verwendet, um Anzeigen zu liefern, die f\u00fcr Sie und Ihre Interessen relevanter sind. in 2 Jahren<br \/>\nWerbung<br \/>\nEigenschaft Cookie Zweck Begriff google.com 1P_JAR<br \/>\nDiese Cookies werden durch eingebettete YouTube-Videos gesetzt. Sie erfassen anonyme statistische Daten dar\u00fcber, beispielsweise wie oft das Video abgespielt wird und welche Einstellungen f\u00fcr die Wiedergabe verwendet werden. in einem Monat google.com APISID<br \/>\nLaden Sie bestimmte Google-Tools herunter und speichern Sie bestimmte Einstellungen, beispielsweise die Anzahl der Suchergebnisse pro Seite oder die Aktivierung des SafeSearch-Filters. Passen Sie die Anzeigen an, die in der Google-Suche erscheinen. in 2 Jahren Google.com HSID<br \/>\nLaden Sie bestimmte Google-Tools herunter und speichern Sie bestimmte Einstellungen, beispielsweise die Anzahl der Suchergebnisse pro Seite oder die Aktivierung des SafeSearch-Filters. anpassen<br \/>\ndie Anzeigen, die in der Google-Suche erscheinen. in 2 Jahren FARSHAD SHIRI PAHLEVANI<br \/>\nP.4<br \/>\nFARSHAD SHIRI PAHLEVANI<br \/>\nC\/ PERPETUA SOCORRO, 33 \u2013 1\u00ba G 03160 ALMORADI (Alacant) google.com NID<br \/>\nDiese Cookies werden verwendet, um Website-Statistiken zu sammeln und Konversionsraten und Google-Werbepersonalisierung \u00fcber 7 Monate zu verfolgen. google.com OTZ Gesamtanalyse der Website-Besucher \u00fcber 11 Tage google.com SAPISID<br \/>\nLaden Sie bestimmte Google-Tools herunter und speichern Sie bestimmte Einstellungen, beispielsweise die Anzahl der Suchergebnisse pro Seite oder die Aktivierung des SafeSearch-Filters. anpassen<br \/>\ndie Anzeigen, die in der Google-Suche erscheinen. in 2 Jahren google.com SID Laden Sie bestimmte Google-Tools herunter und speichern Sie bestimmte Einstellungen, zum Beispiel die Anzahl der Suchergebnisse pro Seite oder die Aktivierung des SafeSearch-Filters. Passen Sie die Anzeigen an, die in der Google-Suche erscheinen. in 2 Jahren google.com SIDCC Laden Sie bestimmte Google-Tools herunter und speichern Sie bestimmte Einstellungen, zum Beispiel die Anzahl der Suchergebnisse pro Seite oder die Aktivierung des SafeSearch-Filters. Passen Sie die Anzeigen an, die in der Google-Suche erscheinen. in einem Jahr google.com SSID Laden Sie bestimmte Google-Tools herunter und speichern Sie bestimmte Einstellungen, zum Beispiel die Anzahl der Suchergebnisse pro Seite oder die Aktivierung des SafeSearch-Filters.<br \/>\nPassen Sie die Anzeigen an, die in der Google-Suche erscheinen. in 2 Jahren<br \/>\nCookies von Drittanbietern<br \/>\nDienste Dritter liegen au\u00dferhalb der Kontrolle des Herausgebers. Anbieter k\u00f6nnen ihre Servicebedingungen, den Zweck und die Verwendung von Cookies usw. jederzeit \u00e4ndern.<br \/>\nExterne Anbieter dieser Website:<br \/>\nDatenschutzrichtlinie des Herausgebers<br \/>\nGoogle https:\/\/privacy.google.com\/take-control.html<br \/>\nGoogle https:\/\/safety.google\/privacy\/p<br \/>\nDatenschutzbestimmungen\/<br \/>\nCOOKIE-KONFIGURATIONSFELD<br \/>\nVon diesem Panel aus k\u00f6nnen Sie die Cookies konfigurieren, die die Website in Ihrem Browser installieren kann, mit Ausnahme der technischen oder funktionalen Cookies, die zum Surfen und Verwenden der verschiedenen angebotenen Optionen oder Dienste erforderlich sind.<br \/>\nCookie-Bereich<br \/>\nWIE MAN COOKIES VOM BROWSER VERWALTET<br \/>\nCookies vom Ger\u00e4t l\u00f6schen<br \/>\nCookies, die sich bereits auf einem Ger\u00e4t befinden, k\u00f6nnen entfernt werden, indem der Verlauf des Ger\u00e4ts gel\u00f6scht wird.<br \/>\nBrowser, wodurch Cookies von allen besuchten Websites gel\u00f6scht werden.<br \/>\nEs k\u00f6nnen jedoch auch einige gespeicherte Informationen (z. B. Anmeldedaten oder Website-Einstellungen) verloren gehen. FARSHAD SHIRI PAHLEVANI<br \/>\nP.5<br \/>\nFARSHAD SHIRI PAHLEVANI<br \/>\nC\/ PERPETUA SOCORRO, 33 \u2013 1\u00ba G 03160 ALMORADI (Alacant)<br \/>\nVerwalten von standortspezifischen Cookies Zur genaueren Steuerung standortspezifischer Cookies k\u00f6nnen Benutzer ihre Datenschutz- und Cookie-Einstellungen in ihrem Browser anpassen.<br \/>\nCookies blockieren<br \/>\nObwohl die meisten modernen Browser so konfiguriert werden k\u00f6nnen, dass sie dies verhindern<br \/>\nCookies auf Ger\u00e4ten installiert werden, kann dies die manuelle Anpassung bestimmter Einstellungen bei jedem Besuch einer Website oder Seite erfordern. Dar\u00fcber hinaus funktionieren einige Dienste und Funktionen m\u00f6glicherweise nicht richtig (z. B. Profilanmeldungen).<br \/>\nSO ENTFERNEN SIE COOKIES AUS DEN G\u00c4NGIGSTEN BROWSERN<br \/>\nChrome http:\/\/support.google.com\/chrome\/answer\/95647?hl=es<br \/>\nEdge https:\/\/support.microsoft.com\/es-es\/microsoft-edge\/eliminar-las-cookies-en-microsoft-edge-63947406-40ac-c3b8-57b9-2a946a29ae09<br \/>\nExplorer https:\/\/support.microsoft.com\/es-es\/help\/278835\/how-to-delete-cookie-files-in-internet-explorer<br \/>\nFirefox https:\/\/www.mozilla.org\/es-ES\/privacy\/websites\/#cookies<br \/>\nSafari https:\/\/support.apple.com\/es-es\/guide\/safari\/sfri11471\/mac<br \/>\nOpera https:\/\/help.opera.com\/en\/latest\/security-and-privacy\/#clearBrowsingData<\/p>\n\r\n\t\t<\/div>\r\n\t<\/div>\r\n<\/div><\/div><\/div><\/div><\/div><\/section>\n","protected":false},"excerpt":{"rendered":"INFORMATIONEN \u00dcBER COOKIES In \u00dcbereinstimmung mit dem Gesetz 34\/2002 vom 11. Juli \u00fcber Dienste der Informationsgesellschaft und des elektronischen Gesch\u00e4ftsverkehrs (LSSI) in Bezug auf die Verordnung (EU) 2016\/679 des Europ\u00e4ischen Parlaments und des Rates vom 27. April 2016, Allgemeines Datenschutz (DSGVO) und Organgesetz 3\/2018 vom 5. Dezember, Datenschutz und Gew\u00e4hrleistung digitaler Rechte (LOPDGDD), ist es...","protected":false},"author":3,"featured_media":0,"parent":0,"menu_order":0,"comment_status":"closed","ping_status":"closed","template":"","meta":[],"yoast_head":"<!-- This site is optimized with the Yoast SEO plugin v17.0 - https:\/\/yoast.com\/wordpress\/plugins\/seo\/ -->\n<title>Cookie-Richtlinie - Empresa de Servicios Sipm<\/title>\n<meta name=\"robots\" content=\"index, follow, max-snippet:-1, max-image-preview:large, max-video-preview:-1\" \/>\n<link rel=\"canonical\" href=\"https:\/\/sipm.es\/de\/politica-de-cookies\/\" \/>\n<meta property=\"og:locale\" content=\"de_DE\" \/>\n<meta property=\"og:type\" content=\"article\" \/>\n<meta property=\"og:title\" content=\"Cookie-Richtlinie - Empresa de Servicios Sipm\" \/>\n<meta property=\"og:url\" content=\"https:\/\/sipm.es\/politica-de-cookies\/\" \/>\n<meta property=\"og:site_name\" content=\"Empresa de Servicios Sipm\" \/>\n<meta name=\"twitter:card\" content=\"summary_large_image\" \/>\n<meta name=\"twitter:label1\" content=\"Gesch\u00e4tzte Lesezeit\" \/>\n\t<meta name=\"twitter:data1\" content=\"8\u00a0Minuten\" \/>\n<script type=\"application\/ld+json\" class=\"yoast-schema-graph\">{\"@context\":\"https:\/\/schema.org\",\"@graph\":[{\"@type\":\"Organization\",\"@id\":\"https:\/\/sipm.es\/de\/#organization\",\"name\":\"Sipm Toldos y Reformas\",\"url\":\"https:\/\/sipm.es\/de\/\",\"sameAs\":[],\"logo\":{\"@type\":\"ImageObject\",\"@id\":\"https:\/\/sipm.es\/de\/#logo\",\"inLanguage\":\"de\",\"url\":\"https:\/\/sipm.es\/wp-content\/uploads\/2017\/07\/logo-pagina-web.png\",\"contentUrl\":\"https:\/\/sipm.es\/wp-content\/uploads\/2017\/07\/logo-pagina-web.png\",\"width\":500,\"height\":323,\"caption\":\"Sipm Toldos y Reformas\"},\"image\":{\"@id\":\"https:\/\/sipm.es\/de\/#logo\"}},{\"@type\":\"WebSite\",\"@id\":\"https:\/\/sipm.es\/de\/#website\",\"url\":\"https:\/\/sipm.es\/de\/\",\"name\":\"Mantenimiento y Montaje de Toldos\",\"description\":\"Construcci\\u00f3n, Reformas, Venta y Alquiler de Viviendas\",\"publisher\":{\"@id\":\"https:\/\/sipm.es\/de\/#organization\"},\"potentialAction\":[{\"@type\":\"SearchAction\",\"target\":{\"@type\":\"EntryPoint\",\"urlTemplate\":\"https:\/\/sipm.es\/de\/?s={search_term_string}\"},\"query-input\":\"required name=search_term_string\"}],\"inLanguage\":\"de\"},{\"@type\":\"WebPage\",\"@id\":\"https:\/\/sipm.es\/politica-de-cookies\/#webpage\",\"url\":\"https:\/\/sipm.es\/politica-de-cookies\/\",\"name\":\"Cookie-Richtlinie - Empresa de Servicios Sipm\",\"isPartOf\":{\"@id\":\"https:\/\/sipm.es\/de\/#website\"},\"datePublished\":\"2022-01-18T19:28:53+00:00\",\"dateModified\":\"2022-01-18T19:28:53+00:00\",\"breadcrumb\":{\"@id\":\"https:\/\/sipm.es\/politica-de-cookies\/#breadcrumb\"},\"inLanguage\":\"de\",\"potentialAction\":[{\"@type\":\"ReadAction\",\"target\":[\"https:\/\/sipm.es\/politica-de-cookies\/\"]}]},{\"@type\":\"BreadcrumbList\",\"@id\":\"https:\/\/sipm.es\/politica-de-cookies\/#breadcrumb\",\"itemListElement\":[{\"@type\":\"ListItem\",\"position\":1,\"name\":\"Portada\",\"item\":\"https:\/\/sipm.es\/de\/\"},{\"@type\":\"ListItem\",\"position\":2,\"name\":\"Cookie-Richtlinie\"}]}]}<\/script>\n<!-- \/ Yoast SEO plugin. -->","yoast_head_json":{"title":"Cookie-Richtlinie - Empresa de Servicios Sipm","robots":{"index":"index","follow":"follow","max-snippet":"max-snippet:-1","max-image-preview":"max-image-preview:large","max-video-preview":"max-video-preview:-1"},"canonical":"https:\/\/sipm.es\/de\/politica-de-cookies\/","og_locale":"de_DE","og_type":"article","og_title":"Cookie-Richtlinie - Empresa de Servicios Sipm","og_url":"https:\/\/sipm.es\/politica-de-cookies\/","og_site_name":"Empresa de Servicios Sipm","twitter_card":"summary_large_image","twitter_misc":{"Gesch\u00e4tzte Lesezeit":"8\u00a0Minuten"},"schema":{"@context":"https:\/\/schema.org","@graph":[{"@type":"Organization","@id":"https:\/\/sipm.es\/de\/#organization","name":"Sipm Toldos y Reformas","url":"https:\/\/sipm.es\/de\/","sameAs":[],"logo":{"@type":"ImageObject","@id":"https:\/\/sipm.es\/de\/#logo","inLanguage":"de","url":"https:\/\/sipm.es\/wp-content\/uploads\/2017\/07\/logo-pagina-web.png","contentUrl":"https:\/\/sipm.es\/wp-content\/uploads\/2017\/07\/logo-pagina-web.png","width":500,"height":323,"caption":"Sipm Toldos y Reformas"},"image":{"@id":"https:\/\/sipm.es\/de\/#logo"}},{"@type":"WebSite","@id":"https:\/\/sipm.es\/de\/#website","url":"https:\/\/sipm.es\/de\/","name":"Mantenimiento y Montaje de Toldos","description":"Construcci\u00f3n, Reformas, Venta y Alquiler de Viviendas","publisher":{"@id":"https:\/\/sipm.es\/de\/#organization"},"potentialAction":[{"@type":"SearchAction","target":{"@type":"EntryPoint","urlTemplate":"https:\/\/sipm.es\/de\/?s={search_term_string}"},"query-input":"required name=search_term_string"}],"inLanguage":"de"},{"@type":"WebPage","@id":"https:\/\/sipm.es\/politica-de-cookies\/#webpage","url":"https:\/\/sipm.es\/politica-de-cookies\/","name":"Cookie-Richtlinie - Empresa de Servicios Sipm","isPartOf":{"@id":"https:\/\/sipm.es\/de\/#website"},"datePublished":"2022-01-18T19:28:53+00:00","dateModified":"2022-01-18T19:28:53+00:00","breadcrumb":{"@id":"https:\/\/sipm.es\/politica-de-cookies\/#breadcrumb"},"inLanguage":"de","potentialAction":[{"@type":"ReadAction","target":["https:\/\/sipm.es\/politica-de-cookies\/"]}]},{"@type":"BreadcrumbList","@id":"https:\/\/sipm.es\/politica-de-cookies\/#breadcrumb","itemListElement":[{"@type":"ListItem","position":1,"name":"Portada","item":"https:\/\/sipm.es\/de\/"},{"@type":"ListItem","position":2,"name":"Cookie-Richtlinie"}]}]}},"_links":{"self":[{"href":"https:\/\/sipm.es\/de\/wp-json\/wp\/v2\/pages\/8987"}],"collection":[{"href":"https:\/\/sipm.es\/de\/wp-json\/wp\/v2\/pages"}],"about":[{"href":"https:\/\/sipm.es\/de\/wp-json\/wp\/v2\/types\/page"}],"author":[{"embeddable":true,"href":"https:\/\/sipm.es\/de\/wp-json\/wp\/v2\/users\/3"}],"replies":[{"embeddable":true,"href":"https:\/\/sipm.es\/de\/wp-json\/wp\/v2\/comments?post=8987"}],"version-history":[{"count":2,"href":"https:\/\/sipm.es\/de\/wp-json\/wp\/v2\/pages\/8987\/revisions"}],"predecessor-version":[{"id":8989,"href":"https:\/\/sipm.es\/de\/wp-json\/wp\/v2\/pages\/8987\/revisions\/8989"}],"wp:attachment":[{"href":"https:\/\/sipm.es\/de\/wp-json\/wp\/v2\/media?parent=8987"}],"curies":[{"name":"wp","href":"https:\/\/api.w.org\/{rel}","templated":true}]}}