{"id":8933,"date":"2021-08-16T13:19:08","date_gmt":"2021-08-16T13:19:08","guid":{"rendered":"https:\/\/sipm.es\/reformen\/"},"modified":"2021-08-16T13:19:09","modified_gmt":"2021-08-16T13:19:09","slug":"reformen","status":"publish","type":"page","link":"https:\/\/sipm.es\/de\/reformen\/","title":{"rendered":"Reformen"},"content":{"rendered":"<section class=\"l-section wpb_row height_auto with_img with_overlay\"><div class=\"l-section-img\" style=\"background-image: url(https:\/\/sipm.es\/wp-content\/uploads\/2016\/12\/background-outer-wrapper.png);\" data-img-width=\"1770\" data-img-height=\"235\"><\/div><div class=\"l-section-overlay\" style=\"background-color: rgba(2,2,2,0.32)\"><\/div><div class=\"l-section-h i-cf\"><div class=\"g-cols vc_row type_default valign_top\"><div class=\"vc_col-sm-12 wpb_column vc_column_container\"><div class=\"vc_column-inner\"><div class=\"wpb_wrapper\">[vc_custom_heading text=&#8221;<strong>Reformen<\/strong>&#8221; font_container=&#8221;tag:h1|font_size:60|text_align:center|color:%23ffffff&#8221; use_theme_fonts=&#8221;yes&#8221;]<div class=\"w-iconbox iconpos_top style_default color_custom align_center no_title no_text\"><a class=\"w-iconbox-link\" href=\"#quehacemos\" aria-hidden=\"true\"><div class=\"w-iconbox-icon\" style=\"color:#ffffff;\"><i class=\"fas fa-chevron-down\"><\/i><\/div><\/a><div class=\"w-iconbox-meta\"><\/div><\/div><div class=\"w-separator size_custom\" style=\"height:30px;\"><\/div><\/div><\/div><\/div><\/div><\/div><\/section><section class=\"l-section wpb_row height_medium width_full\"><div class=\"l-section-h i-cf\"><div class=\"g-cols vc_row type_default valign_top\"><div class=\"vc_col-sm-12 wpb_column vc_column_container\"><div class=\"vc_column-inner\"><div class=\"wpb_wrapper\"><div class=\"g-cols wpb_row type_default valign_top vc_inner  vc_custom_1624292623860\"><div class=\"vc_col-sm-12 wpb_column vc_column_container\"><div class=\"vc_column-inner\"><div class=\"wpb_wrapper\">\r\n\t<div class=\"wpb_text_column \">\r\n\t\t<div class=\"wpb_wrapper\">\r\n\t\t\t<p>Sipm ist ein Unternehmen mit einem hochqualifizierten menschlichen Team, das in der Lage ist, jede Idee oder jedes Projekt, das der Kunde w\u00fcnscht, in die Tat umzusetzen.<\/p>\n\r\n\t\t<\/div>\r\n\t<\/div>\r\n<\/div><\/div><\/div><\/div><\/div><\/div><\/div><\/div><\/div><\/section><section class=\"l-section wpb_row height_medium width_full\"><div class=\"l-section-h i-cf\" style=\"padding-top: 0px !important;\"><div class=\"g-cols vc_row type_default valign_top\"><div class=\"vc_col-sm-12 wpb_column vc_column_container\"><div class=\"vc_column-inner\"><div class=\"wpb_wrapper\">[vc_custom_heading text=&#8221;INTEGRALE REFORM&#8221; font_container=&#8221;tag:h2|text_align:center&#8221; use_theme_fonts=&#8221;yes&#8221;]<div class=\"w-separator size_small\"><\/div><div class=\"g-cols wpb_row type_default valign_middle vc_inner  vc_custom_1624291843632\"><div class=\"vc_col-sm-6 wpb_column vc_column_container\"><div class=\"vc_column-inner\"><div class=\"wpb_wrapper\">\r\n\t<div class=\"wpb_text_column \">\r\n\t\t<div class=\"wpb_wrapper\">\r\n\t\t\t<p>Wenn Sie Ihre Wohnung oder Ihr Zuhause komplett reformieren m\u00f6chten, haben wir ein offenes Ohr f\u00fcr Ihre Ideen und bieten Ihnen ein angemessenes, auf Ihre Bed\u00fcrfnisse abgestimmtes Budget.<\/p>\n<p>Im Laufe der Jahre brauchen Wohnungen eine Ver\u00e4nderung, entweder weil sie sich erheblich verschlechtert haben oder weil wir eine neue Idee haben und sie an neue Moden und Bed\u00fcrfnisse anpassen m\u00f6chten.<\/p>\n<p>Wir haben gen\u00fcgend Erfahrung und ein menschliches Team, das bereit ist, sich den schwierigsten Herausforderungen gem\u00e4\u00df Ihrem Budget zu stellen.<\/p>\n<p>Die integrale Reform muss beinhalten: Abbruch von Trennw\u00e4nden, falls erforderlich, Mauerwerk, neue Elektroinstallation mit den erforderlichen Steckdosen, Installation von Heizung und \/ oder Klimaanlage, Verlegung neuer Bodenbel\u00e4ge, Reform von K\u00fcche, B\u00e4dern, Installation neuer Zimmerei, Aluminium und \/ oder Holzt\u00fcren, Wandmalerei usw.<\/p>\n<p>Wenn der Kunde eine eigene Idee hat, f\u00fchren wir die gesamte Reform nach den Anweisungen des Kunden durch.<\/p>\n<p>Wir passen uns allen Arten von Projekten an, ob gro\u00df oder klein, und wenden immer die gleiche Professionalit\u00e4t an, damit die Reform ein Erfolg wird. Sie stellen das Projekt und wir geben Ihnen unsere Ideen, um eine Reform mit voller Garantie durchzuf\u00fchren.<\/p>\n\r\n\t\t<\/div>\r\n\t<\/div>\r\n<\/div><\/div><\/div><div class=\"vc_col-sm-6 wpb_column vc_column_container\"><div class=\"vc_column-inner\"><div class=\"wpb_wrapper\"><div class=\"w-image align_center animate_afr\" style=\"animation-delay:1s;\"><div class=\"w-image-h\"><img width=\"1240\" height=\"744\" src=\"https:\/\/sipm.es\/wp-content\/uploads\/2021\/06\/reformas-sipm.png\" class=\"attachment-full size-full\" alt=\"\" loading=\"lazy\" srcset=\"https:\/\/sipm.es\/wp-content\/uploads\/2021\/06\/reformas-sipm.png 1240w, https:\/\/sipm.es\/wp-content\/uploads\/2021\/06\/reformas-sipm-300x180.png 300w, https:\/\/sipm.es\/wp-content\/uploads\/2021\/06\/reformas-sipm-1024x614.png 1024w\" sizes=\"(max-width: 1240px) 100vw, 1240px\" \/><\/div><\/div><\/div><\/div><\/div><\/div><\/div><\/div><\/div><\/div><\/div><\/section><section class=\"l-section wpb_row height_medium width_full\"><div class=\"l-section-h i-cf\" style=\"padding-top: 0px !important;\"><div class=\"g-cols vc_row type_default valign_top\"><div class=\"vc_col-sm-12 wpb_column vc_column_container\"><div class=\"vc_column-inner\"><div class=\"wpb_wrapper\">[vc_custom_heading text=&#8221;K\u00dcCHENRENOVIERUNG&#8221; font_container=&#8221;tag:h2|text_align:center&#8221; use_theme_fonts=&#8221;yes&#8221;]<div class=\"w-separator size_small\"><\/div><div class=\"g-cols wpb_row type_default valign_top vc_inner  vc_custom_1624292579212\"><div class=\"vc_col-sm-6 wpb_column vc_column_container\"><div class=\"vc_column-inner\"><div class=\"wpb_wrapper\"><div class=\"w-image align_center animate_afl\" style=\"animation-delay:1s;\"><div class=\"w-image-h\"><img width=\"1000\" height=\"600\" src=\"https:\/\/sipm.es\/wp-content\/uploads\/2021\/06\/reforma-cocina.png\" class=\"attachment-full size-full\" alt=\"\" loading=\"lazy\" srcset=\"https:\/\/sipm.es\/wp-content\/uploads\/2021\/06\/reforma-cocina.png 1000w, https:\/\/sipm.es\/wp-content\/uploads\/2021\/06\/reforma-cocina-300x180.png 300w\" sizes=\"(max-width: 1000px) 100vw, 1000px\" \/><\/div><\/div><\/div><\/div><\/div><div class=\"vc_col-sm-6 wpb_column vc_column_container\"><div class=\"vc_column-inner\"><div class=\"wpb_wrapper\">\r\n\t<div class=\"wpb_text_column \">\r\n\t\t<div class=\"wpb_wrapper\">\r\n\t\t\t<p>Die K\u00fcche ist der Raum, in dem Sie m\u00f6glicherweise mehr Zeit verbringen, in dem wir Erfahrungen und Ideen mit Familie und Freunden teilen und deshalb m\u00f6chten wir, dass sie so ger\u00e4umig und funktional wie m\u00f6glich ist. Versuchen Sie, den Arbeitsbereich (Zubereitung von Geschirr, Sp\u00fcle, Backofen und K\u00fcche), den passiven Bereich (Esszimmer, Lager usw.)<\/p>\n<p>Die Reform der K\u00fcche zus\u00e4tzlich zur Renovierung der M\u00f6bel impliziert den Austausch von Steckdosen und \/ oder das Hinzuf\u00fcgen neuer Steckdosen, die wir immer vermissen, das Ersetzen der alten Beleuchtung durch ein System von LED-Lampen zus\u00e4tzlich zur Installation und \/ oder Austausch von Rohren und die Anpassung der Elektrizit\u00e4t an die neuen Vorschriften.<\/p>\n<p>Die K\u00fcche ist der Raum, der sich m\u00f6glicherweise am st\u00e4rksten in einem Haus entwickelt hat, urspr\u00fcnglich von einem kleinen, dunklen Raum mit geringer Bel\u00fcftung und abseits des Hauses zu einem Treffpunkt f\u00fcr die Familie.<\/p>\n<p>Vor der Renovierung der K\u00fcche evaluieren wir mit dem Kunden die Bed\u00fcrfnisse und Vorlieben, um diesen Ort so angenehm und ergonomisch wie m\u00f6glich zu gestalten. Es spielt keine Rolle, ob Ihre K\u00fcche klein ist, wir werden versuchen, die beste L\u00f6sung zu finden.<\/p>\n<p>Die komplette K\u00fcchenreform sollte beinhalten: Entfernen alter M\u00f6bel, Abbruch, Mauerwerk, Sanit\u00e4rinstallation, Elektroinstallation mit zus\u00e4tzlichen Steckdosen, Verfliesen von W\u00e4nden und B\u00f6den, Platzierung neuer Beleuchtung, neuer K\u00fcchenm\u00f6bel usw.<\/p>\n\r\n\t\t<\/div>\r\n\t<\/div>\r\n<\/div><\/div><\/div><\/div><\/div><\/div><\/div><\/div><\/div><\/section><section class=\"l-section wpb_row height_medium width_full\"><div class=\"l-section-h i-cf\" style=\"padding-top: 0px !important;\"><div class=\"g-cols vc_row type_default valign_top\"><div class=\"vc_col-sm-12 wpb_column vc_column_container\"><div class=\"vc_column-inner\"><div class=\"wpb_wrapper\">[vc_custom_heading text=&#8221;BADEZIMMERREFORM&#8221; font_container=&#8221;tag:h2|text_align:center&#8221; use_theme_fonts=&#8221;yes&#8221;]<div class=\"w-separator size_small\"><\/div><div class=\"g-cols wpb_row type_default valign_top vc_inner  vc_custom_1624292668376\"><div class=\"vc_col-sm-6 wpb_column vc_column_container\"><div class=\"vc_column-inner\"><div class=\"wpb_wrapper\">\r\n\t<div class=\"wpb_text_column \">\r\n\t\t<div class=\"wpb_wrapper\">\r\n\t\t\t<p>Der Abbau der Komponenten wie Rohre, Anschl\u00fcsse, Kollektoren l\u00e4dt uns zur Reform ein, die Umwandlung der Materialien, aus denen das Badezimmer besteht, beeinflusst auch, all diese neuen Elemente erf\u00fcllen zus\u00e4tzliche Funktionen wie: Platzersparnis und Anpassung.<\/p>\n<p>Es gibt unz\u00e4hlige Angebote an Farben und unterschiedlichen Materialien auf dem Markt, die Energie und Verbrauch einsparen, um es ein wenig \u00f6kologischer zu machen.<\/p>\n<p>Wenn wir eine Badrenovierung durchf\u00fchren, geben wir unserem Haus einen Mehrwert und vor allem einen pers\u00f6nlichen Genuss.<\/p>\n<p>Die Reform des kompletten Badezimmers muss beinhalten: Ausbau der Toilette und Badewanne und\/oder Duschwanne, Abbruch, Mauerwerk, Sanit\u00e4rinstallation, Elektroinstallation mit zus\u00e4tzlichen Abg\u00e4ngen, Verfliesen von W\u00e4nden und B\u00f6den, Anbringen neuer Beleuchtung, neuer Sanit\u00e4ranlagen und Wasserh\u00e4hne , Bildschirm, Austausch von Badzubeh\u00f6r usw.<\/p>\n\r\n\t\t<\/div>\r\n\t<\/div>\r\n<\/div><\/div><\/div><div class=\"vc_col-sm-6 wpb_column vc_column_container\"><div class=\"vc_column-inner\"><div class=\"wpb_wrapper\"><div class=\"w-image align_none animate_afr\" style=\"animation-delay:1s;\"><div class=\"w-image-h\"><img width=\"1000\" height=\"600\" src=\"https:\/\/sipm.es\/wp-content\/uploads\/2021\/06\/reforma-de-ba\u00f1o.png\" class=\"attachment-full size-full\" alt=\"\" loading=\"lazy\" srcset=\"https:\/\/sipm.es\/wp-content\/uploads\/2021\/06\/reforma-de-ba\u00f1o.png 1000w, https:\/\/sipm.es\/wp-content\/uploads\/2021\/06\/reforma-de-ba\u00f1o-300x180.png 300w\" sizes=\"(max-width: 1000px) 100vw, 1000px\" \/><\/div><\/div><\/div><\/div><\/div><\/div><\/div><\/div><\/div><\/div><\/div><\/section><section class=\"l-section wpb_row height_medium\"><div class=\"l-section-h i-cf\"><div class=\"g-cols vc_row type_default valign_top\"><div class=\"vc_col-sm-12 wpb_column vc_column_container\"><div class=\"vc_column-inner\"><div class=\"wpb_wrapper\"><div class=\"w-form for_cform us_form_1\">\r\n\t<form class=\"w-form-h\" autocomplete=\"off\" action=\"https:\/\/sipm.es\/de\/wp-json\/wp\/v2\/pages\/8933\" method=\"post\">\r\n\t\t\t\t<div class=\"w-form-row for_text\">\r\n\t\t<div class=\"w-form-row-field\">\r\n\t\t\t\t<input type=\"text\" name=\"us_form_1_text_1\" aria-label=\"Nombre\" value=\"\" placeholder=\"Nombre\"\/>\r\n\t\t<span class=\"w-form-row-field-bar\"><\/span>\r\n\t\t\t<\/div>\r\n\t\t<div class=\"w-form-row-state\">Bitte f\u00fcllen Sie dieses Feld aus<\/div>\r\n<\/div>\r\n\t\t<div class=\"w-form-row for_email\">\r\n\t\t<div class=\"w-form-row-field\">\r\n\t\t\t\t<input type=\"email\" name=\"us_form_1_email_1\" aria-label=\"Correo electr\u00f3nico\" value=\"\" placeholder=\"Correo electr\u00f3nico\"\/>\r\n\t\t<span class=\"w-form-row-field-bar\"><\/span>\r\n\t\t\t<\/div>\r\n\t\t<div class=\"w-form-row-state\">Bitte gib eine g\u00fcltige E-Mail-Adresse ein.<\/div>\r\n<\/div>\r\n\t\t<div class=\"w-form-row for_text\">\r\n\t\t<div class=\"w-form-row-field\">\r\n\t\t\t\t<input type=\"text\" name=\"us_form_1_text_2\" aria-label=\"Tel\u00e9fono\" value=\"\" placeholder=\"Tel\u00e9fono\"\/>\r\n\t\t<span class=\"w-form-row-field-bar\"><\/span>\r\n\t\t\t<\/div>\r\n\t\t<div class=\"w-form-row-state\">Bitte f\u00fcllen Sie dieses Feld aus<\/div>\r\n<\/div>\r\n\t\t<div class=\"w-form-row for_textarea\">\r\n\t\t<div class=\"w-form-row-field\">\r\n\t\t\t\t<textarea  name=\"us_form_1_textarea_1\" aria-label=\"Mensaje\" placeholder=\"Mensaje\"><\/textarea>\r\n\t\t<span class=\"w-form-row-field-bar\"><\/span>\r\n\t\t\t<\/div>\r\n\t\t<div class=\"w-form-row-state\">Bitte f\u00fcllen Sie dieses Feld aus<\/div>\r\n<\/div>\r\n\t\t<input type=\"hidden\" name=\"action\" value=\"us_ajax_cform\" \/>\r\n\t\t<input type=\"hidden\" name=\"post_id\" value=\"8933\" \/>\r\n\t\t<input type=\"hidden\" name=\"form_index\" value=\"1\" \/>\r\n\t\t<div class=\"w-form-row for_submit align_left\">\r\n\t<div class=\"w-form-row-field\">\r\n\t\t\t\t<button class=\"w-btn  us-btn-style_1\"  style=\"font-size:16px;\" type=\"submit\" aria-label=\"Fragen Sie nach dem Budget\">\r\n\t\t\t<span class=\"g-preloader type_1\"><\/span>\r\n\t\t\t\t\t\t<span class=\"w-btn-label\">Fragen Sie nach dem Budget<\/span>\r\n\t\t\t\t\t<\/button>\r\n\t<\/div>\r\n<\/div>\r\n\t\t\t\t<div class=\"w-form-message\"><\/div>\r\n\t\t\t<\/form>\r\n\t<div class=\"w-form-json hidden\" onclick='return {&quot;ajaxurl&quot;:&quot;https:\\\/\\\/sipm.es\\\/wp-admin\\\/admin-ajax.php&quot;}'><\/div>\r\n<\/div><\/div><\/div><\/div><\/div><\/div><\/section>\n","protected":false},"excerpt":{"rendered":"[vc_custom_heading text=\"Reformen\" font_container=\"tag:h1|font_size:60|text_align:center|color:%23ffffff\" use_theme_fonts=\"yes\"] Sipm ist ein Unternehmen mit einem hochqualifizierten menschlichen Team, das in der Lage ist, jede Idee oder jedes Projekt, das der Kunde w\u00fcnscht, in die Tat umzusetzen. [vc_custom_heading text=\"INTEGRALE REFORM\" font_container=\"tag:h2|text_align:center\" use_theme_fonts=\"yes\"] Wenn Sie Ihre Wohnung oder Ihr Zuhause komplett reformieren m\u00f6chten, haben wir ein offenes Ohr f\u00fcr Ihre Ideen und...","protected":false},"author":3,"featured_media":0,"parent":0,"menu_order":0,"comment_status":"closed","ping_status":"closed","template":"","meta":[],"yoast_head":"<!-- This site is optimized with the Yoast SEO plugin v17.0 - https:\/\/yoast.com\/wordpress\/plugins\/seo\/ -->\n<title>Reformen - Empresa de Servicios Sipm<\/title>\n<meta name=\"robots\" content=\"index, follow, max-snippet:-1, max-image-preview:large, max-video-preview:-1\" \/>\n<link rel=\"canonical\" href=\"https:\/\/sipm.es\/de\/reformen\/\" \/>\n<meta property=\"og:locale\" content=\"de_DE\" \/>\n<meta property=\"og:type\" content=\"article\" \/>\n<meta property=\"og:title\" content=\"Reformen - Empresa de Servicios Sipm\" \/>\n<meta property=\"og:url\" content=\"https:\/\/sipm.es\/de\/reformen\/\" \/>\n<meta property=\"og:site_name\" content=\"Empresa de Servicios Sipm\" \/>\n<meta property=\"article:modified_time\" content=\"2021-08-16T13:19:09+00:00\" \/>\n<meta name=\"twitter:card\" content=\"summary_large_image\" \/>\n<meta name=\"twitter:label1\" content=\"Gesch\u00e4tzte Lesezeit\" \/>\n\t<meta name=\"twitter:data1\" content=\"5\u00a0Minuten\" \/>\n<script type=\"application\/ld+json\" class=\"yoast-schema-graph\">{\"@context\":\"https:\/\/schema.org\",\"@graph\":[{\"@type\":\"Organization\",\"@id\":\"https:\/\/sipm.es\/de\/#organization\",\"name\":\"Sipm Toldos y Reformas\",\"url\":\"https:\/\/sipm.es\/de\/\",\"sameAs\":[],\"logo\":{\"@type\":\"ImageObject\",\"@id\":\"https:\/\/sipm.es\/de\/#logo\",\"inLanguage\":\"de\",\"url\":\"https:\/\/sipm.es\/wp-content\/uploads\/2017\/07\/logo-pagina-web.png\",\"contentUrl\":\"https:\/\/sipm.es\/wp-content\/uploads\/2017\/07\/logo-pagina-web.png\",\"width\":500,\"height\":323,\"caption\":\"Sipm Toldos y Reformas\"},\"image\":{\"@id\":\"https:\/\/sipm.es\/de\/#logo\"}},{\"@type\":\"WebSite\",\"@id\":\"https:\/\/sipm.es\/de\/#website\",\"url\":\"https:\/\/sipm.es\/de\/\",\"name\":\"Mantenimiento y Montaje de Toldos\",\"description\":\"Construcci\\u00f3n, Reformas, Venta y Alquiler de Viviendas\",\"publisher\":{\"@id\":\"https:\/\/sipm.es\/de\/#organization\"},\"potentialAction\":[{\"@type\":\"SearchAction\",\"target\":{\"@type\":\"EntryPoint\",\"urlTemplate\":\"https:\/\/sipm.es\/de\/?s={search_term_string}\"},\"query-input\":\"required name=search_term_string\"}],\"inLanguage\":\"de\"},{\"@type\":\"WebPage\",\"@id\":\"https:\/\/sipm.es\/de\/reformen\/#webpage\",\"url\":\"https:\/\/sipm.es\/de\/reformen\/\",\"name\":\"Reformen - Empresa de Servicios Sipm\",\"isPartOf\":{\"@id\":\"https:\/\/sipm.es\/de\/#website\"},\"datePublished\":\"2021-08-16T13:19:08+00:00\",\"dateModified\":\"2021-08-16T13:19:09+00:00\",\"breadcrumb\":{\"@id\":\"https:\/\/sipm.es\/de\/reformen\/#breadcrumb\"},\"inLanguage\":\"de\",\"potentialAction\":[{\"@type\":\"ReadAction\",\"target\":[\"https:\/\/sipm.es\/de\/reformen\/\"]}]},{\"@type\":\"BreadcrumbList\",\"@id\":\"https:\/\/sipm.es\/de\/reformen\/#breadcrumb\",\"itemListElement\":[{\"@type\":\"ListItem\",\"position\":1,\"name\":\"Portada\",\"item\":\"https:\/\/sipm.es\/de\/\"},{\"@type\":\"ListItem\",\"position\":2,\"name\":\"Reformen\"}]}]}<\/script>\n<!-- \/ Yoast SEO plugin. -->","yoast_head_json":{"title":"Reformen - Empresa de Servicios Sipm","robots":{"index":"index","follow":"follow","max-snippet":"max-snippet:-1","max-image-preview":"max-image-preview:large","max-video-preview":"max-video-preview:-1"},"canonical":"https:\/\/sipm.es\/de\/reformen\/","og_locale":"de_DE","og_type":"article","og_title":"Reformen - Empresa de Servicios Sipm","og_url":"https:\/\/sipm.es\/de\/reformen\/","og_site_name":"Empresa de Servicios Sipm","article_modified_time":"2021-08-16T13:19:09+00:00","twitter_card":"summary_large_image","twitter_misc":{"Gesch\u00e4tzte Lesezeit":"5\u00a0Minuten"},"schema":{"@context":"https:\/\/schema.org","@graph":[{"@type":"Organization","@id":"https:\/\/sipm.es\/de\/#organization","name":"Sipm Toldos y Reformas","url":"https:\/\/sipm.es\/de\/","sameAs":[],"logo":{"@type":"ImageObject","@id":"https:\/\/sipm.es\/de\/#logo","inLanguage":"de","url":"https:\/\/sipm.es\/wp-content\/uploads\/2017\/07\/logo-pagina-web.png","contentUrl":"https:\/\/sipm.es\/wp-content\/uploads\/2017\/07\/logo-pagina-web.png","width":500,"height":323,"caption":"Sipm Toldos y Reformas"},"image":{"@id":"https:\/\/sipm.es\/de\/#logo"}},{"@type":"WebSite","@id":"https:\/\/sipm.es\/de\/#website","url":"https:\/\/sipm.es\/de\/","name":"Mantenimiento y Montaje de Toldos","description":"Construcci\u00f3n, Reformas, Venta y Alquiler de Viviendas","publisher":{"@id":"https:\/\/sipm.es\/de\/#organization"},"potentialAction":[{"@type":"SearchAction","target":{"@type":"EntryPoint","urlTemplate":"https:\/\/sipm.es\/de\/?s={search_term_string}"},"query-input":"required name=search_term_string"}],"inLanguage":"de"},{"@type":"WebPage","@id":"https:\/\/sipm.es\/de\/reformen\/#webpage","url":"https:\/\/sipm.es\/de\/reformen\/","name":"Reformen - Empresa de Servicios Sipm","isPartOf":{"@id":"https:\/\/sipm.es\/de\/#website"},"datePublished":"2021-08-16T13:19:08+00:00","dateModified":"2021-08-16T13:19:09+00:00","breadcrumb":{"@id":"https:\/\/sipm.es\/de\/reformen\/#breadcrumb"},"inLanguage":"de","potentialAction":[{"@type":"ReadAction","target":["https:\/\/sipm.es\/de\/reformen\/"]}]},{"@type":"BreadcrumbList","@id":"https:\/\/sipm.es\/de\/reformen\/#breadcrumb","itemListElement":[{"@type":"ListItem","position":1,"name":"Portada","item":"https:\/\/sipm.es\/de\/"},{"@type":"ListItem","position":2,"name":"Reformen"}]}]}},"_links":{"self":[{"href":"https:\/\/sipm.es\/de\/wp-json\/wp\/v2\/pages\/8933"}],"collection":[{"href":"https:\/\/sipm.es\/de\/wp-json\/wp\/v2\/pages"}],"about":[{"href":"https:\/\/sipm.es\/de\/wp-json\/wp\/v2\/types\/page"}],"author":[{"embeddable":true,"href":"https:\/\/sipm.es\/de\/wp-json\/wp\/v2\/users\/3"}],"replies":[{"embeddable":true,"href":"https:\/\/sipm.es\/de\/wp-json\/wp\/v2\/comments?post=8933"}],"version-history":[{"count":1,"href":"https:\/\/sipm.es\/de\/wp-json\/wp\/v2\/pages\/8933\/revisions"}],"predecessor-version":[{"id":8934,"href":"https:\/\/sipm.es\/de\/wp-json\/wp\/v2\/pages\/8933\/revisions\/8934"}],"wp:attachment":[{"href":"https:\/\/sipm.es\/de\/wp-json\/wp\/v2\/media?parent=8933"}],"curies":[{"name":"wp","href":"https:\/\/api.w.org\/{rel}","templated":true}]}}