{"id":8931,"date":"2021-08-16T13:16:21","date_gmt":"2021-08-16T13:16:21","guid":{"rendered":"https:\/\/sipm.es\/404-fehler\/"},"modified":"2021-08-16T13:16:23","modified_gmt":"2021-08-16T13:16:23","slug":"404-fehler","status":"publish","type":"page","link":"https:\/\/sipm.es\/de\/404-fehler\/","title":{"rendered":"404 Fehler"},"content":{"rendered":"<section class=\"l-section wpb_row height_full valign_center\"><div class=\"l-section-h i-cf\"><div class=\"g-cols vc_row type_default valign_middle\"><div class=\"vc_col-sm-12 wpb_column vc_column_container\"><div class=\"vc_column-inner\"><div class=\"wpb_wrapper\"><div class=\"w-iconbox iconpos_top style_circle color_primary align_center\"><div class=\"w-iconbox-icon\" style=\"font-size:6rem;\"><i class=\"far fa-map-marked-alt\"><\/i><\/div><div class=\"w-iconbox-meta\"><h2 class=\"w-iconbox-title\">Dies ist die Seite mit dem 404-Fehler<\/h2><div class=\"w-iconbox-text\"><p>Sie k\u00f6nnen diese Seite wie jede andere Seite \u00fcber den Page Builder anpassen. Es ist auch m\u00f6glich, die Optionen f\u00fcr Kopfzeile, Titelleiste, Seitenleiste und Fu\u00dfzeile zu \u00e4ndern.<\/p>\n<\/div><\/div><\/div><div class=\"w-separator size_small\"><\/div>\r\n\t<div class=\"wpb_text_column \">\r\n\t\t<div class=\"wpb_wrapper\">\r\n\t\t\t<p>\u00dcberpr\u00fcfen Sie die Standarddarstellung der 404-Fehlerseite.<\/p>\n\r\n\t\t<\/div>\r\n\t<\/div>\r\n<\/div><\/div><\/div><\/div><\/div><\/section>\n","protected":false},"excerpt":{"rendered":"Dies ist die Seite mit dem 404-FehlerSie k\u00f6nnen diese Seite wie jede andere Seite \u00fcber den Page Builder anpassen. Es ist auch m\u00f6glich, die Optionen f\u00fcr Kopfzeile, Titelleiste, Seitenleiste und Fu\u00dfzeile zu \u00e4ndern. \u00dcberpr\u00fcfen Sie die Standarddarstellung der 404-Fehlerseite.","protected":false},"author":3,"featured_media":0,"parent":0,"menu_order":0,"comment_status":"closed","ping_status":"closed","template":"","meta":[],"yoast_head":"<!-- This site is optimized with the Yoast SEO plugin v17.0 - https:\/\/yoast.com\/wordpress\/plugins\/seo\/ -->\n<title>404 Fehler - Empresa de Servicios Sipm<\/title>\n<meta name=\"robots\" content=\"index, follow, max-snippet:-1, max-image-preview:large, max-video-preview:-1\" \/>\n<link rel=\"canonical\" href=\"https:\/\/sipm.es\/de\/404-fehler\/\" \/>\n<meta property=\"og:locale\" content=\"de_DE\" \/>\n<meta property=\"og:type\" content=\"article\" \/>\n<meta property=\"og:title\" content=\"404 Fehler - Empresa de Servicios Sipm\" \/>\n<meta property=\"og:url\" content=\"https:\/\/sipm.es\/de\/404-fehler\/\" \/>\n<meta property=\"og:site_name\" content=\"Empresa de Servicios Sipm\" \/>\n<meta property=\"article:modified_time\" content=\"2021-08-16T13:16:23+00:00\" \/>\n<meta name=\"twitter:card\" content=\"summary_large_image\" \/>\n<script type=\"application\/ld+json\" class=\"yoast-schema-graph\">{\"@context\":\"https:\/\/schema.org\",\"@graph\":[{\"@type\":\"Organization\",\"@id\":\"https:\/\/sipm.es\/de\/#organization\",\"name\":\"Sipm Toldos y Reformas\",\"url\":\"https:\/\/sipm.es\/de\/\",\"sameAs\":[],\"logo\":{\"@type\":\"ImageObject\",\"@id\":\"https:\/\/sipm.es\/de\/#logo\",\"inLanguage\":\"de\",\"url\":\"https:\/\/sipm.es\/wp-content\/uploads\/2017\/07\/logo-pagina-web.png\",\"contentUrl\":\"https:\/\/sipm.es\/wp-content\/uploads\/2017\/07\/logo-pagina-web.png\",\"width\":500,\"height\":323,\"caption\":\"Sipm Toldos y Reformas\"},\"image\":{\"@id\":\"https:\/\/sipm.es\/de\/#logo\"}},{\"@type\":\"WebSite\",\"@id\":\"https:\/\/sipm.es\/de\/#website\",\"url\":\"https:\/\/sipm.es\/de\/\",\"name\":\"Mantenimiento y Montaje de Toldos\",\"description\":\"Construcci\\u00f3n, Reformas, Venta y Alquiler de Viviendas\",\"publisher\":{\"@id\":\"https:\/\/sipm.es\/de\/#organization\"},\"potentialAction\":[{\"@type\":\"SearchAction\",\"target\":{\"@type\":\"EntryPoint\",\"urlTemplate\":\"https:\/\/sipm.es\/de\/?s={search_term_string}\"},\"query-input\":\"required name=search_term_string\"}],\"inLanguage\":\"de\"},{\"@type\":\"WebPage\",\"@id\":\"https:\/\/sipm.es\/de\/404-fehler\/#webpage\",\"url\":\"https:\/\/sipm.es\/de\/404-fehler\/\",\"name\":\"404 Fehler - Empresa de Servicios Sipm\",\"isPartOf\":{\"@id\":\"https:\/\/sipm.es\/de\/#website\"},\"datePublished\":\"2021-08-16T13:16:21+00:00\",\"dateModified\":\"2021-08-16T13:16:23+00:00\",\"breadcrumb\":{\"@id\":\"https:\/\/sipm.es\/de\/404-fehler\/#breadcrumb\"},\"inLanguage\":\"de\",\"potentialAction\":[{\"@type\":\"ReadAction\",\"target\":[\"https:\/\/sipm.es\/de\/404-fehler\/\"]}]},{\"@type\":\"BreadcrumbList\",\"@id\":\"https:\/\/sipm.es\/de\/404-fehler\/#breadcrumb\",\"itemListElement\":[{\"@type\":\"ListItem\",\"position\":1,\"name\":\"Portada\",\"item\":\"https:\/\/sipm.es\/de\/\"},{\"@type\":\"ListItem\",\"position\":2,\"name\":\"404 Fehler\"}]}]}<\/script>\n<!-- \/ Yoast SEO plugin. -->","yoast_head_json":{"title":"404 Fehler - Empresa de Servicios Sipm","robots":{"index":"index","follow":"follow","max-snippet":"max-snippet:-1","max-image-preview":"max-image-preview:large","max-video-preview":"max-video-preview:-1"},"canonical":"https:\/\/sipm.es\/de\/404-fehler\/","og_locale":"de_DE","og_type":"article","og_title":"404 Fehler - Empresa de Servicios Sipm","og_url":"https:\/\/sipm.es\/de\/404-fehler\/","og_site_name":"Empresa de Servicios Sipm","article_modified_time":"2021-08-16T13:16:23+00:00","twitter_card":"summary_large_image","schema":{"@context":"https:\/\/schema.org","@graph":[{"@type":"Organization","@id":"https:\/\/sipm.es\/de\/#organization","name":"Sipm Toldos y Reformas","url":"https:\/\/sipm.es\/de\/","sameAs":[],"logo":{"@type":"ImageObject","@id":"https:\/\/sipm.es\/de\/#logo","inLanguage":"de","url":"https:\/\/sipm.es\/wp-content\/uploads\/2017\/07\/logo-pagina-web.png","contentUrl":"https:\/\/sipm.es\/wp-content\/uploads\/2017\/07\/logo-pagina-web.png","width":500,"height":323,"caption":"Sipm Toldos y Reformas"},"image":{"@id":"https:\/\/sipm.es\/de\/#logo"}},{"@type":"WebSite","@id":"https:\/\/sipm.es\/de\/#website","url":"https:\/\/sipm.es\/de\/","name":"Mantenimiento y Montaje de Toldos","description":"Construcci\u00f3n, Reformas, Venta y Alquiler de Viviendas","publisher":{"@id":"https:\/\/sipm.es\/de\/#organization"},"potentialAction":[{"@type":"SearchAction","target":{"@type":"EntryPoint","urlTemplate":"https:\/\/sipm.es\/de\/?s={search_term_string}"},"query-input":"required name=search_term_string"}],"inLanguage":"de"},{"@type":"WebPage","@id":"https:\/\/sipm.es\/de\/404-fehler\/#webpage","url":"https:\/\/sipm.es\/de\/404-fehler\/","name":"404 Fehler - Empresa de Servicios Sipm","isPartOf":{"@id":"https:\/\/sipm.es\/de\/#website"},"datePublished":"2021-08-16T13:16:21+00:00","dateModified":"2021-08-16T13:16:23+00:00","breadcrumb":{"@id":"https:\/\/sipm.es\/de\/404-fehler\/#breadcrumb"},"inLanguage":"de","potentialAction":[{"@type":"ReadAction","target":["https:\/\/sipm.es\/de\/404-fehler\/"]}]},{"@type":"BreadcrumbList","@id":"https:\/\/sipm.es\/de\/404-fehler\/#breadcrumb","itemListElement":[{"@type":"ListItem","position":1,"name":"Portada","item":"https:\/\/sipm.es\/de\/"},{"@type":"ListItem","position":2,"name":"404 Fehler"}]}]}},"_links":{"self":[{"href":"https:\/\/sipm.es\/de\/wp-json\/wp\/v2\/pages\/8931"}],"collection":[{"href":"https:\/\/sipm.es\/de\/wp-json\/wp\/v2\/pages"}],"about":[{"href":"https:\/\/sipm.es\/de\/wp-json\/wp\/v2\/types\/page"}],"author":[{"embeddable":true,"href":"https:\/\/sipm.es\/de\/wp-json\/wp\/v2\/users\/3"}],"replies":[{"embeddable":true,"href":"https:\/\/sipm.es\/de\/wp-json\/wp\/v2\/comments?post=8931"}],"version-history":[{"count":1,"href":"https:\/\/sipm.es\/de\/wp-json\/wp\/v2\/pages\/8931\/revisions"}],"predecessor-version":[{"id":8932,"href":"https:\/\/sipm.es\/de\/wp-json\/wp\/v2\/pages\/8931\/revisions\/8932"}],"wp:attachment":[{"href":"https:\/\/sipm.es\/de\/wp-json\/wp\/v2\/media?parent=8931"}],"curies":[{"name":"wp","href":"https:\/\/api.w.org\/{rel}","templated":true}]}}