{"id":8911,"date":"2021-08-16T13:04:50","date_gmt":"2021-08-16T13:04:50","guid":{"rendered":"https:\/\/sipm.es\/gehaeuse\/"},"modified":"2021-08-16T13:04:51","modified_gmt":"2021-08-16T13:04:51","slug":"gehaeuse","status":"publish","type":"page","link":"https:\/\/sipm.es\/de\/gehaeuse\/","title":{"rendered":"Geh\u00e4use"},"content":{"rendered":"<section class=\"l-section wpb_row height_auto with_img with_overlay\"><div class=\"l-section-img\" style=\"background-image: url(https:\/\/sipm.es\/wp-content\/uploads\/2016\/12\/background-outer-wrapper.png);\" data-img-width=\"1770\" data-img-height=\"235\"><\/div><div class=\"l-section-overlay\" style=\"background-color: rgba(2,2,2,0.32)\"><\/div><div class=\"l-section-h i-cf\"><div class=\"g-cols vc_row type_default valign_top\"><div class=\"vc_col-sm-12 wpb_column vc_column_container\"><div class=\"vc_column-inner\"><div class=\"wpb_wrapper\">[vc_custom_heading text=&#8221;Geh\u00e4use&#8221; font_container=&#8221;tag:h2|font_size:60|text_align:center|color:%23ffffff&#8221; use_theme_fonts=&#8221;yes&#8221;]<div class=\"w-iconbox iconpos_top style_default color_custom align_center no_title no_text\"><a class=\"w-iconbox-link\" href=\"#quehacemos\" aria-hidden=\"true\"><div class=\"w-iconbox-icon\" style=\"color:#ffffff;\"><i class=\"fas fa-chevron-down\"><\/i><\/div><\/a><div class=\"w-iconbox-meta\"><\/div><\/div><div class=\"w-separator size_custom\" style=\"height:30px;\"><\/div><\/div><\/div><\/div><\/div><\/div><\/section><section class=\"l-section wpb_row height_large width_full\"><div class=\"l-section-h i-cf\" style=\"padding-top: 5px !important;padding-bottom: 5px !important;\"><div class=\"g-cols vc_row type_default valign_top\"><div class=\"vc_col-sm-12 wpb_column vc_column_container\"><div class=\"vc_column-inner\"><div class=\"wpb_wrapper\"><div class=\"g-cols wpb_row type_default valign_top vc_inner  vc_custom_1624294698631\"><div class=\"vc_col-sm-6 wpb_column vc_column_container\"><div class=\"vc_column-inner\"><div class=\"wpb_wrapper\"><div class=\"w-separator size_custom\" style=\"height:20px;\"><\/div>[vc_custom_heading text=&#8221;Glasvorhang&#8221; font_container=&#8221;tag:h2|text_align:center&#8221; use_theme_fonts=&#8221;yes&#8221;]\r\n\t<div class=\"wpb_text_column \">\r\n\t\t<div class=\"wpb_wrapper\">\r\n\t\t\t<p>Entdecken Sie unsere Glasvorh\u00e4nge, ein anderes Verglasungssystem f\u00fcr Ihre Terrasse oder Ihren Balkon, das einen geschlossenen und vielseitigen Raum wie nie zuvor schafft.<\/p>\n<p>Sie haben bestimmt schon Tausende von Fenstern mit Aluminiumprofilen zwischen den Scheiben gesehen. In unserem Unternehmen bieten wir ein profilloses Geh\u00e4usesystem an, das verschiedene Vorteile gegen\u00fcber herk\u00f6mmlichen Geh\u00e4usen bietet.<\/p>\n<p>Glasvorh\u00e4nge erm\u00f6glichen eine andere Form der Verglasung, mit beweglichen Glasscheiben und ohne Profile, die es Ihnen erm\u00f6glichen, die Aussicht von Ihrer Terrasse oder Ihrem Balkon ungehindert zu genie\u00dfen.<\/p>\n\r\n\t\t<\/div>\r\n\t<\/div>\r\n<div class=\"w-separator size_custom\" style=\"height:20px;\"><\/div><\/div><\/div><\/div><div class=\"vc_col-sm-6 wpb_column vc_column_container\"><div class=\"vc_column-inner\"><div class=\"wpb_wrapper\"><div class=\"w-separator size_custom\" style=\"height:20px;\"><\/div>[vc_custom_heading text=&#8221;Aluminiumgeh\u00e4use&#8221; font_container=&#8221;tag:h2|text_align:center&#8221; use_theme_fonts=&#8221;yes&#8221;]\r\n\t<div class=\"wpb_text_column \">\r\n\t\t<div class=\"wpb_wrapper\">\r\n\t\t\t<p>Um Quadratmeter f\u00fcr das Haus zu gewinnen, ist es eine praktische L\u00f6sung, au\u00dfen einen Schrank, Schuppen oder eine Einfriedung zu bauen. Hergestellt aus hochwertigen Materialien, ist es eine sehr langlebige und wasserdichte L\u00f6sung.<\/p>\n<p>Wir fertigen Terrassen\u00fcberdachungen, Dachboden\u00fcberdachungen, Terrassen\u00fcberdachungen, Balkon\u00fcberdachungen, Galerie\u00fcberdachungen, Veranda\u00fcberdachungen usw. Bei unseren kundenspezifischen Aluminiumgeh\u00e4usen kann der Kunde das f\u00fcr seine Bed\u00fcrfnisse am besten geeignete Geh\u00e4usesystem ausw\u00e4hlen. Wir beschreiben die Optionen f\u00fcr die Installation in einem Geh\u00e4use.<\/p>\n\r\n\t\t<\/div>\r\n\t<\/div>\r\n<div class=\"w-separator size_custom\" style=\"height:20px;\"><\/div><\/div><\/div><\/div><\/div><div class=\"g-cols wpb_row type_default valign_top vc_inner  vc_custom_1624295800912\"><div class=\"vc_col-sm-6 wpb_column vc_column_container animate_afl\"><div class=\"vc_column-inner\"><div class=\"wpb_wrapper\"><div class=\"w-slider style_none\"><div class=\"w-slider-h\"><div class=\"royalSlider\"><div class=\"rsContent\"><a class=\"rsImg\" data-rsw=\"1000\" data-rsh=\"600\" href=\"https:\/\/sipm.es\/wp-content\/uploads\/2021\/06\/f9656a9d937c4ddd96938c41f2145f36-1.jpg\"><span data-alt=\"\"><\/span><\/a><\/div><div class=\"rsContent\"><a class=\"rsImg\" data-rsw=\"1000\" data-rsh=\"600\" href=\"https:\/\/sipm.es\/wp-content\/uploads\/2021\/06\/cortinas-de-cristal-3.jpg\"><span data-alt=\"\"><\/span><\/a><\/div><div class=\"rsContent\"><a class=\"rsImg\" data-rsw=\"1000\" data-rsh=\"600\" href=\"https:\/\/sipm.es\/wp-content\/uploads\/2021\/06\/cortinas-de-cristal-2.jpg\"><span data-alt=\"\"><\/span><\/a><\/div><div class=\"rsContent\"><a class=\"rsImg\" data-rsw=\"945\" data-rsh=\"530\" href=\"https:\/\/sipm.es\/wp-content\/uploads\/2021\/06\/cortinas-de-cristal2.jpg\"><span data-alt=\"\"><\/span><\/a><\/div><\/div><img src=\"https:\/\/sipm.es\/wp-content\/uploads\/2021\/06\/f9656a9d937c4ddd96938c41f2145f36-1.jpg\" alt=\"\"><\/div><div class=\"w-slider-json\" onclick='return {&quot;loopRewind&quot;:true,&quot;slidesSpacing&quot;:0,&quot;imageScalePadding&quot;:0,&quot;numImagesToPreload&quot;:2,&quot;arrowsNav&quot;:true,&quot;arrowsNavAutoHide&quot;:true,&quot;transitionType&quot;:&quot;move&quot;,&quot;transitionSpeed&quot;:300,&quot;block&quot;:{&quot;moveEffect&quot;:&quot;none&quot;,&quot;speed&quot;:300},&quot;controlNavigation&quot;:&quot;none&quot;,&quot;imageScaleMode&quot;:&quot;fit-if-smaller&quot;,&quot;autoScaleSlider&quot;:true,&quot;autoScaleSliderWidth&quot;:1000,&quot;autoScaleSliderHeight&quot;:600,&quot;fitInViewport&quot;:false}'><\/div><\/div><\/div><\/div><\/div><div class=\"vc_col-sm-6 wpb_column vc_column_container animate_afr\"><div class=\"vc_column-inner\"><div class=\"wpb_wrapper\"><div class=\"w-slider style_none\"><div class=\"w-slider-h\"><div class=\"royalSlider\"><div class=\"rsContent\"><a class=\"rsImg\" data-rsw=\"1000\" data-rsh=\"600\" href=\"https:\/\/sipm.es\/wp-content\/uploads\/2021\/06\/cerramientos-aluminio-1.jpg\"><span data-alt=\"\"><\/span><\/a><\/div><div class=\"rsContent\"><a class=\"rsImg\" data-rsw=\"1000\" data-rsh=\"600\" href=\"https:\/\/sipm.es\/wp-content\/uploads\/2021\/06\/cerramientos-aluminio-2.jpg\"><span data-alt=\"\"><\/span><\/a><\/div><div class=\"rsContent\"><a class=\"rsImg\" data-rsw=\"1000\" data-rsh=\"600\" href=\"https:\/\/sipm.es\/wp-content\/uploads\/2021\/06\/cerramientos-aluminio-3.jpg\"><span data-alt=\"\"><\/span><\/a><\/div><\/div><img src=\"https:\/\/sipm.es\/wp-content\/uploads\/2021\/06\/cerramientos-aluminio-1.jpg\" alt=\"\"><\/div><div class=\"w-slider-json\" onclick='return {&quot;loopRewind&quot;:true,&quot;slidesSpacing&quot;:0,&quot;imageScalePadding&quot;:0,&quot;numImagesToPreload&quot;:2,&quot;arrowsNav&quot;:true,&quot;arrowsNavAutoHide&quot;:true,&quot;transitionType&quot;:&quot;move&quot;,&quot;transitionSpeed&quot;:300,&quot;block&quot;:{&quot;moveEffect&quot;:&quot;none&quot;,&quot;speed&quot;:300},&quot;controlNavigation&quot;:&quot;none&quot;,&quot;imageScaleMode&quot;:&quot;fit-if-smaller&quot;,&quot;autoScaleSlider&quot;:true,&quot;autoScaleSliderWidth&quot;:1000,&quot;autoScaleSliderHeight&quot;:600,&quot;fitInViewport&quot;:false}'><\/div><\/div><\/div><\/div><\/div><\/div><\/div><\/div><\/div><\/div><\/div><\/section><section class=\"l-section wpb_row height_medium\" id=\"presupuesto\"><div class=\"l-section-h i-cf\"><div class=\"g-cols vc_row type_default valign_top\"><div class=\"vc_col-sm-12 wpb_column vc_column_container\"><div class=\"vc_column-inner\"><div class=\"wpb_wrapper\"><div class=\"w-form for_cform us_form_1\">\r\n\t<form class=\"w-form-h\" autocomplete=\"off\" action=\"https:\/\/sipm.es\/de\/wp-json\/wp\/v2\/pages\/8911\" method=\"post\">\r\n\t\t\t\t<div class=\"w-form-row for_text\">\r\n\t\t<div class=\"w-form-row-field\">\r\n\t\t\t\t<input type=\"text\" name=\"us_form_1_text_1\" aria-label=\"Nombre\" value=\"\" placeholder=\"Nombre\"\/>\r\n\t\t<span class=\"w-form-row-field-bar\"><\/span>\r\n\t\t\t<\/div>\r\n\t\t<div class=\"w-form-row-state\">Bitte f\u00fcllen Sie dieses Feld aus<\/div>\r\n<\/div>\r\n\t\t<div class=\"w-form-row for_email\">\r\n\t\t<div class=\"w-form-row-field\">\r\n\t\t\t\t<input type=\"email\" name=\"us_form_1_email_1\" aria-label=\"Correo electr\u00f3nico\" value=\"\" placeholder=\"Correo electr\u00f3nico\"\/>\r\n\t\t<span class=\"w-form-row-field-bar\"><\/span>\r\n\t\t\t<\/div>\r\n\t\t<div class=\"w-form-row-state\">Bitte gib eine g\u00fcltige E-Mail-Adresse ein.<\/div>\r\n<\/div>\r\n\t\t<div class=\"w-form-row for_text required\">\r\n\t\t<div class=\"w-form-row-field\">\r\n\t\t\t\t<input type=\"text\" name=\"us_form_1_text_2\" aria-label=\"Tel\u00e9fono\" value=\"\" placeholder=\"Tel\u00e9fono *\" data-required=\"true\" aria-required=\"true\"\/>\r\n\t\t<span class=\"w-form-row-field-bar\"><\/span>\r\n\t\t\t<\/div>\r\n\t\t<div class=\"w-form-row-state\">Bitte f\u00fcllen Sie dieses Feld aus<\/div>\r\n<\/div>\r\n\t\t<div class=\"w-form-row for_textarea\">\r\n\t\t<div class=\"w-form-row-field\">\r\n\t\t\t\t<textarea  name=\"us_form_1_textarea_1\" aria-label=\"Mensaje\" placeholder=\"Mensaje\"><\/textarea>\r\n\t\t<span class=\"w-form-row-field-bar\"><\/span>\r\n\t\t\t<\/div>\r\n\t\t<div class=\"w-form-row-state\">Bitte f\u00fcllen Sie dieses Feld aus<\/div>\r\n<\/div>\r\n\t\t<input type=\"hidden\" name=\"action\" value=\"us_ajax_cform\" \/>\r\n\t\t<input type=\"hidden\" name=\"post_id\" value=\"8911\" \/>\r\n\t\t<input type=\"hidden\" name=\"form_index\" value=\"1\" \/>\r\n\t\t<div class=\"w-form-row for_submit align_left\">\r\n\t<div class=\"w-form-row-field\">\r\n\t\t\t\t<button class=\"w-btn  us-btn-style_1\"  style=\"font-size:16px;\" type=\"submit\" aria-label=\"Fragen Sie nach dem Budget\">\r\n\t\t\t<span class=\"g-preloader type_1\"><\/span>\r\n\t\t\t\t\t\t<span class=\"w-btn-label\">Fragen Sie nach dem Budget<\/span>\r\n\t\t\t\t\t<\/button>\r\n\t<\/div>\r\n<\/div>\r\n\t\t\t\t<div class=\"w-form-message\"><\/div>\r\n\t\t\t<\/form>\r\n\t<div class=\"w-form-json hidden\" onclick='return {&quot;ajaxurl&quot;:&quot;https:\\\/\\\/sipm.es\\\/wp-admin\\\/admin-ajax.php&quot;}'><\/div>\r\n<\/div><\/div><\/div><\/div><\/div><\/div><\/section>\n","protected":false},"excerpt":{"rendered":"[vc_custom_heading text=\"Geh\u00e4use\" font_container=\"tag:h2|font_size:60|text_align:center|color:%23ffffff\" use_theme_fonts=\"yes\"][vc_custom_heading text=\"Glasvorhang\" font_container=\"tag:h2|text_align:center\" use_theme_fonts=\"yes\"] Entdecken Sie unsere Glasvorh\u00e4nge, ein anderes Verglasungssystem f\u00fcr Ihre Terrasse oder Ihren Balkon, das einen geschlossenen und vielseitigen Raum wie nie zuvor schafft. Sie haben bestimmt schon Tausende von Fenstern mit Aluminiumprofilen zwischen den Scheiben gesehen. In unserem Unternehmen bieten wir ein profilloses Geh\u00e4usesystem an, das verschiedene Vorteile...","protected":false},"author":3,"featured_media":0,"parent":0,"menu_order":0,"comment_status":"closed","ping_status":"closed","template":"","meta":[],"yoast_head":"<!-- This site is optimized with the Yoast SEO plugin v17.0 - https:\/\/yoast.com\/wordpress\/plugins\/seo\/ -->\n<title>Geh\u00e4use - Empresa de Servicios Sipm<\/title>\n<meta name=\"robots\" content=\"index, follow, max-snippet:-1, max-image-preview:large, max-video-preview:-1\" \/>\n<link rel=\"canonical\" href=\"https:\/\/sipm.es\/de\/gehaeuse\/\" \/>\n<meta property=\"og:locale\" content=\"de_DE\" \/>\n<meta property=\"og:type\" content=\"article\" \/>\n<meta property=\"og:title\" content=\"Geh\u00e4use - Empresa de Servicios Sipm\" \/>\n<meta property=\"og:url\" content=\"https:\/\/sipm.es\/de\/gehaeuse\/\" \/>\n<meta property=\"og:site_name\" content=\"Empresa de Servicios Sipm\" \/>\n<meta property=\"article:modified_time\" content=\"2021-08-16T13:04:51+00:00\" \/>\n<meta name=\"twitter:card\" content=\"summary_large_image\" \/>\n<meta name=\"twitter:label1\" content=\"Gesch\u00e4tzte Lesezeit\" \/>\n\t<meta name=\"twitter:data1\" content=\"2\u00a0Minuten\" \/>\n<script type=\"application\/ld+json\" class=\"yoast-schema-graph\">{\"@context\":\"https:\/\/schema.org\",\"@graph\":[{\"@type\":\"Organization\",\"@id\":\"https:\/\/sipm.es\/de\/#organization\",\"name\":\"Sipm Toldos y Reformas\",\"url\":\"https:\/\/sipm.es\/de\/\",\"sameAs\":[],\"logo\":{\"@type\":\"ImageObject\",\"@id\":\"https:\/\/sipm.es\/de\/#logo\",\"inLanguage\":\"de\",\"url\":\"https:\/\/sipm.es\/wp-content\/uploads\/2017\/07\/logo-pagina-web.png\",\"contentUrl\":\"https:\/\/sipm.es\/wp-content\/uploads\/2017\/07\/logo-pagina-web.png\",\"width\":500,\"height\":323,\"caption\":\"Sipm Toldos y Reformas\"},\"image\":{\"@id\":\"https:\/\/sipm.es\/de\/#logo\"}},{\"@type\":\"WebSite\",\"@id\":\"https:\/\/sipm.es\/de\/#website\",\"url\":\"https:\/\/sipm.es\/de\/\",\"name\":\"Mantenimiento y Montaje de Toldos\",\"description\":\"Construcci\\u00f3n, Reformas, Venta y Alquiler de Viviendas\",\"publisher\":{\"@id\":\"https:\/\/sipm.es\/de\/#organization\"},\"potentialAction\":[{\"@type\":\"SearchAction\",\"target\":{\"@type\":\"EntryPoint\",\"urlTemplate\":\"https:\/\/sipm.es\/de\/?s={search_term_string}\"},\"query-input\":\"required name=search_term_string\"}],\"inLanguage\":\"de\"},{\"@type\":\"WebPage\",\"@id\":\"https:\/\/sipm.es\/de\/gehaeuse\/#webpage\",\"url\":\"https:\/\/sipm.es\/de\/gehaeuse\/\",\"name\":\"Geh\\u00e4use - Empresa de Servicios Sipm\",\"isPartOf\":{\"@id\":\"https:\/\/sipm.es\/de\/#website\"},\"datePublished\":\"2021-08-16T13:04:50+00:00\",\"dateModified\":\"2021-08-16T13:04:51+00:00\",\"breadcrumb\":{\"@id\":\"https:\/\/sipm.es\/de\/gehaeuse\/#breadcrumb\"},\"inLanguage\":\"de\",\"potentialAction\":[{\"@type\":\"ReadAction\",\"target\":[\"https:\/\/sipm.es\/de\/gehaeuse\/\"]}]},{\"@type\":\"BreadcrumbList\",\"@id\":\"https:\/\/sipm.es\/de\/gehaeuse\/#breadcrumb\",\"itemListElement\":[{\"@type\":\"ListItem\",\"position\":1,\"name\":\"Portada\",\"item\":\"https:\/\/sipm.es\/de\/\"},{\"@type\":\"ListItem\",\"position\":2,\"name\":\"Geh\\u00e4use\"}]}]}<\/script>\n<!-- \/ Yoast SEO plugin. -->","yoast_head_json":{"title":"Geh\u00e4use - Empresa de Servicios Sipm","robots":{"index":"index","follow":"follow","max-snippet":"max-snippet:-1","max-image-preview":"max-image-preview:large","max-video-preview":"max-video-preview:-1"},"canonical":"https:\/\/sipm.es\/de\/gehaeuse\/","og_locale":"de_DE","og_type":"article","og_title":"Geh\u00e4use - Empresa de Servicios Sipm","og_url":"https:\/\/sipm.es\/de\/gehaeuse\/","og_site_name":"Empresa de Servicios Sipm","article_modified_time":"2021-08-16T13:04:51+00:00","twitter_card":"summary_large_image","twitter_misc":{"Gesch\u00e4tzte Lesezeit":"2\u00a0Minuten"},"schema":{"@context":"https:\/\/schema.org","@graph":[{"@type":"Organization","@id":"https:\/\/sipm.es\/de\/#organization","name":"Sipm Toldos y Reformas","url":"https:\/\/sipm.es\/de\/","sameAs":[],"logo":{"@type":"ImageObject","@id":"https:\/\/sipm.es\/de\/#logo","inLanguage":"de","url":"https:\/\/sipm.es\/wp-content\/uploads\/2017\/07\/logo-pagina-web.png","contentUrl":"https:\/\/sipm.es\/wp-content\/uploads\/2017\/07\/logo-pagina-web.png","width":500,"height":323,"caption":"Sipm Toldos y Reformas"},"image":{"@id":"https:\/\/sipm.es\/de\/#logo"}},{"@type":"WebSite","@id":"https:\/\/sipm.es\/de\/#website","url":"https:\/\/sipm.es\/de\/","name":"Mantenimiento y Montaje de Toldos","description":"Construcci\u00f3n, Reformas, Venta y Alquiler de Viviendas","publisher":{"@id":"https:\/\/sipm.es\/de\/#organization"},"potentialAction":[{"@type":"SearchAction","target":{"@type":"EntryPoint","urlTemplate":"https:\/\/sipm.es\/de\/?s={search_term_string}"},"query-input":"required name=search_term_string"}],"inLanguage":"de"},{"@type":"WebPage","@id":"https:\/\/sipm.es\/de\/gehaeuse\/#webpage","url":"https:\/\/sipm.es\/de\/gehaeuse\/","name":"Geh\u00e4use - Empresa de Servicios Sipm","isPartOf":{"@id":"https:\/\/sipm.es\/de\/#website"},"datePublished":"2021-08-16T13:04:50+00:00","dateModified":"2021-08-16T13:04:51+00:00","breadcrumb":{"@id":"https:\/\/sipm.es\/de\/gehaeuse\/#breadcrumb"},"inLanguage":"de","potentialAction":[{"@type":"ReadAction","target":["https:\/\/sipm.es\/de\/gehaeuse\/"]}]},{"@type":"BreadcrumbList","@id":"https:\/\/sipm.es\/de\/gehaeuse\/#breadcrumb","itemListElement":[{"@type":"ListItem","position":1,"name":"Portada","item":"https:\/\/sipm.es\/de\/"},{"@type":"ListItem","position":2,"name":"Geh\u00e4use"}]}]}},"_links":{"self":[{"href":"https:\/\/sipm.es\/de\/wp-json\/wp\/v2\/pages\/8911"}],"collection":[{"href":"https:\/\/sipm.es\/de\/wp-json\/wp\/v2\/pages"}],"about":[{"href":"https:\/\/sipm.es\/de\/wp-json\/wp\/v2\/types\/page"}],"author":[{"embeddable":true,"href":"https:\/\/sipm.es\/de\/wp-json\/wp\/v2\/users\/3"}],"replies":[{"embeddable":true,"href":"https:\/\/sipm.es\/de\/wp-json\/wp\/v2\/comments?post=8911"}],"version-history":[{"count":1,"href":"https:\/\/sipm.es\/de\/wp-json\/wp\/v2\/pages\/8911\/revisions"}],"predecessor-version":[{"id":8918,"href":"https:\/\/sipm.es\/de\/wp-json\/wp\/v2\/pages\/8911\/revisions\/8918"}],"wp:attachment":[{"href":"https:\/\/sipm.es\/de\/wp-json\/wp\/v2\/media?parent=8911"}],"curies":[{"name":"wp","href":"https:\/\/api.w.org\/{rel}","templated":true}]}}