{"id":8259,"date":"2021-04-07T09:07:44","date_gmt":"2021-04-07T09:07:44","guid":{"rendered":"https:\/\/sipm.es\/kontakt\/"},"modified":"2024-12-26T08:03:03","modified_gmt":"2024-12-26T08:03:03","slug":"kontakt","status":"publish","type":"page","link":"https:\/\/sipm.es\/de\/kontakt\/","title":{"rendered":"Kontakt"},"content":{"rendered":"<section class=\"l-section wpb_row height_auto with_img with_overlay\"><div class=\"l-section-img\" style=\"background-image: url(https:\/\/sipm.es\/wp-content\/uploads\/2016\/12\/background-outer-wrapper.png);\" data-img-width=\"1770\" data-img-height=\"235\"><\/div><div class=\"l-section-overlay\" style=\"background-color: rgba(2,2,2,0.32)\"><\/div><div class=\"l-section-h i-cf\"><div class=\"g-cols vc_row type_default valign_top\"><div class=\"vc_col-sm-12 wpb_column vc_column_container\"><div class=\"vc_column-inner\"><div class=\"wpb_wrapper\">[vc_custom_heading text=&#8221;<strong>Kontakt<\/strong>&#8221; font_container=&#8221;tag:h1|font_size:60|text_align:center|color:%23ffffff&#8221; use_theme_fonts=&#8221;yes&#8221;]<div class=\"w-iconbox iconpos_top style_default color_custom align_center no_title no_text\"><a class=\"w-iconbox-link\" href=\"#quehacemos\" aria-hidden=\"true\"><div class=\"w-iconbox-icon\" style=\"color:#ffffff;\"><i class=\"fas fa-chevron-down\"><\/i><\/div><\/a><div class=\"w-iconbox-meta\"><\/div><\/div><div class=\"w-separator size_custom\" style=\"height:30px;\"><\/div><\/div><\/div><\/div><\/div><\/div><\/section><section class=\"l-section wpb_row height_medium\"><div class=\"l-section-h i-cf\"><div class=\"g-cols vc_row type_default valign_top\"><div class=\"vc_col-sm-12 wpb_column vc_column_container\"><div class=\"vc_column-inner\"><div class=\"wpb_wrapper\">\r\n\t<div class=\"wpb_text_column \">\r\n\t\t<div class=\"wpb_wrapper\">\r\n\t\t\t<h2>Kontaktiere uns<\/h2>\n<p>Wenn Sie mit uns Kontakt aufnehmen m\u00f6chten, m\u00fcssen Sie nur telefonisch anrufen oder uns \u00fcber das Kontaktformular eine Nachricht hinterlassen. Wir werden uns so schnell wie m\u00f6glich mit Ihnen in Verbindung setzen.<\/p>\n\r\n\t\t<\/div>\r\n\t<\/div>\r\n<div class=\"w-separator size_small\"><\/div><\/div><\/div><\/div><\/div><\/div><\/section><section class=\"l-section wpb_row height_medium\"><div class=\"l-section-h i-cf\"><div class=\"g-cols vc_row type_default valign_top\"><div class=\"vc_col-sm-6 wpb_column vc_column_container\"><div class=\"vc_column-inner\"><div class=\"wpb_wrapper\"><div class=\"w-separator size_custom with_line width_50 thick_5 style_solid color_border align_center\" style=\"height:30px;\"><div class=\"w-separator-h\"><\/div><\/div><div class=\"w-iconbox iconpos_right style_default color_primary align_left no_text icontype_img\"><div class=\"w-iconbox-meta\"><h4 class=\"w-iconbox-title\">+34 722 362 181<\/h4><\/div><div class=\"w-iconbox-icon\" style=\"font-size:120px;\"><img width=\"150\" height=\"31\" src=\"https:\/\/sipm.es\/wp-content\/uploads\/2020\/11\/banderas-fran.png\" class=\"attachment-full size-full\" alt=\"\" loading=\"lazy\" \/><\/div><\/div><div class=\"w-separator size_custom\" style=\"height:10px;\"><\/div>\r\n\t<div class=\"wpb_text_column \">\r\n\t\t<div class=\"wpb_wrapper\">\r\n\t\t\t<p>fran@sipm.es<\/p>\n\r\n\t\t<\/div>\r\n\t<\/div>\r\n<div class=\"w-separator size_custom with_line width_50 thick_5 style_solid color_border align_center\" style=\"height:30px;\"><div class=\"w-separator-h\"><\/div><\/div><div class=\"w-iconbox iconpos_right style_default color_primary align_left no_text icontype_img\"><div class=\"w-iconbox-meta\"><h4 class=\"w-iconbox-title\">+34 623 134 578<\/h4><\/div><div class=\"w-iconbox-icon\" style=\"font-size:120px;\"><img width=\"150\" height=\"31\" src=\"https:\/\/sipm.es\/wp-content\/uploads\/2024\/11\/whatsapp-v2.png\" class=\"attachment-full size-full\" alt=\"\" loading=\"lazy\" \/><\/div><\/div><div class=\"w-separator size_custom\" style=\"height:10px;\"><\/div>\r\n\t<div class=\"wpb_text_column \">\r\n\t\t<div class=\"wpb_wrapper\">\r\n\t\t\t<p>david@toldosyreformas.com<\/p>\n\r\n\t\t<\/div>\r\n\t<\/div>\r\n<div class=\"w-separator size_custom with_line width_50 thick_5 style_solid color_border align_center\" style=\"height:30px;\"><div class=\"w-separator-h\"><\/div><\/div><div class=\"w-iconbox iconpos_right style_default color_primary align_left no_text icontype_img\"><div class=\"w-iconbox-meta\"><h4 class=\"w-iconbox-title\">+34 633 102 732<\/h4><\/div><div class=\"w-iconbox-icon\" style=\"font-size:80px;\"><img width=\"100\" height=\"31\" src=\"https:\/\/sipm.es\/wp-content\/uploads\/2020\/11\/banderas-agnese.png\" class=\"attachment-full size-full\" alt=\"\" loading=\"lazy\" \/><\/div><\/div><div class=\"w-separator size_custom\" style=\"height:10px;\"><\/div>\r\n\t<div class=\"wpb_text_column \">\r\n\t\t<div class=\"wpb_wrapper\">\r\n\t\t\t<p>agnese@sipm.es<\/p>\n\r\n\t\t<\/div>\r\n\t<\/div>\r\n<div class=\"w-separator size_custom with_line width_50 thick_5 style_solid color_border align_center\" style=\"height:30px;\"><div class=\"w-separator-h\"><\/div><\/div><div class=\"w-iconbox iconpos_right style_default color_primary align_left no_text icontype_img\"><div class=\"w-iconbox-meta\"><h4 class=\"w-iconbox-title\">+49 172 673 3986<\/h4><\/div><div class=\"w-iconbox-icon\" style=\"font-size:120px;\"><img width=\"150\" height=\"31\" src=\"https:\/\/sipm.es\/wp-content\/uploads\/2023\/08\/banderas-nueva-1.jpg\" class=\"attachment-full size-full\" alt=\"\" loading=\"lazy\" \/><\/div><\/div><div class=\"w-separator size_custom\" style=\"height:10px;\"><\/div>\r\n\t<div class=\"wpb_text_column \">\r\n\t\t<div class=\"wpb_wrapper\">\r\n\t\t\t<p>marlies@sipm.es<\/p>\n\r\n\t\t<\/div>\r\n\t<\/div>\r\n<div class=\"w-separator size_custom with_line width_50 thick_5 style_solid color_border align_center\" style=\"height:30px;\"><div class=\"w-separator-h\"><\/div><\/div><div class=\"w-iconbox iconpos_right style_default color_primary align_left no_text icontype_img\"><div class=\"w-iconbox-meta\"><h4 class=\"w-iconbox-title\">+34 645 746 224<\/h4><\/div><div class=\"w-iconbox-icon\" style=\"font-size:120px;\"><img width=\"150\" height=\"31\" src=\"https:\/\/sipm.es\/wp-content\/uploads\/2023\/11\/banderas-fran-espanol.jpg\" class=\"attachment-full size-full\" alt=\"\" loading=\"lazy\" \/><\/div><\/div><div class=\"w-separator size_custom\" style=\"height:10px;\"><\/div>\r\n\t<div class=\"wpb_text_column \">\r\n\t\t<div class=\"wpb_wrapper\">\r\n\t\t\t<p>cristian@toldosyreformas.com<\/p>\n\r\n\t\t<\/div>\r\n\t<\/div>\r\n<div class=\"w-separator size_custom with_line width_50 thick_5 style_solid color_border align_center\" style=\"height:30px;\"><div class=\"w-separator-h\"><\/div><\/div><\/div><\/div><\/div><div class=\"vc_col-sm-6 wpb_column vc_column_container\"><div class=\"vc_column-inner\"><div class=\"wpb_wrapper\"><div class=\"w-form for_cform us_form_1\">\r\n\t<form class=\"w-form-h\" autocomplete=\"off\" action=\"https:\/\/sipm.es\/de\/wp-json\/wp\/v2\/pages\/8259\" method=\"post\">\r\n\t\t\t\t<div class=\"w-form-row for_text\">\r\n\t\t<div class=\"w-form-row-field\">\r\n\t\t\t\t<input type=\"text\" name=\"us_form_1_text_1\" aria-label=\"Su nombre\" value=\"\" placeholder=\"Su nombre\"\/>\r\n\t\t<span class=\"w-form-row-field-bar\"><\/span>\r\n\t\t\t<\/div>\r\n\t\t<div class=\"w-form-row-state\">Bitte f\u00fcllen Sie dieses Feld aus<\/div>\r\n<\/div>\r\n\t\t<div class=\"w-form-row for_email required\">\r\n\t\t<div class=\"w-form-row-field\">\r\n\t\t\t\t<input type=\"email\" name=\"us_form_1_email_1\" aria-label=\"Su email\" value=\"\" placeholder=\"Su email *\" data-required=\"true\" aria-required=\"true\"\/>\r\n\t\t<span class=\"w-form-row-field-bar\"><\/span>\r\n\t\t\t<\/div>\r\n\t\t<div class=\"w-form-row-state\">Bitte gib eine g\u00fcltige E-Mail-Adresse ein.<\/div>\r\n<\/div>\r\n\t\t<div class=\"w-form-row for_text required\">\r\n\t\t<div class=\"w-form-row-field\">\r\n\t\t\t\t<input type=\"text\" name=\"us_form_1_text_2\" aria-label=\"Tel\u00e9fono\" value=\"\" placeholder=\"Tel\u00e9fono *\" data-required=\"true\" aria-required=\"true\"\/>\r\n\t\t<span class=\"w-form-row-field-bar\"><\/span>\r\n\t\t\t<\/div>\r\n\t\t<div class=\"w-form-row-state\">Bitte f\u00fcllen Sie dieses Feld aus<\/div>\r\n<\/div>\r\n\t\t<div class=\"w-form-row for_textarea\">\r\n\t\t<div class=\"w-form-row-field\">\r\n\t\t\t\t<textarea  name=\"us_form_1_textarea_1\" aria-label=\"Su comentario\" placeholder=\"Su comentario\"><\/textarea>\r\n\t\t<span class=\"w-form-row-field-bar\"><\/span>\r\n\t\t\t<\/div>\r\n\t\t<div class=\"w-form-row-state\">Bitte f\u00fcllen Sie dieses Feld aus<\/div>\r\n<\/div>\r\n\t\t<input type=\"hidden\" name=\"action\" value=\"us_ajax_cform\" \/>\r\n\t\t<input type=\"hidden\" name=\"post_id\" value=\"8259\" \/>\r\n\t\t<input type=\"hidden\" name=\"form_index\" value=\"1\" \/>\r\n\t\t<div class=\"w-form-row for_submit align_left\">\r\n\t<div class=\"w-form-row-field\">\r\n\t\t\t\t<button class=\"w-btn  us-btn-style_1\"  style=\"font-size:16px;\" type=\"submit\" aria-label=\"Nachricht senden\">\r\n\t\t\t<span class=\"g-preloader type_1\"><\/span>\r\n\t\t\t\t\t\t<span class=\"w-btn-label\">Nachricht senden<\/span>\r\n\t\t\t\t\t<\/button>\r\n\t<\/div>\r\n<\/div>\r\n\t\t\t\t<div class=\"w-form-message\"><\/div>\r\n\t\t\t<\/form>\r\n\t<div class=\"w-form-json hidden\" onclick='return {&quot;ajaxurl&quot;:&quot;https:\\\/\\\/sipm.es\\\/wp-admin\\\/admin-ajax.php&quot;}'><\/div>\r\n<\/div><\/div><\/div><\/div><\/div><\/div><\/section><section class=\"l-section wpb_row height_medium\"><div class=\"l-section-h i-cf\"><div class=\"g-cols vc_row type_default valign_top\"><div class=\"vc_col-sm-12 wpb_column vc_column_container\"><div class=\"vc_column-inner\"><div class=\"wpb_wrapper\"><div class=\"g-cols wpb_row type_default valign_top vc_inner \"><div class=\"vc_col-sm-1\/5 wpb_column vc_column_container\"><div class=\"vc_column-inner\"><div class=\"wpb_wrapper\"><div class=\"w-person layout_circle with_desc with_socials\" itemscope itemtype=\"https:\/\/schema.org\/Person\"><div class=\"w-person-image\"><img width=\"350\" height=\"350\" src=\"https:\/\/sipm.es\/wp-content\/uploads\/2020\/11\/fran-350x350.jpg\" class=\"attachment-us_350_350_crop size-us_350_350_crop\" alt=\"\" loading=\"lazy\" srcset=\"https:\/\/sipm.es\/wp-content\/uploads\/2020\/11\/fran-350x350.jpg 350w, https:\/\/sipm.es\/wp-content\/uploads\/2020\/11\/fran-150x150.jpg 150w, https:\/\/sipm.es\/wp-content\/uploads\/2020\/11\/fran-300x300.jpg 300w, https:\/\/sipm.es\/wp-content\/uploads\/2020\/11\/fran.jpg 600w\" sizes=\"(max-width: 350px) 100vw, 350px\" \/><div class=\"img_hover\" style=\"background-image:url(https:\/\/sipm.es\/wp-content\/uploads\/2020\/11\/fran-bn-350x350.jpg)\"><\/div><div class=\"w-person-links\"><div class=\"w-person-links-list\"><a class=\"w-person-links-item type_email\" href=\"mailto:fran@sipm.es\"><i><\/i><\/a><a class=\"w-person-links-item\" href=\"#\" target=\"_blank\"><i class=\"fab fa-facebook-f\"><\/i><\/a><a class=\"w-person-links-item\" href=\"#\" target=\"_blank\"><i class=\"fab fa-linkedin-in\"><\/i><\/a><\/div><\/div><\/div><div class=\"w-person-content\"><h4 class=\"w-person-name\" itemprop=\"name\"><span>Fran<\/span><\/h4><div class=\"w-person-description\" itemprop=\"description\">+34 722 362 181<\/div><\/div><\/div><\/div><\/div><\/div><div class=\"vc_col-sm-1\/5 wpb_column vc_column_container\"><div class=\"vc_column-inner\"><div class=\"wpb_wrapper\"><div class=\"w-person layout_circle with_desc with_socials\" itemscope itemtype=\"https:\/\/schema.org\/Person\"><div class=\"w-person-image\"><img width=\"350\" height=\"350\" src=\"https:\/\/sipm.es\/wp-content\/uploads\/2020\/11\/agnese-350x350.jpg\" class=\"attachment-us_350_350_crop size-us_350_350_crop\" alt=\"\" loading=\"lazy\" srcset=\"https:\/\/sipm.es\/wp-content\/uploads\/2020\/11\/agnese-350x350.jpg 350w, https:\/\/sipm.es\/wp-content\/uploads\/2020\/11\/agnese-150x150.jpg 150w, https:\/\/sipm.es\/wp-content\/uploads\/2020\/11\/agnese-300x300.jpg 300w, https:\/\/sipm.es\/wp-content\/uploads\/2020\/11\/agnese.jpg 600w\" sizes=\"(max-width: 350px) 100vw, 350px\" \/><div class=\"img_hover\" style=\"background-image:url(https:\/\/sipm.es\/wp-content\/uploads\/2020\/11\/agnese-bn-350x350.jpg)\"><\/div><div class=\"w-person-links\"><div class=\"w-person-links-list\"><a class=\"w-person-links-item type_email\" href=\"mailto:agnese@sipm.es\"><i><\/i><\/a><a class=\"w-person-links-item\" href=\"#\" target=\"_blank\"><i class=\"fab fa-facebook-f\"><\/i><\/a><a class=\"w-person-links-item\" href=\"#\" target=\"_blank\"><i class=\"fab fa-linkedin-in\"><\/i><\/a><\/div><\/div><\/div><div class=\"w-person-content\"><h4 class=\"w-person-name\" itemprop=\"name\"><span>Agnese<\/span><\/h4><div class=\"w-person-description\" itemprop=\"description\">+34 633 102 732<\/div><\/div><\/div><\/div><\/div><\/div><div class=\"vc_col-sm-1\/5 wpb_column vc_column_container\"><div class=\"vc_column-inner\"><div class=\"wpb_wrapper\"><div class=\"w-person layout_circle with_desc with_socials\" itemscope itemtype=\"https:\/\/schema.org\/Person\"><div class=\"w-person-image\"><img width=\"180\" height=\"180\" src=\"https:\/\/sipm.es\/wp-content\/uploads\/2023\/08\/Imagen-de-WhatsApp-2023-08-23-a-las-08.41.04-1.jpg\" class=\"attachment-us_350_350_crop size-us_350_350_crop\" alt=\"\" loading=\"lazy\" srcset=\"https:\/\/sipm.es\/wp-content\/uploads\/2023\/08\/Imagen-de-WhatsApp-2023-08-23-a-las-08.41.04-1.jpg 180w, https:\/\/sipm.es\/wp-content\/uploads\/2023\/08\/Imagen-de-WhatsApp-2023-08-23-a-las-08.41.04-1-150x150.jpg 150w\" sizes=\"(max-width: 180px) 100vw, 180px\" \/><div class=\"img_hover\" style=\"background-image:url(https:\/\/sipm.es\/wp-content\/uploads\/2023\/08\/Imagen-de-WhatsApp-2023-08-23-a-las-byn-1.jpg)\"><\/div><div class=\"w-person-links\"><div class=\"w-person-links-list\"><a class=\"w-person-links-item type_email\" href=\"mailto:marlies@sipm.es\"><i><\/i><\/a><a class=\"w-person-links-item\" href=\"#\" target=\"_blank\"><i class=\"fab fa-facebook-f\"><\/i><\/a><a class=\"w-person-links-item\" href=\"#\" target=\"_blank\"><i class=\"fab fa-linkedin-in\"><\/i><\/a><\/div><\/div><\/div><div class=\"w-person-content\"><h4 class=\"w-person-name\" itemprop=\"name\"><span>Marlies<\/span><\/h4><div class=\"w-person-description\" itemprop=\"description\">+49 172 673 3986<\/div><\/div><\/div><\/div><\/div><\/div><div class=\"vc_col-sm-1\/5 wpb_column vc_column_container\"><div class=\"vc_column-inner\"><div class=\"wpb_wrapper\"><div class=\"w-person layout_circle with_desc with_socials\" itemscope itemtype=\"https:\/\/schema.org\/Person\"><div class=\"w-person-image\"><img width=\"350\" height=\"350\" src=\"https:\/\/sipm.es\/wp-content\/uploads\/2023\/11\/Imagen-de-WhatsApp-2023-11-16-a-las-10.05.27_38ba810d-350x350.jpg\" class=\"attachment-us_350_350_crop size-us_350_350_crop\" alt=\"\" loading=\"lazy\" srcset=\"https:\/\/sipm.es\/wp-content\/uploads\/2023\/11\/Imagen-de-WhatsApp-2023-11-16-a-las-10.05.27_38ba810d-350x350.jpg 350w, https:\/\/sipm.es\/wp-content\/uploads\/2023\/11\/Imagen-de-WhatsApp-2023-11-16-a-las-10.05.27_38ba810d-150x150.jpg 150w, https:\/\/sipm.es\/wp-content\/uploads\/2023\/11\/Imagen-de-WhatsApp-2023-11-16-a-las-10.05.27_38ba810d-600x600.jpg 600w\" sizes=\"(max-width: 350px) 100vw, 350px\" \/><div class=\"img_hover\" style=\"background-image:url(https:\/\/sipm.es\/wp-content\/uploads\/2023\/11\/Imagen-de-WhatsApp-2023-11-16-a-las-2-350x350.jpg)\"><\/div><div class=\"w-person-links\"><div class=\"w-person-links-list\"><a class=\"w-person-links-item type_email\" href=\"mailto:cristian@toldosyreformas.com\"><i><\/i><\/a><a class=\"w-person-links-item\" href=\"#\" target=\"_blank\"><i class=\"fab fa-facebook-f\"><\/i><\/a><a class=\"w-person-links-item\" href=\"#\" target=\"_blank\"><i class=\"fab fa-linkedin-in\"><\/i><\/a><\/div><\/div><\/div><div class=\"w-person-content\"><h4 class=\"w-person-name\" itemprop=\"name\"><span>Cristian<\/span><\/h4><div class=\"w-person-description\" itemprop=\"description\">+34 645 746 224<\/div><\/div><\/div><\/div><\/div><\/div><div class=\"vc_col-sm-1\/5 wpb_column vc_column_container\"><div class=\"vc_column-inner\"><div class=\"wpb_wrapper\"><div class=\"w-person layout_circle with_desc with_socials\" itemscope itemtype=\"https:\/\/schema.org\/Person\"><div class=\"w-person-image\"><img width=\"350\" height=\"350\" src=\"https:\/\/sipm.es\/wp-content\/uploads\/2024\/12\/DemoCreatorSnap_2024-12-09-16-55-54-copia-350x350.jpg\" class=\"attachment-us_350_350_crop size-us_350_350_crop\" alt=\"\" loading=\"lazy\" srcset=\"https:\/\/sipm.es\/wp-content\/uploads\/2024\/12\/DemoCreatorSnap_2024-12-09-16-55-54-copia-350x350.jpg 350w, https:\/\/sipm.es\/wp-content\/uploads\/2024\/12\/DemoCreatorSnap_2024-12-09-16-55-54-copia-300x300.jpg 300w, https:\/\/sipm.es\/wp-content\/uploads\/2024\/12\/DemoCreatorSnap_2024-12-09-16-55-54-copia-150x150.jpg 150w, https:\/\/sipm.es\/wp-content\/uploads\/2024\/12\/DemoCreatorSnap_2024-12-09-16-55-54-copia-600x600.jpg 600w, https:\/\/sipm.es\/wp-content\/uploads\/2024\/12\/DemoCreatorSnap_2024-12-09-16-55-54-copia.jpg 630w\" sizes=\"(max-width: 350px) 100vw, 350px\" \/><div class=\"img_hover\" style=\"background-image:url(https:\/\/sipm.es\/wp-content\/uploads\/2024\/12\/DemoCreatorSnap_2024-12-09-16-55-54-copia-copia-350x350.jpg)\"><\/div><div class=\"w-person-links\"><div class=\"w-person-links-list\"><a class=\"w-person-links-item type_email\" href=\"mailto:cristian@toldosyreformas.com\"><i><\/i><\/a><a class=\"w-person-links-item\" href=\"#\" target=\"_blank\"><i class=\"fab fa-facebook-f\"><\/i><\/a><a class=\"w-person-links-item\" href=\"#\" target=\"_blank\"><i class=\"fab fa-linkedin-in\"><\/i><\/a><\/div><\/div><\/div><div class=\"w-person-content\"><h4 class=\"w-person-name\" itemprop=\"name\"><span>David Rodriguez<\/span><\/h4><div class=\"w-person-description\" itemprop=\"description\">+34 633 664 199<\/div><\/div><\/div><\/div><\/div><\/div><\/div><\/div><\/div><\/div><\/div><\/div><\/section>\n","protected":false},"excerpt":{"rendered":"[vc_custom_heading text=\"Kontakt\" font_container=\"tag:h1|font_size:60|text_align:center|color:%23ffffff\" use_theme_fonts=\"yes\"] Kontaktiere uns Wenn Sie mit uns Kontakt aufnehmen m\u00f6chten, m\u00fcssen Sie nur telefonisch anrufen oder uns \u00fcber das Kontaktformular eine Nachricht hinterlassen. Wir werden uns so schnell wie m\u00f6glich mit Ihnen in Verbindung setzen. +34 722 362 181 fran@sipm.es +34 623 134 578 david@toldosyreformas.com +34 633 102 732 agnese@sipm.es +49 172...","protected":false},"author":3,"featured_media":0,"parent":0,"menu_order":0,"comment_status":"closed","ping_status":"closed","template":"","meta":[],"yoast_head":"<!-- This site is optimized with the Yoast SEO plugin v17.0 - https:\/\/yoast.com\/wordpress\/plugins\/seo\/ -->\n<title>Kontakt - Empresa de Servicios Sipm<\/title>\n<meta name=\"robots\" content=\"index, follow, max-snippet:-1, max-image-preview:large, max-video-preview:-1\" \/>\n<link rel=\"canonical\" href=\"https:\/\/sipm.es\/de\/contacto\/\" \/>\n<meta property=\"og:locale\" content=\"de_DE\" \/>\n<meta property=\"og:type\" content=\"article\" \/>\n<meta property=\"og:title\" content=\"Kontakt - Empresa de Servicios Sipm\" \/>\n<meta property=\"og:url\" content=\"https:\/\/sipm.es\/contacto\/\" \/>\n<meta property=\"og:site_name\" content=\"Empresa de Servicios Sipm\" \/>\n<meta property=\"article:modified_time\" content=\"2024-12-26T08:03:03+00:00\" \/>\n<meta name=\"twitter:card\" content=\"summary_large_image\" \/>\n<meta name=\"twitter:label1\" content=\"Gesch\u00e4tzte Lesezeit\" \/>\n\t<meta name=\"twitter:data1\" content=\"3\u00a0Minuten\" \/>\n<script type=\"application\/ld+json\" class=\"yoast-schema-graph\">{\"@context\":\"https:\/\/schema.org\",\"@graph\":[{\"@type\":\"Organization\",\"@id\":\"https:\/\/sipm.es\/de\/#organization\",\"name\":\"Sipm Toldos y Reformas\",\"url\":\"https:\/\/sipm.es\/de\/\",\"sameAs\":[],\"logo\":{\"@type\":\"ImageObject\",\"@id\":\"https:\/\/sipm.es\/de\/#logo\",\"inLanguage\":\"de\",\"url\":\"https:\/\/sipm.es\/wp-content\/uploads\/2017\/07\/logo-pagina-web.png\",\"contentUrl\":\"https:\/\/sipm.es\/wp-content\/uploads\/2017\/07\/logo-pagina-web.png\",\"width\":500,\"height\":323,\"caption\":\"Sipm Toldos y Reformas\"},\"image\":{\"@id\":\"https:\/\/sipm.es\/de\/#logo\"}},{\"@type\":\"WebSite\",\"@id\":\"https:\/\/sipm.es\/de\/#website\",\"url\":\"https:\/\/sipm.es\/de\/\",\"name\":\"Mantenimiento y Montaje de Toldos\",\"description\":\"Construcci\\u00f3n, Reformas, Venta y Alquiler de Viviendas\",\"publisher\":{\"@id\":\"https:\/\/sipm.es\/de\/#organization\"},\"potentialAction\":[{\"@type\":\"SearchAction\",\"target\":{\"@type\":\"EntryPoint\",\"urlTemplate\":\"https:\/\/sipm.es\/de\/?s={search_term_string}\"},\"query-input\":\"required name=search_term_string\"}],\"inLanguage\":\"de\"},{\"@type\":\"WebPage\",\"@id\":\"https:\/\/sipm.es\/contacto\/#webpage\",\"url\":\"https:\/\/sipm.es\/contacto\/\",\"name\":\"Kontakt - Empresa de Servicios Sipm\",\"isPartOf\":{\"@id\":\"https:\/\/sipm.es\/de\/#website\"},\"datePublished\":\"2021-04-07T09:07:44+00:00\",\"dateModified\":\"2024-12-26T08:03:03+00:00\",\"breadcrumb\":{\"@id\":\"https:\/\/sipm.es\/contacto\/#breadcrumb\"},\"inLanguage\":\"de\",\"potentialAction\":[{\"@type\":\"ReadAction\",\"target\":[\"https:\/\/sipm.es\/contacto\/\"]}]},{\"@type\":\"BreadcrumbList\",\"@id\":\"https:\/\/sipm.es\/contacto\/#breadcrumb\",\"itemListElement\":[{\"@type\":\"ListItem\",\"position\":1,\"name\":\"Portada\",\"item\":\"https:\/\/sipm.es\/de\/\"},{\"@type\":\"ListItem\",\"position\":2,\"name\":\"Kontakt\"}]}]}<\/script>\n<!-- \/ Yoast SEO plugin. -->","yoast_head_json":{"title":"Kontakt - Empresa de Servicios Sipm","robots":{"index":"index","follow":"follow","max-snippet":"max-snippet:-1","max-image-preview":"max-image-preview:large","max-video-preview":"max-video-preview:-1"},"canonical":"https:\/\/sipm.es\/de\/contacto\/","og_locale":"de_DE","og_type":"article","og_title":"Kontakt - Empresa de Servicios Sipm","og_url":"https:\/\/sipm.es\/contacto\/","og_site_name":"Empresa de Servicios Sipm","article_modified_time":"2024-12-26T08:03:03+00:00","twitter_card":"summary_large_image","twitter_misc":{"Gesch\u00e4tzte Lesezeit":"3\u00a0Minuten"},"schema":{"@context":"https:\/\/schema.org","@graph":[{"@type":"Organization","@id":"https:\/\/sipm.es\/de\/#organization","name":"Sipm Toldos y Reformas","url":"https:\/\/sipm.es\/de\/","sameAs":[],"logo":{"@type":"ImageObject","@id":"https:\/\/sipm.es\/de\/#logo","inLanguage":"de","url":"https:\/\/sipm.es\/wp-content\/uploads\/2017\/07\/logo-pagina-web.png","contentUrl":"https:\/\/sipm.es\/wp-content\/uploads\/2017\/07\/logo-pagina-web.png","width":500,"height":323,"caption":"Sipm Toldos y Reformas"},"image":{"@id":"https:\/\/sipm.es\/de\/#logo"}},{"@type":"WebSite","@id":"https:\/\/sipm.es\/de\/#website","url":"https:\/\/sipm.es\/de\/","name":"Mantenimiento y Montaje de Toldos","description":"Construcci\u00f3n, Reformas, Venta y Alquiler de Viviendas","publisher":{"@id":"https:\/\/sipm.es\/de\/#organization"},"potentialAction":[{"@type":"SearchAction","target":{"@type":"EntryPoint","urlTemplate":"https:\/\/sipm.es\/de\/?s={search_term_string}"},"query-input":"required name=search_term_string"}],"inLanguage":"de"},{"@type":"WebPage","@id":"https:\/\/sipm.es\/contacto\/#webpage","url":"https:\/\/sipm.es\/contacto\/","name":"Kontakt - Empresa de Servicios Sipm","isPartOf":{"@id":"https:\/\/sipm.es\/de\/#website"},"datePublished":"2021-04-07T09:07:44+00:00","dateModified":"2024-12-26T08:03:03+00:00","breadcrumb":{"@id":"https:\/\/sipm.es\/contacto\/#breadcrumb"},"inLanguage":"de","potentialAction":[{"@type":"ReadAction","target":["https:\/\/sipm.es\/contacto\/"]}]},{"@type":"BreadcrumbList","@id":"https:\/\/sipm.es\/contacto\/#breadcrumb","itemListElement":[{"@type":"ListItem","position":1,"name":"Portada","item":"https:\/\/sipm.es\/de\/"},{"@type":"ListItem","position":2,"name":"Kontakt"}]}]}},"_links":{"self":[{"href":"https:\/\/sipm.es\/de\/wp-json\/wp\/v2\/pages\/8259"}],"collection":[{"href":"https:\/\/sipm.es\/de\/wp-json\/wp\/v2\/pages"}],"about":[{"href":"https:\/\/sipm.es\/de\/wp-json\/wp\/v2\/types\/page"}],"author":[{"embeddable":true,"href":"https:\/\/sipm.es\/de\/wp-json\/wp\/v2\/users\/3"}],"replies":[{"embeddable":true,"href":"https:\/\/sipm.es\/de\/wp-json\/wp\/v2\/comments?post=8259"}],"version-history":[{"count":17,"href":"https:\/\/sipm.es\/de\/wp-json\/wp\/v2\/pages\/8259\/revisions"}],"predecessor-version":[{"id":9155,"href":"https:\/\/sipm.es\/de\/wp-json\/wp\/v2\/pages\/8259\/revisions\/9155"}],"wp:attachment":[{"href":"https:\/\/sipm.es\/de\/wp-json\/wp\/v2\/media?parent=8259"}],"curies":[{"name":"wp","href":"https:\/\/api.w.org\/{rel}","templated":true}]}}