{"id":8034,"date":"2021-01-11T11:51:33","date_gmt":"2021-01-11T11:51:33","guid":{"rendered":"https:\/\/sipm.es\/multi-services\/"},"modified":"2021-01-11T12:00:33","modified_gmt":"2021-01-11T12:00:33","slug":"multi-services","status":"publish","type":"page","link":"https:\/\/sipm.es\/de\/multi-services\/","title":{"rendered":"Multi-Services"},"content":{"rendered":"<section class=\"l-section wpb_row height_auto with_img with_overlay\"><div class=\"l-section-img\" style=\"background-image: url(https:\/\/sipm.es\/wp-content\/uploads\/2016\/12\/background-outer-wrapper.png);\" data-img-width=\"1770\" data-img-height=\"235\"><\/div><div class=\"l-section-overlay\" style=\"background-color: rgba(2,2,2,0.32)\"><\/div><div class=\"l-section-h i-cf\"><div class=\"g-cols vc_row type_default valign_top\"><div class=\"vc_col-sm-12 wpb_column vc_column_container\"><div class=\"vc_column-inner\"><div class=\"wpb_wrapper\">[vc_custom_heading text=&#8221;<strong>Multi-Services<\/strong>&#8221; font_container=&#8221;tag:h1|font_size:60|text_align:center|color:%23ffffff&#8221; use_theme_fonts=&#8221;yes&#8221;]<div class=\"w-iconbox iconpos_top style_default color_custom align_center no_title no_text\"><a class=\"w-iconbox-link\" href=\"#quehacemos\" aria-hidden=\"true\"><div class=\"w-iconbox-icon\" style=\"color:#ffffff;\"><i class=\"fas fa-chevron-down\"><\/i><\/div><\/a><div class=\"w-iconbox-meta\"><\/div><\/div><div class=\"w-separator size_custom\" style=\"height:30px;\"><\/div><\/div><\/div><\/div><\/div><\/div><\/section><section class=\"l-section wpb_row height_large\"><div class=\"l-section-h i-cf\" style=\"padding-top: 5px !important;padding-bottom: 5px !important;\"><div class=\"g-cols vc_row type_default valign_top\"><div class=\"vc_col-sm-12 wpb_column vc_column_container\"><div class=\"vc_column-inner\"><div class=\"wpb_wrapper\"><div class=\"g-cols wpb_row type_default valign_top vc_inner \"><div class=\"vc_col-sm-6 wpb_column vc_column_container\"><div class=\"vc_column-inner\"><div class=\"wpb_wrapper\"><div class=\"w-image align_center\"><div class=\"w-image-h\"><img width=\"1024\" height=\"683\" src=\"https:\/\/sipm.es\/wp-content\/uploads\/2020\/11\/carpinter\u00eda-1024x683.jpg\" class=\"attachment-large size-large\" alt=\"\" loading=\"lazy\" srcset=\"https:\/\/sipm.es\/wp-content\/uploads\/2020\/11\/carpinter\u00eda-1024x683.jpg 1024w, https:\/\/sipm.es\/wp-content\/uploads\/2020\/11\/carpinter\u00eda-300x200.jpg 300w, https:\/\/sipm.es\/wp-content\/uploads\/2020\/11\/carpinter\u00eda.jpg 1920w\" sizes=\"(max-width: 1024px) 100vw, 1024px\" \/><\/div><\/div><\/div><\/div><\/div><div class=\"vc_col-sm-6 wpb_column vc_column_container\"><div class=\"vc_column-inner\"><div class=\"wpb_wrapper\">[vc_custom_heading text=&#8221;Zimmerei&#8221; font_container=&#8221;tag:h2|text_align:center&#8221; use_theme_fonts=&#8221;yes&#8221;]\r\n\t<div class=\"wpb_text_column \">\r\n\t\t<div class=\"wpb_wrapper\">\r\n\t\t\t<p style=\"text-align: justify;\">Die Holzbearbeitung ist eine der \u00e4ltesten menschlichen Aktivit\u00e4ten, daher hat jede Kultur und Region unterschiedliche Methoden und Werkzeuge, um dieses Material zu bearbeiten.<br \/>\nDie Person, die in der Tischlerei arbeitet, ist der Schreiner. Seine Arbeit besteht aus dem Schneiden, Formen und Herstellen von Holzst\u00fccken f\u00fcr den Bau von H\u00e4usern.<br \/>\nWie Innent\u00fcren, K\u00fcchenm\u00f6bel, Badm\u00f6bel, Wohnm\u00f6bel usw.<\/p>\n\r\n\t\t<\/div>\r\n\t<\/div>\r\n<div class=\"w-separator size_custom\" style=\"height:20px;\"><\/div><div class=\"w-btn-wrapper width_auto align_center\"><a class=\"w-btn us-btn-style_1\" href=\"#presupuesto\"><span class=\"w-btn-label\">Fragen Sie nach dem Budget<\/span><\/a><\/div><\/div><\/div><\/div><\/div><\/div><\/div><\/div><\/div><\/div><\/section><section class=\"l-section wpb_row height_large\"><div class=\"l-section-h i-cf\" style=\"padding-top: 5px !important;padding-bottom: 5px !important;\"><div class=\"g-cols vc_row type_default valign_top\"><div class=\"vc_col-sm-12 wpb_column vc_column_container\"><div class=\"vc_column-inner\"><div class=\"wpb_wrapper\"><div class=\"g-cols wpb_row type_default valign_middle vc_inner \"><div class=\"vc_col-sm-6 wpb_column vc_column_container\"><div class=\"vc_column-inner\"><div class=\"wpb_wrapper\">[vc_custom_heading text=&#8221;Installation&#8221; font_container=&#8221;tag:h2|text_align:center&#8221; use_theme_fonts=&#8221;yes&#8221;]\r\n\t<div class=\"wpb_text_column \">\r\n\t\t<div class=\"wpb_wrapper\">\r\n\t\t\t<p style=\"text-align: justify;\">Sanit\u00e4r, Sanit\u00e4r oder Sanit\u00e4r ist die T\u00e4tigkeit im Zusammenhang mit der Installation und Wartung von Rohrnetzen f\u00fcr die Versorgung mit Trinkwasser und Abwasser sowie von Heizungsanlagen in Geb\u00e4uden und anderen Konstruktionen.<\/p>\n\r\n\t\t<\/div>\r\n\t<\/div>\r\n<div class=\"w-separator size_custom\" style=\"height:20px;\"><\/div><div class=\"w-btn-wrapper width_auto align_center\"><a class=\"w-btn us-btn-style_1\" href=\"#presupuesto\"><span class=\"w-btn-label\">Fragen Sie nach dem Budget<\/span><\/a><\/div><\/div><\/div><\/div><div class=\"vc_col-sm-6 wpb_column vc_column_container\"><div class=\"vc_column-inner\"><div class=\"wpb_wrapper\"><div class=\"w-image align_center\"><div class=\"w-image-h\"><img width=\"788\" height=\"525\" src=\"https:\/\/sipm.es\/wp-content\/uploads\/2020\/11\/www.emagister.com-cursoline-3602233-curso-online-de-fontaneria-calculo-de-instalaciones-y-dimensionamiento-31.jpg\" class=\"attachment-large size-large\" alt=\"\" loading=\"lazy\" srcset=\"https:\/\/sipm.es\/wp-content\/uploads\/2020\/11\/www.emagister.com-cursoline-3602233-curso-online-de-fontaneria-calculo-de-instalaciones-y-dimensionamiento-31.jpg 788w, https:\/\/sipm.es\/wp-content\/uploads\/2020\/11\/www.emagister.com-cursoline-3602233-curso-online-de-fontaneria-calculo-de-instalaciones-y-dimensionamiento-31-300x200.jpg 300w\" sizes=\"(max-width: 788px) 100vw, 788px\" \/><\/div><\/div><\/div><\/div><\/div><\/div><\/div><\/div><\/div><\/div><\/div><\/section><section class=\"l-section wpb_row height_large\"><div class=\"l-section-h i-cf\" style=\"padding-top: 5px !important;padding-bottom: 5px !important;\"><div class=\"g-cols vc_row type_default valign_top\"><div class=\"vc_col-sm-12 wpb_column vc_column_container\"><div class=\"vc_column-inner\"><div class=\"wpb_wrapper\"><div class=\"g-cols wpb_row type_default valign_middle vc_inner \"><div class=\"vc_col-sm-6 wpb_column vc_column_container\"><div class=\"vc_column-inner\"><div class=\"wpb_wrapper\"><div class=\"w-image align_none\"><div class=\"w-image-h\"><img width=\"1024\" height=\"576\" src=\"https:\/\/sipm.es\/wp-content\/uploads\/2020\/11\/Actualidad_288235295_130129738_1706x960-1024x576.jpg\" class=\"attachment-large size-large\" alt=\"\" loading=\"lazy\" srcset=\"https:\/\/sipm.es\/wp-content\/uploads\/2020\/11\/Actualidad_288235295_130129738_1706x960-1024x576.jpg 1024w, https:\/\/sipm.es\/wp-content\/uploads\/2020\/11\/Actualidad_288235295_130129738_1706x960-300x169.jpg 300w, https:\/\/sipm.es\/wp-content\/uploads\/2020\/11\/Actualidad_288235295_130129738_1706x960.jpg 1706w\" sizes=\"(max-width: 1024px) 100vw, 1024px\" \/><\/div><\/div><\/div><\/div><\/div><div class=\"vc_col-sm-6 wpb_column vc_column_container\"><div class=\"vc_column-inner\"><div class=\"wpb_wrapper\">[vc_custom_heading text=&#8221;Elektrizit\u00e4t&#8221; font_container=&#8221;tag:h2|text_align:center&#8221; use_theme_fonts=&#8221;yes&#8221;]\r\n\t<div class=\"wpb_text_column \">\r\n\t\t<div class=\"wpb_wrapper\">\r\n\t\t\t<p style=\"text-align: justify;\">Bei Sipm haben wir die besten Fachleute im Elektrizit\u00e4tsdienst.<br \/>\nWir f\u00fchren alle Arten von Elektroinstallationen in H\u00e4usern, Industriegeb\u00e4uden, Gesch\u00e4ftsr\u00e4umen, Montage von Sonnenkollektoren usw. durch.<\/p>\n<p>Nuestros ingenieros titulados para la certificacion de boletines de cualquier tipo de instalci\u00f3n.<\/p>\n\r\n\t\t<\/div>\r\n\t<\/div>\r\n<div class=\"w-separator size_custom\" style=\"height:20px;\"><\/div><div class=\"w-btn-wrapper width_auto align_center\"><a class=\"w-btn us-btn-style_1\" href=\"#presupuesto\"><span class=\"w-btn-label\">Fragen Sie nach dem Budget<\/span><\/a><\/div><\/div><\/div><\/div><\/div><\/div><\/div><\/div><\/div><\/div><\/section><section class=\"l-section wpb_row height_large\"><div class=\"l-section-h i-cf\" style=\"padding-top: 5px !important;padding-bottom: 5px !important;\"><div class=\"g-cols vc_row type_default valign_top\"><div class=\"vc_col-sm-12 wpb_column vc_column_container\"><div class=\"vc_column-inner\"><div class=\"wpb_wrapper\"><div class=\"g-cols wpb_row type_default valign_middle vc_inner \"><div class=\"vc_col-sm-6 wpb_column vc_column_container\"><div class=\"vc_column-inner\"><div class=\"wpb_wrapper\">[vc_custom_heading text=&#8221;Aluminium (Glasvorh\u00e4nge)&#8221; font_container=&#8221;tag:h2|text_align:center&#8221; use_theme_fonts=&#8221;yes&#8221;]\r\n\t<div class=\"wpb_text_column \">\r\n\t\t<div class=\"wpb_wrapper\">\r\n\t\t\t<p style=\"text-align: justify;\">Es gibt viele Variationen der Lorem Ipsum-Passagen, aber die meisten wurden auf irgendeine Weise ge\u00e4ndert, entweder weil Humor hinzugef\u00fcgt wurde oder weil zuf\u00e4llige W\u00f6rter nicht im geringsten glaubw\u00fcrdig erscheinen. Wenn Sie eine Passage von Lorem Ipsum verwenden m\u00f6chten, m\u00fcssen Sie sicher sein, dass in der Mitte des Textes nichts Peinliches verborgen ist. Alle im Internet gefundenen Lorem Ipsum-Generatoren wiederholen bei Bedarf vordefinierte Bl\u00f6cke, sodass dies der einzig wahre (g\u00fcltige) Generator im Internet ist. Verwenden Sie ein W\u00f6rterbuch mit mehr als 200 W\u00f6rtern aus dem Lateinischen.<\/p>\n\r\n\t\t<\/div>\r\n\t<\/div>\r\n<div class=\"w-separator size_custom\" style=\"height:20px;\"><\/div><div class=\"w-btn-wrapper width_auto align_center\"><a class=\"w-btn us-btn-style_1\" href=\"#presupuesto\"><span class=\"w-btn-label\">Fragen Sie nach dem Budget<\/span><\/a><\/div><\/div><\/div><\/div><div class=\"vc_col-sm-6 wpb_column vc_column_container\"><div class=\"vc_column-inner\"><div class=\"wpb_wrapper\"><div class=\"w-image align_center\"><div class=\"w-image-h\"><img width=\"960\" height=\"720\" src=\"https:\/\/sipm.es\/wp-content\/uploads\/2020\/11\/cortinas-cristal-terrazas.jpg\" class=\"attachment-large size-large\" alt=\"\" loading=\"lazy\" srcset=\"https:\/\/sipm.es\/wp-content\/uploads\/2020\/11\/cortinas-cristal-terrazas.jpg 960w, https:\/\/sipm.es\/wp-content\/uploads\/2020\/11\/cortinas-cristal-terrazas-300x225.jpg 300w\" sizes=\"(max-width: 960px) 100vw, 960px\" \/><\/div><\/div><\/div><\/div><\/div><\/div><\/div><\/div><\/div><\/div><\/div><\/section><section class=\"l-section wpb_row height_medium\" id=\"presupuesto\"><div class=\"l-section-h i-cf\"><div class=\"g-cols vc_row type_default valign_top\"><div class=\"vc_col-sm-12 wpb_column vc_column_container\"><div class=\"vc_column-inner\"><div class=\"wpb_wrapper\"><div class=\"w-form for_cform us_form_1\">\r\n\t<form class=\"w-form-h\" autocomplete=\"off\" action=\"https:\/\/sipm.es\/de\/wp-json\/wp\/v2\/pages\/8034\" method=\"post\">\r\n\t\t\t\t<div class=\"w-form-row for_text\">\r\n\t\t<div class=\"w-form-row-field\">\r\n\t\t\t\t<input type=\"text\" name=\"us_form_1_text_1\" aria-label=\"Name\" value=\"\" placeholder=\"Name\"\/>\r\n\t\t<span class=\"w-form-row-field-bar\"><\/span>\r\n\t\t\t<\/div>\r\n\t\t<div class=\"w-form-row-state\">Bitte f\u00fcllen Sie dieses Feld aus<\/div>\r\n<\/div>\r\n\t\t<div class=\"w-form-row for_email\">\r\n\t\t<div class=\"w-form-row-field\">\r\n\t\t\t\t<input type=\"email\" name=\"us_form_1_email_1\" aria-label=\"Email\" value=\"\" placeholder=\"Email\"\/>\r\n\t\t<span class=\"w-form-row-field-bar\"><\/span>\r\n\t\t\t<\/div>\r\n\t\t<div class=\"w-form-row-state\">Bitte gib eine g\u00fcltige E-Mail-Adresse ein.<\/div>\r\n<\/div>\r\n\t\t<div class=\"w-form-row for_text required\">\r\n\t\t<div class=\"w-form-row-field\">\r\n\t\t\t\t<input type=\"text\" name=\"us_form_1_text_2\" aria-label=\"Telefon\" value=\"\" placeholder=\"Telefon *\" data-required=\"true\" aria-required=\"true\"\/>\r\n\t\t<span class=\"w-form-row-field-bar\"><\/span>\r\n\t\t\t<\/div>\r\n\t\t<div class=\"w-form-row-state\">Bitte f\u00fcllen Sie dieses Feld aus<\/div>\r\n<\/div>\r\n\t\t<div class=\"w-form-row for_select\">\r\n\t\t<div class=\"w-form-row-field\">\r\n\t\t\t\t<select  name=\"us_form_1_select_1\" aria-label=\"us_form_1_select_1\">\r\n\t\t\t<option value=\"Zimmerei\">Zimmerei<\/option><option value=\"Installation\">Installation<\/option><option value=\"Elektrizit\u00e4t\">Elektrizit\u00e4t<\/option><option value=\"Aluminium\">Aluminium<\/option>\t\t<\/select>\r\n\t\t<span class=\"w-form-row-field-bar\"><\/span>\r\n\t\t\t<\/div>\r\n\t\t<div class=\"w-form-row-state\">W\u00e4hle eine Option<\/div>\r\n<\/div>\r\n\t\t<div class=\"w-form-row for_textarea\">\r\n\t\t<div class=\"w-form-row-field\">\r\n\t\t\t\t<textarea  name=\"us_form_1_textarea_1\" aria-label=\"Botschaft\" placeholder=\"Botschaft\"><\/textarea>\r\n\t\t<span class=\"w-form-row-field-bar\"><\/span>\r\n\t\t\t<\/div>\r\n\t\t<div class=\"w-form-row-state\">Bitte f\u00fcllen Sie dieses Feld aus<\/div>\r\n<\/div>\r\n\t\t<input type=\"hidden\" name=\"action\" value=\"us_ajax_cform\" \/>\r\n\t\t<input type=\"hidden\" name=\"post_id\" value=\"8034\" \/>\r\n\t\t<input type=\"hidden\" name=\"form_index\" value=\"1\" \/>\r\n\t\t<div class=\"w-form-row for_submit align_left\">\r\n\t<div class=\"w-form-row-field\">\r\n\t\t\t\t<button class=\"w-btn  us-btn-style_1\"  style=\"font-size:16px;\" type=\"submit\" aria-label=\"Fragen Sie nach dem Budget\">\r\n\t\t\t<span class=\"g-preloader type_1\"><\/span>\r\n\t\t\t\t\t\t<span class=\"w-btn-label\">Fragen Sie nach dem Budget<\/span>\r\n\t\t\t\t\t<\/button>\r\n\t<\/div>\r\n<\/div>\r\n\t\t\t\t<div class=\"w-form-message\"><\/div>\r\n\t\t\t<\/form>\r\n\t<div class=\"w-form-json hidden\" onclick='return {&quot;ajaxurl&quot;:&quot;https:\\\/\\\/sipm.es\\\/wp-admin\\\/admin-ajax.php&quot;}'><\/div>\r\n<\/div><\/div><\/div><\/div><\/div><\/div><\/section>\n","protected":false},"excerpt":{"rendered":"[vc_custom_heading text=\"Multi-Services\" font_container=\"tag:h1|font_size:60|text_align:center|color:%23ffffff\" use_theme_fonts=\"yes\"][vc_custom_heading text=\"Zimmerei\" font_container=\"tag:h2|text_align:center\" use_theme_fonts=\"yes\"] Die Holzbearbeitung ist eine der \u00e4ltesten menschlichen Aktivit\u00e4ten, daher hat jede Kultur und Region unterschiedliche Methoden und Werkzeuge, um dieses Material zu bearbeiten. Die Person, die in der Tischlerei arbeitet, ist der Schreiner. Seine Arbeit besteht aus dem Schneiden, Formen und Herstellen von Holzst\u00fccken f\u00fcr den Bau von...","protected":false},"author":3,"featured_media":0,"parent":0,"menu_order":0,"comment_status":"closed","ping_status":"closed","template":"","meta":[],"yoast_head":"<!-- This site is optimized with the Yoast SEO plugin v17.0 - https:\/\/yoast.com\/wordpress\/plugins\/seo\/ -->\n<title>Multi-Services - Empresa de Servicios Sipm<\/title>\n<meta name=\"robots\" content=\"index, follow, max-snippet:-1, max-image-preview:large, max-video-preview:-1\" \/>\n<link rel=\"canonical\" href=\"https:\/\/sipm.es\/de\/multi-services\/\" \/>\n<meta property=\"og:locale\" content=\"de_DE\" \/>\n<meta property=\"og:type\" content=\"article\" \/>\n<meta property=\"og:title\" content=\"Multi-Services - Empresa de Servicios Sipm\" \/>\n<meta property=\"og:url\" content=\"https:\/\/sipm.es\/de\/multi-services\/\" \/>\n<meta property=\"og:site_name\" content=\"Empresa de Servicios Sipm\" \/>\n<meta property=\"article:modified_time\" content=\"2021-01-11T12:00:33+00:00\" \/>\n<meta name=\"twitter:card\" content=\"summary_large_image\" \/>\n<meta name=\"twitter:label1\" content=\"Gesch\u00e4tzte Lesezeit\" \/>\n\t<meta name=\"twitter:data1\" content=\"4\u00a0Minuten\" \/>\n<script type=\"application\/ld+json\" class=\"yoast-schema-graph\">{\"@context\":\"https:\/\/schema.org\",\"@graph\":[{\"@type\":\"Organization\",\"@id\":\"https:\/\/sipm.es\/de\/#organization\",\"name\":\"Sipm Toldos y Reformas\",\"url\":\"https:\/\/sipm.es\/de\/\",\"sameAs\":[],\"logo\":{\"@type\":\"ImageObject\",\"@id\":\"https:\/\/sipm.es\/de\/#logo\",\"inLanguage\":\"de\",\"url\":\"https:\/\/sipm.es\/wp-content\/uploads\/2017\/07\/logo-pagina-web.png\",\"contentUrl\":\"https:\/\/sipm.es\/wp-content\/uploads\/2017\/07\/logo-pagina-web.png\",\"width\":500,\"height\":323,\"caption\":\"Sipm Toldos y Reformas\"},\"image\":{\"@id\":\"https:\/\/sipm.es\/de\/#logo\"}},{\"@type\":\"WebSite\",\"@id\":\"https:\/\/sipm.es\/de\/#website\",\"url\":\"https:\/\/sipm.es\/de\/\",\"name\":\"Mantenimiento y Montaje de Toldos\",\"description\":\"Construcci\\u00f3n, Reformas, Venta y Alquiler de Viviendas\",\"publisher\":{\"@id\":\"https:\/\/sipm.es\/de\/#organization\"},\"potentialAction\":[{\"@type\":\"SearchAction\",\"target\":{\"@type\":\"EntryPoint\",\"urlTemplate\":\"https:\/\/sipm.es\/de\/?s={search_term_string}\"},\"query-input\":\"required name=search_term_string\"}],\"inLanguage\":\"de\"},{\"@type\":\"WebPage\",\"@id\":\"https:\/\/sipm.es\/de\/multi-services\/#webpage\",\"url\":\"https:\/\/sipm.es\/de\/multi-services\/\",\"name\":\"Multi-Services - Empresa de Servicios Sipm\",\"isPartOf\":{\"@id\":\"https:\/\/sipm.es\/de\/#website\"},\"datePublished\":\"2021-01-11T11:51:33+00:00\",\"dateModified\":\"2021-01-11T12:00:33+00:00\",\"breadcrumb\":{\"@id\":\"https:\/\/sipm.es\/de\/multi-services\/#breadcrumb\"},\"inLanguage\":\"de\",\"potentialAction\":[{\"@type\":\"ReadAction\",\"target\":[\"https:\/\/sipm.es\/de\/multi-services\/\"]}]},{\"@type\":\"BreadcrumbList\",\"@id\":\"https:\/\/sipm.es\/de\/multi-services\/#breadcrumb\",\"itemListElement\":[{\"@type\":\"ListItem\",\"position\":1,\"name\":\"Portada\",\"item\":\"https:\/\/sipm.es\/de\/\"},{\"@type\":\"ListItem\",\"position\":2,\"name\":\"Multi-Services\"}]}]}<\/script>\n<!-- \/ Yoast SEO plugin. -->","yoast_head_json":{"title":"Multi-Services - Empresa de Servicios Sipm","robots":{"index":"index","follow":"follow","max-snippet":"max-snippet:-1","max-image-preview":"max-image-preview:large","max-video-preview":"max-video-preview:-1"},"canonical":"https:\/\/sipm.es\/de\/multi-services\/","og_locale":"de_DE","og_type":"article","og_title":"Multi-Services - Empresa de Servicios Sipm","og_url":"https:\/\/sipm.es\/de\/multi-services\/","og_site_name":"Empresa de Servicios Sipm","article_modified_time":"2021-01-11T12:00:33+00:00","twitter_card":"summary_large_image","twitter_misc":{"Gesch\u00e4tzte Lesezeit":"4\u00a0Minuten"},"schema":{"@context":"https:\/\/schema.org","@graph":[{"@type":"Organization","@id":"https:\/\/sipm.es\/de\/#organization","name":"Sipm Toldos y Reformas","url":"https:\/\/sipm.es\/de\/","sameAs":[],"logo":{"@type":"ImageObject","@id":"https:\/\/sipm.es\/de\/#logo","inLanguage":"de","url":"https:\/\/sipm.es\/wp-content\/uploads\/2017\/07\/logo-pagina-web.png","contentUrl":"https:\/\/sipm.es\/wp-content\/uploads\/2017\/07\/logo-pagina-web.png","width":500,"height":323,"caption":"Sipm Toldos y Reformas"},"image":{"@id":"https:\/\/sipm.es\/de\/#logo"}},{"@type":"WebSite","@id":"https:\/\/sipm.es\/de\/#website","url":"https:\/\/sipm.es\/de\/","name":"Mantenimiento y Montaje de Toldos","description":"Construcci\u00f3n, Reformas, Venta y Alquiler de Viviendas","publisher":{"@id":"https:\/\/sipm.es\/de\/#organization"},"potentialAction":[{"@type":"SearchAction","target":{"@type":"EntryPoint","urlTemplate":"https:\/\/sipm.es\/de\/?s={search_term_string}"},"query-input":"required name=search_term_string"}],"inLanguage":"de"},{"@type":"WebPage","@id":"https:\/\/sipm.es\/de\/multi-services\/#webpage","url":"https:\/\/sipm.es\/de\/multi-services\/","name":"Multi-Services - Empresa de Servicios Sipm","isPartOf":{"@id":"https:\/\/sipm.es\/de\/#website"},"datePublished":"2021-01-11T11:51:33+00:00","dateModified":"2021-01-11T12:00:33+00:00","breadcrumb":{"@id":"https:\/\/sipm.es\/de\/multi-services\/#breadcrumb"},"inLanguage":"de","potentialAction":[{"@type":"ReadAction","target":["https:\/\/sipm.es\/de\/multi-services\/"]}]},{"@type":"BreadcrumbList","@id":"https:\/\/sipm.es\/de\/multi-services\/#breadcrumb","itemListElement":[{"@type":"ListItem","position":1,"name":"Portada","item":"https:\/\/sipm.es\/de\/"},{"@type":"ListItem","position":2,"name":"Multi-Services"}]}]}},"_links":{"self":[{"href":"https:\/\/sipm.es\/de\/wp-json\/wp\/v2\/pages\/8034"}],"collection":[{"href":"https:\/\/sipm.es\/de\/wp-json\/wp\/v2\/pages"}],"about":[{"href":"https:\/\/sipm.es\/de\/wp-json\/wp\/v2\/types\/page"}],"author":[{"embeddable":true,"href":"https:\/\/sipm.es\/de\/wp-json\/wp\/v2\/users\/3"}],"replies":[{"embeddable":true,"href":"https:\/\/sipm.es\/de\/wp-json\/wp\/v2\/comments?post=8034"}],"version-history":[{"count":2,"href":"https:\/\/sipm.es\/de\/wp-json\/wp\/v2\/pages\/8034\/revisions"}],"predecessor-version":[{"id":8084,"href":"https:\/\/sipm.es\/de\/wp-json\/wp\/v2\/pages\/8034\/revisions\/8084"}],"wp:attachment":[{"href":"https:\/\/sipm.es\/de\/wp-json\/wp\/v2\/media?parent=8034"}],"curies":[{"name":"wp","href":"https:\/\/api.w.org\/{rel}","templated":true}]}}